{"id":165,"date":"2021-11-13T07:17:26","date_gmt":"2021-11-13T07:17:26","guid":{"rendered":"https:\/\/enacting-project.eu\/?page_id=165"},"modified":"2021-11-13T07:21:04","modified_gmt":"2021-11-13T07:21:04","slug":"jugend","status":"publish","type":"page","link":"https:\/\/enacting-project.eu\/de\/jugend\/","title":{"rendered":"Jugend- &#038; Kulturprojekt e.V."},"content":{"rendered":"<div id=\"modal-ready\"><div class=\"vc_row wpb_row vc_row-fluid\"><div class=\"wpb_column vc_column_container vc_col-sm-12\"><div class=\"vc_column-inner\"><div class=\"wpb_wrapper\">\n\t<div class=\"wpb_text_column wpb_content_element\" >\n\t\t<div class=\"wpb_wrapper\">\n\t\t\t<p>Der Jugend- &amp; Kulturprojekt e.V. (JKPeV) wurde 2004 mit dem Ziel gegr\u00fcndet, jungen Menschen und Erwachsenen die M\u00f6glichkeit zu geben, ihre sozialen und beruflichen F\u00e4higkeiten weiterzuentwickeln und ihre Kreativit\u00e4t und ihren Unternehmergeist durch non-formale Lernmethoden, digitale Medien, verschiedene Formen der Kunst und durch interkulturellen Dialog zu f\u00f6rdern. Als Koordinator mehrerer europ\u00e4isch gef\u00f6rderter Projekte hat es seinen Sitz in Dresden, Deutschland. Der JKPeV widmet sich der F\u00f6rderung des aktiven B\u00fcrgerengagements und der Werte der Europ\u00e4ischen Union. Der Verein tr\u00e4gt zudem zur kulturellen Bereicherung der Stadt Dresden bei, indem er internationale, sparten\u00fcbergreifende k\u00fcnstlerische Aktivit\u00e4ten und Veranstaltungen durchf\u00fchrt.<\/p>\n\n\t\t<\/div>\n\t<\/div>\n\n\t<div class=\"wpb_text_column wpb_content_element\" >\n\t\t<div class=\"wpb_wrapper\">\n\t\t\t<p><a href=\"https:\/\/www.jkpev.de\/en\/\" target=\"_blank\" rel=\"noopener\">Besuche unsere Website<\/a><\/p>\n\n\t\t<\/div>\n\t<\/div>\n<\/div><\/div><\/div><\/div>\n<\/div>","protected":false},"excerpt":{"rendered":null,"protected":false},"author":1,"featured_media":0,"parent":0,"menu_order":0,"comment_status":"closed","ping_status":"closed","template":"page-full.php","meta":{"footnotes":""},"yoast_head":"<!-- This site is optimized with the Yoast SEO plugin v22.6 - https:\/\/yoast.com\/wordpress\/plugins\/seo\/ -->\n<title>Jugend- &amp; Kulturprojekt e.V. | Enacting<\/title>\n<meta name=\"robots\" content=\"index, follow, max-snippet:-1, max-image-preview:large, max-video-preview:-1\" \/>\n<link rel=\"canonical\" href=\"https:\/\/enacting-project.eu\/de\/jugend\/\" \/>\n<meta property=\"og:locale\" content=\"de_DE\" \/>\n<meta property=\"og:type\" content=\"article\" \/>\n<meta property=\"og:title\" content=\"Jugend- &amp; Kulturprojekt e.V. | Enacting\" \/>\n<meta property=\"og:url\" content=\"https:\/\/enacting-project.eu\/de\/jugend\/\" \/>\n<meta property=\"og:site_name\" content=\"Enacting\" \/>\n<meta property=\"article:modified_time\" content=\"2021-11-13T07:21:04+00:00\" \/>\n<meta name=\"twitter:card\" content=\"summary_large_image\" \/>\n<meta name=\"twitter:label1\" content=\"Gesch\u00e4tzte Lesezeit\" \/>\n\t<meta name=\"twitter:data1\" content=\"1\u00a0Minute\" \/>\n<script type=\"application\/ld+json\" class=\"yoast-schema-graph\">{\"@context\":\"https:\/\/schema.org\",\"@graph\":[{\"@type\":\"WebPage\",\"@id\":\"https:\/\/enacting-project.eu\/jugend\/\",\"url\":\"https:\/\/enacting-project.eu\/jugend\/\",\"name\":\"Jugend- & Kulturprojekt e.V. | Enacting\",\"isPartOf\":{\"@id\":\"https:\/\/enacting-project.eu\/#website\"},\"datePublished\":\"2021-11-13T07:17:26+00:00\",\"dateModified\":\"2021-11-13T07:21:04+00:00\",\"breadcrumb\":{\"@id\":\"https:\/\/enacting-project.eu\/jugend\/#breadcrumb\"},\"inLanguage\":\"de\",\"potentialAction\":[{\"@type\":\"ReadAction\",\"target\":[\"https:\/\/enacting-project.eu\/jugend\/\"]}]},{\"@type\":\"BreadcrumbList\",\"@id\":\"https:\/\/enacting-project.eu\/jugend\/#breadcrumb\",\"itemListElement\":[{\"@type\":\"ListItem\",\"position\":1,\"name\":\"Home\",\"item\":\"https:\/\/enacting-project.eu\/\"},{\"@type\":\"ListItem\",\"position\":2,\"name\":\"Jugend- &#038; Kulturprojekt e.V.\"}]},{\"@type\":\"WebSite\",\"@id\":\"https:\/\/enacting-project.eu\/#website\",\"url\":\"https:\/\/enacting-project.eu\/\",\"name\":\"Enacting\",\"description\":\"Just another WordPress site\",\"publisher\":{\"@id\":\"https:\/\/enacting-project.eu\/#organization\"},\"potentialAction\":[{\"@type\":\"SearchAction\",\"target\":{\"@type\":\"EntryPoint\",\"urlTemplate\":\"https:\/\/enacting-project.eu\/?s={search_term_string}\"},\"query-input\":\"required name=search_term_string\"}],\"inLanguage\":\"de\"},{\"@type\":\"Organization\",\"@id\":\"https:\/\/enacting-project.eu\/#organization\",\"name\":\"Enacting\",\"url\":\"https:\/\/enacting-project.eu\/\",\"logo\":{\"@type\":\"ImageObject\",\"inLanguage\":\"de\",\"@id\":\"https:\/\/enacting-project.eu\/#\/schema\/logo\/image\/\",\"url\":\"http:\/\/enacting-project.eu\/wp-content\/uploads\/2021\/07\/logo.png\",\"contentUrl\":\"http:\/\/enacting-project.eu\/wp-content\/uploads\/2021\/07\/logo.png\",\"width\":156,\"height\":100,\"caption\":\"Enacting\"},\"image\":{\"@id\":\"https:\/\/enacting-project.eu\/#\/schema\/logo\/image\/\"}}]}<\/script>\n<!-- \/ Yoast SEO plugin. -->","yoast_head_json":{"title":"Jugend- & Kulturprojekt e.V. | Enacting","robots":{"index":"index","follow":"follow","max-snippet":"max-snippet:-1","max-image-preview":"max-image-preview:large","max-video-preview":"max-video-preview:-1"},"canonical":"https:\/\/enacting-project.eu\/de\/jugend\/","og_locale":"de_DE","og_type":"article","og_title":"Jugend- & Kulturprojekt e.V. | Enacting","og_url":"https:\/\/enacting-project.eu\/de\/jugend\/","og_site_name":"Enacting","article_modified_time":"2021-11-13T07:21:04+00:00","twitter_card":"summary_large_image","twitter_misc":{"Gesch\u00e4tzte Lesezeit":"1\u00a0Minute"},"schema":{"@context":"https:\/\/schema.org","@graph":[{"@type":"WebPage","@id":"https:\/\/enacting-project.eu\/jugend\/","url":"https:\/\/enacting-project.eu\/jugend\/","name":"Jugend- & Kulturprojekt e.V. | Enacting","isPartOf":{"@id":"https:\/\/enacting-project.eu\/#website"},"datePublished":"2021-11-13T07:17:26+00:00","dateModified":"2021-11-13T07:21:04+00:00","breadcrumb":{"@id":"https:\/\/enacting-project.eu\/jugend\/#breadcrumb"},"inLanguage":"de","potentialAction":[{"@type":"ReadAction","target":["https:\/\/enacting-project.eu\/jugend\/"]}]},{"@type":"BreadcrumbList","@id":"https:\/\/enacting-project.eu\/jugend\/#breadcrumb","itemListElement":[{"@type":"ListItem","position":1,"name":"Home","item":"https:\/\/enacting-project.eu\/"},{"@type":"ListItem","position":2,"name":"Jugend- &#038; Kulturprojekt e.V."}]},{"@type":"WebSite","@id":"https:\/\/enacting-project.eu\/#website","url":"https:\/\/enacting-project.eu\/","name":"Enacting","description":"Just another WordPress site","publisher":{"@id":"https:\/\/enacting-project.eu\/#organization"},"potentialAction":[{"@type":"SearchAction","target":{"@type":"EntryPoint","urlTemplate":"https:\/\/enacting-project.eu\/?s={search_term_string}"},"query-input":"required name=search_term_string"}],"inLanguage":"de"},{"@type":"Organization","@id":"https:\/\/enacting-project.eu\/#organization","name":"Enacting","url":"https:\/\/enacting-project.eu\/","logo":{"@type":"ImageObject","inLanguage":"de","@id":"https:\/\/enacting-project.eu\/#\/schema\/logo\/image\/","url":"http:\/\/enacting-project.eu\/wp-content\/uploads\/2021\/07\/logo.png","contentUrl":"http:\/\/enacting-project.eu\/wp-content\/uploads\/2021\/07\/logo.png","width":156,"height":100,"caption":"Enacting"},"image":{"@id":"https:\/\/enacting-project.eu\/#\/schema\/logo\/image\/"}}]}},"_links":{"self":[{"href":"https:\/\/enacting-project.eu\/de\/wp-json\/wp\/v2\/pages\/165"}],"collection":[{"href":"https:\/\/enacting-project.eu\/de\/wp-json\/wp\/v2\/pages"}],"about":[{"href":"https:\/\/enacting-project.eu\/de\/wp-json\/wp\/v2\/types\/page"}],"author":[{"embeddable":true,"href":"https:\/\/enacting-project.eu\/de\/wp-json\/wp\/v2\/users\/1"}],"replies":[{"embeddable":true,"href":"https:\/\/enacting-project.eu\/de\/wp-json\/wp\/v2\/comments?post=165"}],"version-history":[{"count":0,"href":"https:\/\/enacting-project.eu\/de\/wp-json\/wp\/v2\/pages\/165\/revisions"}],"wp:attachment":[{"href":"https:\/\/enacting-project.eu\/de\/wp-json\/wp\/v2\/media?parent=165"}],"curies":[{"name":"wp","href":"https:\/\/api.w.org\/{rel}","templated":true}]}}