{"id":335,"date":"2022-10-08T19:05:21","date_gmt":"2022-10-08T18:05:21","guid":{"rendered":"https:\/\/enacting-project.eu\/?page_id=335"},"modified":"2023-07-17T15:39:33","modified_gmt":"2023-07-17T14:39:33","slug":"participatory-media-lab","status":"publish","type":"page","link":"https:\/\/enacting-project.eu\/de\/participatory-media-lab\/","title":{"rendered":"Participatory Media Lab"},"content":{"rendered":"<div id=\"modal-ready\"><div class=\"vc_row wpb_row vc_row-fluid\"><div class=\"wpb_column vc_column_container vc_col-sm-12\"><div class=\"vc_column-inner\"><div class=\"wpb_wrapper\">\n\t<div class=\"wpb_text_column wpb_content_element\" >\n\t\t<div class=\"wpb_wrapper\">\n\t\t\t<p>Willkommen im ENACTING Participatory Media Lab! Wir freuen uns, dir hier eine leicht zug\u00e4ngliche Plattform zu bieten, auf der du deine sozialdokumentarischen Filme pr\u00e4sentieren kannst, die du im Rahmen des ENACTING Projekts und unseres kostenlosen ENACTING Online-Kurses erstellt hast. Unser virtueller Raum bietet dir eine einzigartige Gelegenheit, dich mit ZuschauerInnen und TeilnehmerInnen aus der ganzen Welt sowie mit ExpertInnen f\u00fcr gesellschaftsrelevante Themen auszutauschen. Entdecke eine F\u00fclle von Ressourcen im Participatory Media Lab, darunter unsere Mediathek, in der du Interviews mit professionellen FilmemacherInnen sowie eingereichte Dokumentarfilme findest. Au\u00dferdem erh\u00e4ltst du Informationen \u00fcber unsere <strong><a class=\"waffle-rich-text-link\" href=\"https:\/\/enacting-project.eu\/de\/challenges\/\">Challenges<\/a>,<\/strong> Zugang zum <strong><a href=\"https:\/\/enacting-project.eu\/de\/community\/\">ENACTING Forum<\/a> <\/strong>und Details \u00fcber das kommende<strong> <a class=\"waffle-rich-text-link\" href=\"https:\/\/enacting-project.eu\/de\/digital-festival\/\">ENACTING Digital Film Festival<\/a><\/strong>. Du hast noch nie einen sozialdokumentarischen Film gedreht, m\u00f6chtest aber lernen, wie das geht? Kein Problem! In unserem KOSTENLOSEN ENACTING-Online-Kurs lernst du alles, was du von der Vorproduktion bis zur Nachbearbeitung wissen musst, damit du deinen eigenen Dokumentarfilm \u00fcber ein gesellschaftrelevantes Thema in deiner Gemeinde drehen kannst. Folge uns auf <a class=\"waffle-rich-text-link\" href=\"https:\/\/www.facebook.com\/ENACTINGProjectEU\/\"><strong>Facebook<\/strong><\/a>, damit du keine Veranstaltung verpasst! Wir freuen uns darauf, dich auf deinem Weg zu begleiten und mit der Kunst des Dokumentarfilmens etwas in deiner Gemeinde zu bewirken. Lasst uns zusammenarbeiten, um den Film als Werkzeug zu nutzen, um einen sinnvollen Wandel zu bewirken und einen produktiven Dialog zu f\u00fchren.<\/p>\n\n\t\t<\/div>\n\t<\/div>\n<\/div><\/div><\/div><\/div><div class=\"vc_row wpb_row vc_row-fluid\"><div class=\"wpb_column vc_column_container vc_col-sm-12\"><div class=\"vc_column-inner\"><div class=\"wpb_wrapper\"><div class=\"vc_btn3-container vc_btn3-inline\" ><a class=\"vc_general vc_btn3 vc_btn3-size-md vc_btn3-shape-square vc_btn3-style-modern vc_btn3-color-mulled-wine\" href=\"https:\/\/enacting-project.eu\/de\/community\/\" title=\"\">Participatory Media Lab<\/a><\/div><\/div><\/div><\/div><\/div><div class=\"vc_row wpb_row vc_row-fluid\"><div class=\"wpb_column vc_column_container vc_col-sm-12\"><div class=\"vc_column-inner\"><div class=\"wpb_wrapper\">\n\t<div  class=\"wpb_single_image wpb_content_element vc_align_center\">\n\t\t\n\t\t<figure class=\"wpb_wrapper vc_figure\">\n\t\t\t<div class=\"vc_single_image-wrapper   vc_box_border_grey\"><img width=\"300\" height=\"105\" src=\"https:\/\/enacting-project.eu\/wp-content\/uploads\/2023\/07\/by-nc-sa-300x105.png\" class=\"vc_single_image-img attachment-medium\" alt=\"by nc sa\" decoding=\"async\" loading=\"lazy\" srcset=\"https:\/\/enacting-project.eu\/wp-content\/uploads\/2023\/07\/by-nc-sa-300x105.png 300w, https:\/\/enacting-project.eu\/wp-content\/uploads\/2023\/07\/by-nc-sa-18x6.png 18w, https:\/\/enacting-project.eu\/wp-content\/uploads\/2023\/07\/by-nc-sa.png 403w\" sizes=\"(max-width: 300px) 100vw, 300px\" \/><\/div>\n\t\t<\/figure>\n\t<\/div>\n<\/div><\/div><\/div><\/div>\n<\/div>","protected":false},"excerpt":{"rendered":null,"protected":false},"author":1,"featured_media":0,"parent":0,"menu_order":0,"comment_status":"closed","ping_status":"closed","template":"page-full.php","meta":{"footnotes":""},"yoast_head":"<!-- This site is optimized with the Yoast SEO plugin v22.6 - https:\/\/yoast.com\/wordpress\/plugins\/seo\/ -->\n<title>Participatory Media Lab | Enacting<\/title>\n<meta name=\"robots\" content=\"index, follow, max-snippet:-1, max-image-preview:large, max-video-preview:-1\" \/>\n<link rel=\"canonical\" href=\"https:\/\/enacting-project.eu\/de\/participatory-media-lab\/\" \/>\n<meta property=\"og:locale\" content=\"de_DE\" \/>\n<meta property=\"og:type\" content=\"article\" \/>\n<meta property=\"og:title\" content=\"Participatory Media Lab | Enacting\" \/>\n<meta property=\"og:url\" content=\"https:\/\/enacting-project.eu\/de\/participatory-media-lab\/\" \/>\n<meta property=\"og:site_name\" content=\"Enacting\" \/>\n<meta property=\"article:modified_time\" content=\"2023-07-17T14:39:33+00:00\" \/>\n<meta name=\"twitter:card\" content=\"summary_large_image\" \/>\n<meta name=\"twitter:label1\" content=\"Gesch\u00e4tzte Lesezeit\" \/>\n\t<meta name=\"twitter:data1\" content=\"5\u00a0Minuten\" \/>\n<script type=\"application\/ld+json\" class=\"yoast-schema-graph\">{\"@context\":\"https:\/\/schema.org\",\"@graph\":[{\"@type\":\"WebPage\",\"@id\":\"https:\/\/enacting-project.eu\/participatory-media-lab\/\",\"url\":\"https:\/\/enacting-project.eu\/participatory-media-lab\/\",\"name\":\"Participatory Media Lab | Enacting\",\"isPartOf\":{\"@id\":\"https:\/\/enacting-project.eu\/#website\"},\"datePublished\":\"2022-10-08T18:05:21+00:00\",\"dateModified\":\"2023-07-17T14:39:33+00:00\",\"breadcrumb\":{\"@id\":\"https:\/\/enacting-project.eu\/participatory-media-lab\/#breadcrumb\"},\"inLanguage\":\"de\",\"potentialAction\":[{\"@type\":\"ReadAction\",\"target\":[\"https:\/\/enacting-project.eu\/participatory-media-lab\/\"]}]},{\"@type\":\"BreadcrumbList\",\"@id\":\"https:\/\/enacting-project.eu\/participatory-media-lab\/#breadcrumb\",\"itemListElement\":[{\"@type\":\"ListItem\",\"position\":1,\"name\":\"Home\",\"item\":\"https:\/\/enacting-project.eu\/\"},{\"@type\":\"ListItem\",\"position\":2,\"name\":\"Participatory Media Lab\"}]},{\"@type\":\"WebSite\",\"@id\":\"https:\/\/enacting-project.eu\/#website\",\"url\":\"https:\/\/enacting-project.eu\/\",\"name\":\"Enacting\",\"description\":\"Just another WordPress site\",\"publisher\":{\"@id\":\"https:\/\/enacting-project.eu\/#organization\"},\"potentialAction\":[{\"@type\":\"SearchAction\",\"target\":{\"@type\":\"EntryPoint\",\"urlTemplate\":\"https:\/\/enacting-project.eu\/?s={search_term_string}\"},\"query-input\":\"required name=search_term_string\"}],\"inLanguage\":\"de\"},{\"@type\":\"Organization\",\"@id\":\"https:\/\/enacting-project.eu\/#organization\",\"name\":\"Enacting\",\"url\":\"https:\/\/enacting-project.eu\/\",\"logo\":{\"@type\":\"ImageObject\",\"inLanguage\":\"de\",\"@id\":\"https:\/\/enacting-project.eu\/#\/schema\/logo\/image\/\",\"url\":\"http:\/\/enacting-project.eu\/wp-content\/uploads\/2021\/07\/logo.png\",\"contentUrl\":\"http:\/\/enacting-project.eu\/wp-content\/uploads\/2021\/07\/logo.png\",\"width\":156,\"height\":100,\"caption\":\"Enacting\"},\"image\":{\"@id\":\"https:\/\/enacting-project.eu\/#\/schema\/logo\/image\/\"}}]}<\/script>\n<!-- \/ Yoast SEO plugin. -->","yoast_head_json":{"title":"Participatory Media Lab | Enacting","robots":{"index":"index","follow":"follow","max-snippet":"max-snippet:-1","max-image-preview":"max-image-preview:large","max-video-preview":"max-video-preview:-1"},"canonical":"https:\/\/enacting-project.eu\/de\/participatory-media-lab\/","og_locale":"de_DE","og_type":"article","og_title":"Participatory Media Lab | Enacting","og_url":"https:\/\/enacting-project.eu\/de\/participatory-media-lab\/","og_site_name":"Enacting","article_modified_time":"2023-07-17T14:39:33+00:00","twitter_card":"summary_large_image","twitter_misc":{"Gesch\u00e4tzte Lesezeit":"5\u00a0Minuten"},"schema":{"@context":"https:\/\/schema.org","@graph":[{"@type":"WebPage","@id":"https:\/\/enacting-project.eu\/participatory-media-lab\/","url":"https:\/\/enacting-project.eu\/participatory-media-lab\/","name":"Participatory Media Lab | Enacting","isPartOf":{"@id":"https:\/\/enacting-project.eu\/#website"},"datePublished":"2022-10-08T18:05:21+00:00","dateModified":"2023-07-17T14:39:33+00:00","breadcrumb":{"@id":"https:\/\/enacting-project.eu\/participatory-media-lab\/#breadcrumb"},"inLanguage":"de","potentialAction":[{"@type":"ReadAction","target":["https:\/\/enacting-project.eu\/participatory-media-lab\/"]}]},{"@type":"BreadcrumbList","@id":"https:\/\/enacting-project.eu\/participatory-media-lab\/#breadcrumb","itemListElement":[{"@type":"ListItem","position":1,"name":"Home","item":"https:\/\/enacting-project.eu\/"},{"@type":"ListItem","position":2,"name":"Participatory Media Lab"}]},{"@type":"WebSite","@id":"https:\/\/enacting-project.eu\/#website","url":"https:\/\/enacting-project.eu\/","name":"Enacting","description":"Just another WordPress site","publisher":{"@id":"https:\/\/enacting-project.eu\/#organization"},"potentialAction":[{"@type":"SearchAction","target":{"@type":"EntryPoint","urlTemplate":"https:\/\/enacting-project.eu\/?s={search_term_string}"},"query-input":"required name=search_term_string"}],"inLanguage":"de"},{"@type":"Organization","@id":"https:\/\/enacting-project.eu\/#organization","name":"Enacting","url":"https:\/\/enacting-project.eu\/","logo":{"@type":"ImageObject","inLanguage":"de","@id":"https:\/\/enacting-project.eu\/#\/schema\/logo\/image\/","url":"http:\/\/enacting-project.eu\/wp-content\/uploads\/2021\/07\/logo.png","contentUrl":"http:\/\/enacting-project.eu\/wp-content\/uploads\/2021\/07\/logo.png","width":156,"height":100,"caption":"Enacting"},"image":{"@id":"https:\/\/enacting-project.eu\/#\/schema\/logo\/image\/"}}]}},"_links":{"self":[{"href":"https:\/\/enacting-project.eu\/de\/wp-json\/wp\/v2\/pages\/335"}],"collection":[{"href":"https:\/\/enacting-project.eu\/de\/wp-json\/wp\/v2\/pages"}],"about":[{"href":"https:\/\/enacting-project.eu\/de\/wp-json\/wp\/v2\/types\/page"}],"author":[{"embeddable":true,"href":"https:\/\/enacting-project.eu\/de\/wp-json\/wp\/v2\/users\/1"}],"replies":[{"embeddable":true,"href":"https:\/\/enacting-project.eu\/de\/wp-json\/wp\/v2\/comments?post=335"}],"version-history":[{"count":0,"href":"https:\/\/enacting-project.eu\/de\/wp-json\/wp\/v2\/pages\/335\/revisions"}],"wp:attachment":[{"href":"https:\/\/enacting-project.eu\/de\/wp-json\/wp\/v2\/media?parent=335"}],"curies":[{"name":"wp","href":"https:\/\/api.w.org\/{rel}","templated":true}]}}