{"id":349,"date":"2022-10-08T19:53:22","date_gmt":"2022-10-08T18:53:22","guid":{"rendered":"https:\/\/enacting-project.eu\/?page_id=349"},"modified":"2023-07-17T15:41:33","modified_gmt":"2023-07-17T14:41:33","slug":"interviews","status":"publish","type":"page","link":"https:\/\/enacting-project.eu\/de\/interviews\/","title":{"rendered":"Interviews"},"content":{"rendered":"<div id=\"modal-ready\"><div class=\"vc_row wpb_row vc_row-fluid\"><div class=\"wpb_column vc_column_container vc_col-sm-12\"><div class=\"vc_column-inner\"><div class=\"wpb_wrapper\">\n\t<div class=\"wpb_text_column wpb_content_element\" >\n\t\t<div class=\"wpb_wrapper\">\n\t\t\t<p>Du m\u00f6chtest verstehen, was es hei\u00dft, DokumentarfilmerIn zu sein und pers\u00f6nliche Erfahrungen und Ratschl\u00e4ge von Profis entdecken? Dann ist diese Seite genau das Richtige f\u00fcr dich! \nFachleute aus Deutschland, Frankreich, Griechenland und Italien teilen hier ihren Hintergrund und ihre Erfahrungen, die dir helfen werden, deine pers\u00f6nliche Erkundung des Sozialdokumentarfilms zu beginnen. \nJeder von ihnen hat seine eigene Thematik, seine eigene Art zu arbeiten und soziale Themen zu beleuchten. Diese Vielfalt ist auch der Reichtum der k\u00fcnstlerischen Arbeit, also hab keine Angst davor, einen anderen Standpunkt zu haben.<\/p>\n\n\t\t<\/div>\n\t<\/div>\n<\/div><\/div><\/div><\/div><div class=\"vc_row wpb_row vc_row-fluid\"><div class=\"wpb_column vc_column_container vc_col-sm-6\"><div class=\"vc_column-inner\"><div class=\"wpb_wrapper\">\n\t<div class=\"wpb_video_widget wpb_content_element vc_clearfix   vc_video-aspect-ratio-169 vc_video-el-width-100 vc_video-align-center\" >\n\t\t<div class=\"wpb_wrapper\">\n\t\t\t\n\t\t\t<div class=\"wpb_video_wrapper\"><iframe title=\"ENACTING Interview Kostas Lambroulis, SMouTh\" width=\"500\" height=\"281\" src=\"https:\/\/www.youtube.com\/embed\/6NVMnG3o750?feature=oembed\" frameborder=\"0\" allow=\"accelerometer; autoplay; clipboard-write; encrypted-media; gyroscope; picture-in-picture\" allowfullscreen><\/iframe><\/div>\n\t\t<\/div>\n\t<\/div>\n\n\t<div class=\"wpb_text_column wpb_content_element\" >\n\t\t<div class=\"wpb_wrapper\">\n\t\t\t<p><strong>Titel:<\/strong> Interview Costas Lamproulis (SMouTh)<br \/>\n<strong>Stadt und Land:<\/strong> Larissa, Griechenland<br \/>\n<strong>Name und Beruf des Experten:<\/strong> Costas Lamproulis, Filmemacher &#8211; Drehbuchautor &#8211; Regisseur<br \/>\n<strong>Soziales Themenfeld:<\/strong> Aktive B\u00fcrgerschaft<\/p>\n\n\t\t<\/div>\n\t<\/div>\n<\/div><\/div><\/div><div class=\"wpb_column vc_column_container vc_col-sm-6\"><div class=\"vc_column-inner\"><div class=\"wpb_wrapper\">\n\t<div class=\"wpb_video_widget wpb_content_element vc_clearfix   vc_video-aspect-ratio-169 vc_video-el-width-100 vc_video-align-center\" >\n\t\t<div class=\"wpb_wrapper\">\n\t\t\t\n\t\t\t<div class=\"wpb_video_wrapper\"><iframe title=\"ENACTING Interview Martin Zech, JKPeV\" width=\"500\" height=\"281\" src=\"https:\/\/www.youtube.com\/embed\/7aTVruTizBc?feature=oembed\" frameborder=\"0\" allow=\"accelerometer; autoplay; clipboard-write; encrypted-media; gyroscope; picture-in-picture\" allowfullscreen><\/iframe><\/div>\n\t\t<\/div>\n\t<\/div>\n\n\t<div class=\"wpb_text_column wpb_content_element\" >\n\t\t<div class=\"wpb_wrapper\">\n\t\t\t<p><strong>Titel:<\/strong> Interview Martin Zech (JKPeV)<br \/>\n<strong>Stadt und Land:<\/strong> Dresden, Deutschland<br \/>\n<strong>Name und Beruf des Experten:<\/strong> Martin Zech, Filmemacher &#8211; Drehbuchautor &#8211; Regisseur<br \/>\n<strong>Soziales Themenfeld:<\/strong> Reisen und nachhaltiger Lebensstil&#8221;<\/p>\n\n\t\t<\/div>\n\t<\/div>\n<\/div><\/div><\/div><\/div><div class=\"vc_row wpb_row vc_row-fluid\"><div class=\"wpb_column vc_column_container vc_col-sm-6\"><div class=\"vc_column-inner\"><div class=\"wpb_wrapper\">\n\t<div class=\"wpb_video_widget wpb_content_element vc_clearfix   vc_video-aspect-ratio-169 vc_video-el-width-100 vc_video-align-center\" >\n\t\t<div class=\"wpb_wrapper\">\n\t\t\t\n\t\t\t<div class=\"wpb_video_wrapper\"><iframe title=\"Interview Cesare Baccheschi CCC\" width=\"500\" height=\"281\" src=\"https:\/\/www.youtube.com\/embed\/_Y62DA1C10E?feature=oembed\" frameborder=\"0\" allow=\"accelerometer; autoplay; clipboard-write; encrypted-media; gyroscope; picture-in-picture\" allowfullscreen><\/iframe><\/div>\n\t\t<\/div>\n\t<\/div>\n\n\t<div class=\"wpb_text_column wpb_content_element\" >\n\t\t<div class=\"wpb_wrapper\">\n\t\t\t<p><strong>Titel:<\/strong> Interview Cesare Baccheschi (CCC)<br \/>\n<strong>Stadt und Land:<\/strong> Florenz, Italien<br \/>\n<strong>Name und Beruf des Experten:<\/strong> Cesare Baccheschi, Reporter &#8211; Autor &#8211; Regisseur<br \/>\n<strong>Soziales Themenfeld:<\/strong> Die Bedeutung von Information<\/p>\n\n\t\t<\/div>\n\t<\/div>\n<\/div><\/div><\/div><div class=\"wpb_column vc_column_container vc_col-sm-6\"><div class=\"vc_column-inner\"><div class=\"wpb_wrapper\">\n\t<div class=\"wpb_video_widget wpb_content_element vc_clearfix   vc_video-aspect-ratio-169 vc_video-el-width-100 vc_video-align-center\" >\n\t\t<div class=\"wpb_wrapper\">\n\t\t\t\n\t\t\t<div class=\"wpb_video_wrapper\"><iframe title=\"Interview Paleocrassas, ReadLab\" width=\"500\" height=\"281\" src=\"https:\/\/www.youtube.com\/embed\/xF9Xw_wip_Q?start=186&feature=oembed\" frameborder=\"0\" allow=\"accelerometer; autoplay; clipboard-write; encrypted-media; gyroscope; picture-in-picture\" allowfullscreen><\/iframe><\/div>\n\t\t<\/div>\n\t<\/div>\n\n\t<div class=\"wpb_text_column wpb_content_element\" >\n\t\t<div class=\"wpb_wrapper\">\n\t\t\t<p><strong>Titel:<\/strong> Interview Lucas Paleocrassas (ReadLab)<br \/>\n<strong>Stadt und Land:<\/strong> Athen, Griechenland<br \/>\n<strong>Name und Beruf des Experten:<\/strong> Lucas Paleocrassas , Dokumentarfilmer<br \/>\n<strong>Soziales Themenfeld:<\/strong> Bildungssystem&#8221;<\/p>\n\n\t\t<\/div>\n\t<\/div>\n<\/div><\/div><\/div><\/div><div class=\"vc_row wpb_row vc_row-fluid\"><div class=\"wpb_column vc_column_container vc_col-sm-6\"><div class=\"vc_column-inner\"><div class=\"wpb_wrapper\">\n\t<div class=\"wpb_video_widget wpb_content_element vc_clearfix   vc_video-aspect-ratio-169 vc_video-el-width-100 vc_video-align-center\" >\n\t\t<div class=\"wpb_wrapper\">\n\t\t\t\n\t\t\t<div class=\"wpb_video_wrapper\"><iframe title=\"Interview Camille Holtz, TDA\" width=\"500\" height=\"281\" src=\"https:\/\/www.youtube.com\/embed\/okm1w7Mt7Jc?feature=oembed\" frameborder=\"0\" allow=\"accelerometer; autoplay; clipboard-write; encrypted-media; gyroscope; picture-in-picture\" allowfullscreen><\/iframe><\/div>\n\t\t<\/div>\n\t<\/div>\n\n\t<div class=\"wpb_text_column wpb_content_element\" >\n\t\t<div class=\"wpb_wrapper\">\n\t\t\t<p><strong>Titel:<\/strong> Interview Camille Holtz<br \/>\n<strong>Stadt und Land:<\/strong> Marseille, Frankreich<br \/>\n<strong>Name und Beruf der Expertin:<\/strong> Camille Holtz, Filmregisseurin und Fotografin<br \/>\n<strong>Soziales Themenfeld:<\/strong> Jugendliche in l\u00e4ndlichen Gebieten<\/p>\n\n\t\t<\/div>\n\t<\/div>\n<\/div><\/div><\/div><div class=\"wpb_column vc_column_container vc_col-sm-6\"><div class=\"vc_column-inner\"><div class=\"wpb_wrapper\"><\/div><\/div><\/div><\/div><div class=\"vc_row wpb_row vc_row-fluid\"><div class=\"wpb_column vc_column_container vc_col-sm-12\"><div class=\"vc_column-inner\"><div class=\"wpb_wrapper\">\n\t<div  class=\"wpb_single_image wpb_content_element vc_align_center\">\n\t\t\n\t\t<figure class=\"wpb_wrapper vc_figure\">\n\t\t\t<div class=\"vc_single_image-wrapper   vc_box_border_grey\"><img width=\"300\" height=\"105\" src=\"https:\/\/enacting-project.eu\/wp-content\/uploads\/2023\/07\/by-nc-sa-300x105.png\" class=\"vc_single_image-img attachment-medium\" alt=\"by nc sa\" decoding=\"async\" loading=\"lazy\" srcset=\"https:\/\/enacting-project.eu\/wp-content\/uploads\/2023\/07\/by-nc-sa-300x105.png 300w, https:\/\/enacting-project.eu\/wp-content\/uploads\/2023\/07\/by-nc-sa-18x6.png 18w, https:\/\/enacting-project.eu\/wp-content\/uploads\/2023\/07\/by-nc-sa.png 403w\" sizes=\"(max-width: 300px) 100vw, 300px\" \/><\/div>\n\t\t<\/figure>\n\t<\/div>\n<\/div><\/div><\/div><\/div>\n<\/div>","protected":false},"excerpt":{"rendered":null,"protected":false},"author":1,"featured_media":0,"parent":0,"menu_order":0,"comment_status":"closed","ping_status":"closed","template":"page-full.php","meta":{"footnotes":""},"yoast_head":"<!-- This site is optimized with the Yoast SEO plugin v22.6 - https:\/\/yoast.com\/wordpress\/plugins\/seo\/ -->\n<title>Interviews | Enacting<\/title>\n<meta name=\"robots\" content=\"index, follow, max-snippet:-1, max-image-preview:large, max-video-preview:-1\" \/>\n<link rel=\"canonical\" href=\"https:\/\/enacting-project.eu\/de\/interviews\/\" \/>\n<meta property=\"og:locale\" content=\"de_DE\" \/>\n<meta property=\"og:type\" content=\"article\" \/>\n<meta property=\"og:title\" content=\"Interviews | Enacting\" \/>\n<meta property=\"og:url\" content=\"https:\/\/enacting-project.eu\/de\/interviews\/\" \/>\n<meta property=\"og:site_name\" content=\"Enacting\" \/>\n<meta property=\"article:modified_time\" content=\"2023-07-17T14:41:33+00:00\" \/>\n<meta name=\"twitter:card\" content=\"summary_large_image\" \/>\n<meta name=\"twitter:label1\" content=\"Gesch\u00e4tzte Lesezeit\" \/>\n\t<meta name=\"twitter:data1\" content=\"4\u00a0Minuten\" \/>\n<script type=\"application\/ld+json\" class=\"yoast-schema-graph\">{\"@context\":\"https:\/\/schema.org\",\"@graph\":[{\"@type\":\"WebPage\",\"@id\":\"https:\/\/enacting-project.eu\/interviews\/\",\"url\":\"https:\/\/enacting-project.eu\/interviews\/\",\"name\":\"Interviews | Enacting\",\"isPartOf\":{\"@id\":\"https:\/\/enacting-project.eu\/#website\"},\"datePublished\":\"2022-10-08T18:53:22+00:00\",\"dateModified\":\"2023-07-17T14:41:33+00:00\",\"breadcrumb\":{\"@id\":\"https:\/\/enacting-project.eu\/interviews\/#breadcrumb\"},\"inLanguage\":\"de\",\"potentialAction\":[{\"@type\":\"ReadAction\",\"target\":[\"https:\/\/enacting-project.eu\/interviews\/\"]}]},{\"@type\":\"BreadcrumbList\",\"@id\":\"https:\/\/enacting-project.eu\/interviews\/#breadcrumb\",\"itemListElement\":[{\"@type\":\"ListItem\",\"position\":1,\"name\":\"Home\",\"item\":\"https:\/\/enacting-project.eu\/\"},{\"@type\":\"ListItem\",\"position\":2,\"name\":\"Interviews\"}]},{\"@type\":\"WebSite\",\"@id\":\"https:\/\/enacting-project.eu\/#website\",\"url\":\"https:\/\/enacting-project.eu\/\",\"name\":\"Enacting\",\"description\":\"Just another WordPress site\",\"publisher\":{\"@id\":\"https:\/\/enacting-project.eu\/#organization\"},\"potentialAction\":[{\"@type\":\"SearchAction\",\"target\":{\"@type\":\"EntryPoint\",\"urlTemplate\":\"https:\/\/enacting-project.eu\/?s={search_term_string}\"},\"query-input\":\"required name=search_term_string\"}],\"inLanguage\":\"de\"},{\"@type\":\"Organization\",\"@id\":\"https:\/\/enacting-project.eu\/#organization\",\"name\":\"Enacting\",\"url\":\"https:\/\/enacting-project.eu\/\",\"logo\":{\"@type\":\"ImageObject\",\"inLanguage\":\"de\",\"@id\":\"https:\/\/enacting-project.eu\/#\/schema\/logo\/image\/\",\"url\":\"http:\/\/enacting-project.eu\/wp-content\/uploads\/2021\/07\/logo.png\",\"contentUrl\":\"http:\/\/enacting-project.eu\/wp-content\/uploads\/2021\/07\/logo.png\",\"width\":156,\"height\":100,\"caption\":\"Enacting\"},\"image\":{\"@id\":\"https:\/\/enacting-project.eu\/#\/schema\/logo\/image\/\"}}]}<\/script>\n<!-- \/ Yoast SEO plugin. -->","yoast_head_json":{"title":"Interviews | Enacting","robots":{"index":"index","follow":"follow","max-snippet":"max-snippet:-1","max-image-preview":"max-image-preview:large","max-video-preview":"max-video-preview:-1"},"canonical":"https:\/\/enacting-project.eu\/de\/interviews\/","og_locale":"de_DE","og_type":"article","og_title":"Interviews | Enacting","og_url":"https:\/\/enacting-project.eu\/de\/interviews\/","og_site_name":"Enacting","article_modified_time":"2023-07-17T14:41:33+00:00","twitter_card":"summary_large_image","twitter_misc":{"Gesch\u00e4tzte Lesezeit":"4\u00a0Minuten"},"schema":{"@context":"https:\/\/schema.org","@graph":[{"@type":"WebPage","@id":"https:\/\/enacting-project.eu\/interviews\/","url":"https:\/\/enacting-project.eu\/interviews\/","name":"Interviews | Enacting","isPartOf":{"@id":"https:\/\/enacting-project.eu\/#website"},"datePublished":"2022-10-08T18:53:22+00:00","dateModified":"2023-07-17T14:41:33+00:00","breadcrumb":{"@id":"https:\/\/enacting-project.eu\/interviews\/#breadcrumb"},"inLanguage":"de","potentialAction":[{"@type":"ReadAction","target":["https:\/\/enacting-project.eu\/interviews\/"]}]},{"@type":"BreadcrumbList","@id":"https:\/\/enacting-project.eu\/interviews\/#breadcrumb","itemListElement":[{"@type":"ListItem","position":1,"name":"Home","item":"https:\/\/enacting-project.eu\/"},{"@type":"ListItem","position":2,"name":"Interviews"}]},{"@type":"WebSite","@id":"https:\/\/enacting-project.eu\/#website","url":"https:\/\/enacting-project.eu\/","name":"Enacting","description":"Just another WordPress site","publisher":{"@id":"https:\/\/enacting-project.eu\/#organization"},"potentialAction":[{"@type":"SearchAction","target":{"@type":"EntryPoint","urlTemplate":"https:\/\/enacting-project.eu\/?s={search_term_string}"},"query-input":"required name=search_term_string"}],"inLanguage":"de"},{"@type":"Organization","@id":"https:\/\/enacting-project.eu\/#organization","name":"Enacting","url":"https:\/\/enacting-project.eu\/","logo":{"@type":"ImageObject","inLanguage":"de","@id":"https:\/\/enacting-project.eu\/#\/schema\/logo\/image\/","url":"http:\/\/enacting-project.eu\/wp-content\/uploads\/2021\/07\/logo.png","contentUrl":"http:\/\/enacting-project.eu\/wp-content\/uploads\/2021\/07\/logo.png","width":156,"height":100,"caption":"Enacting"},"image":{"@id":"https:\/\/enacting-project.eu\/#\/schema\/logo\/image\/"}}]}},"_links":{"self":[{"href":"https:\/\/enacting-project.eu\/de\/wp-json\/wp\/v2\/pages\/349"}],"collection":[{"href":"https:\/\/enacting-project.eu\/de\/wp-json\/wp\/v2\/pages"}],"about":[{"href":"https:\/\/enacting-project.eu\/de\/wp-json\/wp\/v2\/types\/page"}],"author":[{"embeddable":true,"href":"https:\/\/enacting-project.eu\/de\/wp-json\/wp\/v2\/users\/1"}],"replies":[{"embeddable":true,"href":"https:\/\/enacting-project.eu\/de\/wp-json\/wp\/v2\/comments?post=349"}],"version-history":[{"count":0,"href":"https:\/\/enacting-project.eu\/de\/wp-json\/wp\/v2\/pages\/349\/revisions"}],"wp:attachment":[{"href":"https:\/\/enacting-project.eu\/de\/wp-json\/wp\/v2\/media?parent=349"}],"curies":[{"name":"wp","href":"https:\/\/api.w.org\/{rel}","templated":true}]}}