{"id":598,"date":"2023-04-10T09:45:19","date_gmt":"2023-04-10T08:45:19","guid":{"rendered":"https:\/\/enacting-project.eu\/?page_id=598"},"modified":"2023-07-18T15:14:32","modified_gmt":"2023-07-18T14:14:32","slug":"methodology","status":"publish","type":"page","link":"https:\/\/enacting-project.eu\/de\/methodology\/","title":{"rendered":"Methodology"},"content":{"rendered":"<div id=\"modal-ready\"><div data-vc-full-width=\"true\" data-vc-full-width-init=\"false\" class=\"vc_row wpb_row vc_row-fluid\"><div class=\"wpb_column vc_column_container vc_col-sm-12\"><div class=\"vc_column-inner\"><div class=\"wpb_wrapper\">\n\t<div class=\"wpb_text_column wpb_content_element\" >\n\t\t<div class=\"wpb_wrapper\">\n\t\t\t<h2>Methodik zur Identifizierung lokaler Herausforderungen<\/h2>\n\n\t\t<\/div>\n\t<\/div>\n\n\t<div class=\"wpb_text_column wpb_content_element\" >\n\t\t<div class=\"wpb_wrapper\">\n\t\t\t<p>Die Methodik zur Identifizierung lokaler Herausforderungen im st\u00e4dtischen Umfeld ist ein Leitfaden f\u00fcr die schrittweise Erkundung und Identifizierung lokaler Herausforderungen und Bed\u00fcrfnisse, mit denen Gemeinden im st\u00e4dtischen Umfeld aufgrund sozialer Probleme konfrontiert sind. Sie basiert auf partizipativen Sozialforschungsans\u00e4tzen und beinhaltet die Forschungserfahrung des ENACTING-Projekts. Sie enth\u00e4lt die im Rahmen des Projekts entwickelten Forschungsinstrumente (Desktop Forschungs-Vorlage, Qualitativer Forschungsfragebogen) und schl\u00e4gt vor, wie diese Instrumente am effektivsten eingesetzt werden k\u00f6nnen. Diese Vorgehensweise konzentriert sich auf die sozialwissenschaftliche Forschung, um Material f\u00fcr sozialdoumentarische Filme zu produzieren. Obwohl sie den Grundprinzipien der partizipativen Sozialforschung folgt und auch f\u00fcr andere Zwecke eingesetzt werden kann, liegt ihr Hauptaugenmerk auf der Verkn\u00fcpfung des Sozialen mit dem kreativen Prozess der Herstellung eines k\u00fcnstlerischen Produkts &#8211; dem Dokumentarfilm.<\/p>\n\n\t\t<\/div>\n\t<\/div>\n<div class=\"vc_row wpb_row vc_inner vc_row-fluid vc_custom_1681117490618 vc_row-has-fill vc_row-o-content-middle vc_row-flex\"><div class=\"wpb_column vc_column_container vc_col-sm-1\"><div class=\"vc_column-inner\"><div class=\"wpb_wrapper\"><div class=\"vc_icon_element vc_icon_element-outer vc_icon_element-align-left\"><div class=\"vc_icon_element-inner vc_icon_element-color-pink vc_icon_element-size-lg vc_icon_element-style- vc_icon_element-background-color-grey\" ><span class=\"vc_icon_element-icon fas fa-file-pdf\" ><\/span><\/div><\/div><\/div><\/div><\/div><div class=\"wpb_column vc_column_container vc_col-sm-11\"><div class=\"vc_column-inner\"><div class=\"wpb_wrapper\">\n\t<div class=\"wpb_text_column wpb_content_element\" >\n\t\t<div class=\"wpb_wrapper\">\n\t\t\t<p><a href=\"http:\/\/enacting-project.eu\/wp-content\/uploads\/2023\/07\/IO1_Identification-of-Local-Challenges_final_DE.pdf\" target=\"_blank\" rel=\"noopener\">Download the PDF<\/a><\/p>\n\n\t\t<\/div>\n\t<\/div>\n<\/div><\/div><\/div><\/div><\/div><\/div><\/div><\/div><div class=\"vc_row-full-width vc_clearfix\"><\/div><div class=\"vc_row wpb_row vc_row-fluid\"><div class=\"wpb_column vc_column_container vc_col-sm-12\"><div class=\"vc_column-inner\"><div class=\"wpb_wrapper\">\n\t<div class=\"wpb_text_column wpb_content_element\" >\n\t\t<div class=\"wpb_wrapper\">\n\t\t\t<p><a href=\"https:\/\/enacting-project.eu\/wp-content\/uploads\/2022\/09\/IO1_Summary-Desktop-Research_v1_reviewed_31.05.2022.pdf\" target=\"_blank\" rel=\"noopener\">Download DESKTOP RESEARCH<\/a><\/p>\n<p><a href=\"http:\/\/enacting-project.eu\/wp-content\/uploads\/2022\/09\/ENACTING_Qualitative-Report-Summary.pdf\" target=\"_blank\" rel=\"noopener\">Download QUALITATIVE REPORT SUMMARY<\/a><\/p>\n\n\t\t<\/div>\n\t<\/div>\n<\/div><\/div><\/div><\/div><div class=\"vc_row wpb_row vc_row-fluid\"><div class=\"wpb_column vc_column_container vc_col-sm-12\"><div class=\"vc_column-inner\"><div class=\"wpb_wrapper\">\n\t<div  class=\"wpb_single_image wpb_content_element vc_align_center\">\n\t\t\n\t\t<figure class=\"wpb_wrapper vc_figure\">\n\t\t\t<div class=\"vc_single_image-wrapper   vc_box_border_grey\"><img width=\"300\" height=\"105\" src=\"https:\/\/enacting-project.eu\/wp-content\/uploads\/2023\/07\/by-nc-sa-300x105.png\" class=\"vc_single_image-img attachment-medium\" alt=\"by nc sa\" decoding=\"async\" loading=\"lazy\" srcset=\"https:\/\/enacting-project.eu\/wp-content\/uploads\/2023\/07\/by-nc-sa-300x105.png 300w, https:\/\/enacting-project.eu\/wp-content\/uploads\/2023\/07\/by-nc-sa-18x6.png 18w, https:\/\/enacting-project.eu\/wp-content\/uploads\/2023\/07\/by-nc-sa.png 403w\" sizes=\"(max-width: 300px) 100vw, 300px\" \/><\/div>\n\t\t<\/figure>\n\t<\/div>\n<\/div><\/div><\/div><\/div>\n<\/div>","protected":false},"excerpt":{"rendered":null,"protected":false},"author":1,"featured_media":0,"parent":0,"menu_order":0,"comment_status":"closed","ping_status":"closed","template":"page-full.php","meta":{"footnotes":""},"yoast_head":"<!-- This site is optimized with the Yoast SEO plugin v22.6 - https:\/\/yoast.com\/wordpress\/plugins\/seo\/ -->\n<title>Methodology | Enacting<\/title>\n<meta name=\"robots\" content=\"index, follow, max-snippet:-1, max-image-preview:large, max-video-preview:-1\" \/>\n<link rel=\"canonical\" href=\"https:\/\/enacting-project.eu\/de\/methodology\/\" \/>\n<meta property=\"og:locale\" content=\"de_DE\" \/>\n<meta property=\"og:type\" content=\"article\" \/>\n<meta property=\"og:title\" content=\"Methodology | Enacting\" \/>\n<meta property=\"og:url\" content=\"https:\/\/enacting-project.eu\/de\/methodology\/\" \/>\n<meta property=\"og:site_name\" content=\"Enacting\" \/>\n<meta property=\"article:modified_time\" content=\"2023-07-18T14:14:32+00:00\" \/>\n<meta name=\"twitter:card\" content=\"summary_large_image\" \/>\n<meta name=\"twitter:label1\" content=\"Gesch\u00e4tzte Lesezeit\" \/>\n\t<meta name=\"twitter:data1\" content=\"4\u00a0Minuten\" \/>\n<script type=\"application\/ld+json\" class=\"yoast-schema-graph\">{\"@context\":\"https:\/\/schema.org\",\"@graph\":[{\"@type\":\"WebPage\",\"@id\":\"https:\/\/enacting-project.eu\/methodology\/\",\"url\":\"https:\/\/enacting-project.eu\/methodology\/\",\"name\":\"Methodology | Enacting\",\"isPartOf\":{\"@id\":\"https:\/\/enacting-project.eu\/#website\"},\"datePublished\":\"2023-04-10T08:45:19+00:00\",\"dateModified\":\"2023-07-18T14:14:32+00:00\",\"breadcrumb\":{\"@id\":\"https:\/\/enacting-project.eu\/methodology\/#breadcrumb\"},\"inLanguage\":\"de\",\"potentialAction\":[{\"@type\":\"ReadAction\",\"target\":[\"https:\/\/enacting-project.eu\/methodology\/\"]}]},{\"@type\":\"BreadcrumbList\",\"@id\":\"https:\/\/enacting-project.eu\/methodology\/#breadcrumb\",\"itemListElement\":[{\"@type\":\"ListItem\",\"position\":1,\"name\":\"Home\",\"item\":\"https:\/\/enacting-project.eu\/\"},{\"@type\":\"ListItem\",\"position\":2,\"name\":\"Methodology\"}]},{\"@type\":\"WebSite\",\"@id\":\"https:\/\/enacting-project.eu\/#website\",\"url\":\"https:\/\/enacting-project.eu\/\",\"name\":\"Enacting\",\"description\":\"Just another WordPress site\",\"publisher\":{\"@id\":\"https:\/\/enacting-project.eu\/#organization\"},\"potentialAction\":[{\"@type\":\"SearchAction\",\"target\":{\"@type\":\"EntryPoint\",\"urlTemplate\":\"https:\/\/enacting-project.eu\/?s={search_term_string}\"},\"query-input\":\"required name=search_term_string\"}],\"inLanguage\":\"de\"},{\"@type\":\"Organization\",\"@id\":\"https:\/\/enacting-project.eu\/#organization\",\"name\":\"Enacting\",\"url\":\"https:\/\/enacting-project.eu\/\",\"logo\":{\"@type\":\"ImageObject\",\"inLanguage\":\"de\",\"@id\":\"https:\/\/enacting-project.eu\/#\/schema\/logo\/image\/\",\"url\":\"http:\/\/enacting-project.eu\/wp-content\/uploads\/2021\/07\/logo.png\",\"contentUrl\":\"http:\/\/enacting-project.eu\/wp-content\/uploads\/2021\/07\/logo.png\",\"width\":156,\"height\":100,\"caption\":\"Enacting\"},\"image\":{\"@id\":\"https:\/\/enacting-project.eu\/#\/schema\/logo\/image\/\"}}]}<\/script>\n<!-- \/ Yoast SEO plugin. -->","yoast_head_json":{"title":"Methodology | Enacting","robots":{"index":"index","follow":"follow","max-snippet":"max-snippet:-1","max-image-preview":"max-image-preview:large","max-video-preview":"max-video-preview:-1"},"canonical":"https:\/\/enacting-project.eu\/de\/methodology\/","og_locale":"de_DE","og_type":"article","og_title":"Methodology | Enacting","og_url":"https:\/\/enacting-project.eu\/de\/methodology\/","og_site_name":"Enacting","article_modified_time":"2023-07-18T14:14:32+00:00","twitter_card":"summary_large_image","twitter_misc":{"Gesch\u00e4tzte Lesezeit":"4\u00a0Minuten"},"schema":{"@context":"https:\/\/schema.org","@graph":[{"@type":"WebPage","@id":"https:\/\/enacting-project.eu\/methodology\/","url":"https:\/\/enacting-project.eu\/methodology\/","name":"Methodology | Enacting","isPartOf":{"@id":"https:\/\/enacting-project.eu\/#website"},"datePublished":"2023-04-10T08:45:19+00:00","dateModified":"2023-07-18T14:14:32+00:00","breadcrumb":{"@id":"https:\/\/enacting-project.eu\/methodology\/#breadcrumb"},"inLanguage":"de","potentialAction":[{"@type":"ReadAction","target":["https:\/\/enacting-project.eu\/methodology\/"]}]},{"@type":"BreadcrumbList","@id":"https:\/\/enacting-project.eu\/methodology\/#breadcrumb","itemListElement":[{"@type":"ListItem","position":1,"name":"Home","item":"https:\/\/enacting-project.eu\/"},{"@type":"ListItem","position":2,"name":"Methodology"}]},{"@type":"WebSite","@id":"https:\/\/enacting-project.eu\/#website","url":"https:\/\/enacting-project.eu\/","name":"Enacting","description":"Just another WordPress site","publisher":{"@id":"https:\/\/enacting-project.eu\/#organization"},"potentialAction":[{"@type":"SearchAction","target":{"@type":"EntryPoint","urlTemplate":"https:\/\/enacting-project.eu\/?s={search_term_string}"},"query-input":"required name=search_term_string"}],"inLanguage":"de"},{"@type":"Organization","@id":"https:\/\/enacting-project.eu\/#organization","name":"Enacting","url":"https:\/\/enacting-project.eu\/","logo":{"@type":"ImageObject","inLanguage":"de","@id":"https:\/\/enacting-project.eu\/#\/schema\/logo\/image\/","url":"http:\/\/enacting-project.eu\/wp-content\/uploads\/2021\/07\/logo.png","contentUrl":"http:\/\/enacting-project.eu\/wp-content\/uploads\/2021\/07\/logo.png","width":156,"height":100,"caption":"Enacting"},"image":{"@id":"https:\/\/enacting-project.eu\/#\/schema\/logo\/image\/"}}]}},"_links":{"self":[{"href":"https:\/\/enacting-project.eu\/de\/wp-json\/wp\/v2\/pages\/598"}],"collection":[{"href":"https:\/\/enacting-project.eu\/de\/wp-json\/wp\/v2\/pages"}],"about":[{"href":"https:\/\/enacting-project.eu\/de\/wp-json\/wp\/v2\/types\/page"}],"author":[{"embeddable":true,"href":"https:\/\/enacting-project.eu\/de\/wp-json\/wp\/v2\/users\/1"}],"replies":[{"embeddable":true,"href":"https:\/\/enacting-project.eu\/de\/wp-json\/wp\/v2\/comments?post=598"}],"version-history":[{"count":0,"href":"https:\/\/enacting-project.eu\/de\/wp-json\/wp\/v2\/pages\/598\/revisions"}],"wp:attachment":[{"href":"https:\/\/enacting-project.eu\/de\/wp-json\/wp\/v2\/media?parent=598"}],"curies":[{"name":"wp","href":"https:\/\/api.w.org\/{rel}","templated":true}]}}