{"id":67,"date":"2021-07-21T06:23:32","date_gmt":"2021-07-21T05:23:32","guid":{"rendered":"http:\/\/enacting-project.eu\/?page_id=67"},"modified":"2022-12-13T11:18:36","modified_gmt":"2022-12-13T11:18:36","slug":"about","status":"publish","type":"page","link":"https:\/\/enacting-project.eu\/de\/about\/","title":{"rendered":"\u00dcber uns"},"content":{"rendered":"<div id=\"modal-ready\"><div class=\"vc_row wpb_row vc_row-fluid\"><div class=\"wpb_column vc_column_container vc_col-sm-12\"><div class=\"vc_column-inner\"><div class=\"wpb_wrapper\">\n\t<div class=\"wpb_text_column wpb_content_element\" >\n\t\t<div class=\"wpb_wrapper\">\n\t\t\t<p>Das ENACTING-Projekt zielt darauf ab, B\u00fcrgerinnen und B\u00fcrger zu bef\u00e4higen, ihre Ideen und Anliegen zu sozialen Themen durch die Produktion von sozialdokumentarischen Filmen zum Ausdruck zu bringen. Um dies zu erreichen, haben die ENACTING-Projektpartnerorganisationen einen innovativen Online-Kurs zur Entwicklung von sozialdokumentarischen Filmen und eine virtuelle Plattform entwickelt, die Jugendlichen und Erwachsenen das n\u00f6tige Wissen, die F\u00e4higkeiten und den Raum bietet, um ihre eigenen Dokumentarfilme zu sozialen Themen in Athen, Dresden, Florenz, Larissa und Marseille zu produzieren und zu teilen.<\/p>\n<p>Zu den wichtigsten Ergebnissen von ENACTING geh\u00f6ren:<\/p>\n<ul>\n<li>Eine Methodik zur Identifizierung lokaler Herausforderungen, die einen Schritt-f\u00fcr-Schritt Leitfaden f\u00fcr Ans\u00e4tze der partizipativen Aktionsforschung enth\u00e4lt<\/li>\n<li>Ein innovativer, kostenloser Online-Kurs \u00fcber die Entwicklung sozialdokumentarischer Filme, der den Lernenden das notwendige und aktuelle Wissen, die Methoden und Fertigkeiten f\u00fcr das Filmemachen vermittelt<\/li>\n<li>Das Participatory Media Lab, ein kollektiver virtueller Ort f\u00fcr die Verbreitung der sozialdokumentarischen Filme der Lernenden und die F\u00f6rderung des Dialogs<\/li>\n<li>Das Enacting Digital Festival, bei dem ausgew\u00e4hlte sozialdokumentarische Filme, die von den Lernenden des ENACTING-Online-Kurses produziert wurden, gezeigt werden, sowie Debatten mit Fachpersonen wie sozialdokumentarisch Filmschaffenden, Sozialforschenden, politisch Handelnde und journalistisch T\u00e4tigen aus Frankreich, Deutschland, Griechenland und Italien.<\/li>\n<\/ul>\n<p>ENACTING ist ein zweij\u00e4hriges Projekt, das von der Europ\u00e4ischen Union im Rahmen des Programms ERASMUS+ KA227 &#8220;Partnerships for Creativity&#8221; kofinanziert wird.<\/p>\n<p>Nummer der Vereinbarung: 2020-1-DE02-KA227-ADU-008316<\/p>\n\n\t\t<\/div>\n\t<\/div>\n<\/div><\/div><\/div><\/div>\n<\/div>","protected":false},"excerpt":{"rendered":null,"protected":false},"author":1,"featured_media":0,"parent":0,"menu_order":0,"comment_status":"closed","ping_status":"closed","template":"page-full.php","meta":{"footnotes":""},"yoast_head":"<!-- This site is optimized with the Yoast SEO plugin v22.6 - https:\/\/yoast.com\/wordpress\/plugins\/seo\/ -->\n<title>About Us | Enacting<\/title>\n<meta name=\"robots\" content=\"index, follow, max-snippet:-1, max-image-preview:large, max-video-preview:-1\" \/>\n<link rel=\"canonical\" href=\"https:\/\/enacting-project.eu\/de\/about\/\" \/>\n<meta property=\"og:locale\" content=\"de_DE\" \/>\n<meta property=\"og:type\" content=\"article\" \/>\n<meta property=\"og:title\" content=\"About Us | Enacting\" \/>\n<meta property=\"og:url\" content=\"https:\/\/enacting-project.eu\/de\/about\/\" \/>\n<meta property=\"og:site_name\" content=\"Enacting\" \/>\n<meta property=\"article:modified_time\" content=\"2022-12-13T11:18:36+00:00\" \/>\n<meta name=\"twitter:card\" content=\"summary_large_image\" \/>\n<meta name=\"twitter:label1\" content=\"Gesch\u00e4tzte Lesezeit\" \/>\n\t<meta name=\"twitter:data1\" content=\"5\u00a0Minuten\" \/>\n<script type=\"application\/ld+json\" class=\"yoast-schema-graph\">{\"@context\":\"https:\/\/schema.org\",\"@graph\":[{\"@type\":\"WebPage\",\"@id\":\"https:\/\/enacting-project.eu\/about\/\",\"url\":\"https:\/\/enacting-project.eu\/about\/\",\"name\":\"About Us | Enacting\",\"isPartOf\":{\"@id\":\"https:\/\/enacting-project.eu\/#website\"},\"datePublished\":\"2021-07-21T05:23:32+00:00\",\"dateModified\":\"2022-12-13T11:18:36+00:00\",\"breadcrumb\":{\"@id\":\"https:\/\/enacting-project.eu\/about\/#breadcrumb\"},\"inLanguage\":\"de\",\"potentialAction\":[{\"@type\":\"ReadAction\",\"target\":[\"https:\/\/enacting-project.eu\/about\/\"]}]},{\"@type\":\"BreadcrumbList\",\"@id\":\"https:\/\/enacting-project.eu\/about\/#breadcrumb\",\"itemListElement\":[{\"@type\":\"ListItem\",\"position\":1,\"name\":\"Home\",\"item\":\"https:\/\/enacting-project.eu\/\"},{\"@type\":\"ListItem\",\"position\":2,\"name\":\"About Us\"}]},{\"@type\":\"WebSite\",\"@id\":\"https:\/\/enacting-project.eu\/#website\",\"url\":\"https:\/\/enacting-project.eu\/\",\"name\":\"Enacting\",\"description\":\"Just another WordPress site\",\"publisher\":{\"@id\":\"https:\/\/enacting-project.eu\/#organization\"},\"potentialAction\":[{\"@type\":\"SearchAction\",\"target\":{\"@type\":\"EntryPoint\",\"urlTemplate\":\"https:\/\/enacting-project.eu\/?s={search_term_string}\"},\"query-input\":\"required name=search_term_string\"}],\"inLanguage\":\"de\"},{\"@type\":\"Organization\",\"@id\":\"https:\/\/enacting-project.eu\/#organization\",\"name\":\"Enacting\",\"url\":\"https:\/\/enacting-project.eu\/\",\"logo\":{\"@type\":\"ImageObject\",\"inLanguage\":\"de\",\"@id\":\"https:\/\/enacting-project.eu\/#\/schema\/logo\/image\/\",\"url\":\"http:\/\/enacting-project.eu\/wp-content\/uploads\/2021\/07\/logo.png\",\"contentUrl\":\"http:\/\/enacting-project.eu\/wp-content\/uploads\/2021\/07\/logo.png\",\"width\":156,\"height\":100,\"caption\":\"Enacting\"},\"image\":{\"@id\":\"https:\/\/enacting-project.eu\/#\/schema\/logo\/image\/\"}}]}<\/script>\n<!-- \/ Yoast SEO plugin. -->","yoast_head_json":{"title":"About Us | Enacting","robots":{"index":"index","follow":"follow","max-snippet":"max-snippet:-1","max-image-preview":"max-image-preview:large","max-video-preview":"max-video-preview:-1"},"canonical":"https:\/\/enacting-project.eu\/de\/about\/","og_locale":"de_DE","og_type":"article","og_title":"About Us | Enacting","og_url":"https:\/\/enacting-project.eu\/de\/about\/","og_site_name":"Enacting","article_modified_time":"2022-12-13T11:18:36+00:00","twitter_card":"summary_large_image","twitter_misc":{"Gesch\u00e4tzte Lesezeit":"5\u00a0Minuten"},"schema":{"@context":"https:\/\/schema.org","@graph":[{"@type":"WebPage","@id":"https:\/\/enacting-project.eu\/about\/","url":"https:\/\/enacting-project.eu\/about\/","name":"About Us | Enacting","isPartOf":{"@id":"https:\/\/enacting-project.eu\/#website"},"datePublished":"2021-07-21T05:23:32+00:00","dateModified":"2022-12-13T11:18:36+00:00","breadcrumb":{"@id":"https:\/\/enacting-project.eu\/about\/#breadcrumb"},"inLanguage":"de","potentialAction":[{"@type":"ReadAction","target":["https:\/\/enacting-project.eu\/about\/"]}]},{"@type":"BreadcrumbList","@id":"https:\/\/enacting-project.eu\/about\/#breadcrumb","itemListElement":[{"@type":"ListItem","position":1,"name":"Home","item":"https:\/\/enacting-project.eu\/"},{"@type":"ListItem","position":2,"name":"About Us"}]},{"@type":"WebSite","@id":"https:\/\/enacting-project.eu\/#website","url":"https:\/\/enacting-project.eu\/","name":"Enacting","description":"Just another WordPress site","publisher":{"@id":"https:\/\/enacting-project.eu\/#organization"},"potentialAction":[{"@type":"SearchAction","target":{"@type":"EntryPoint","urlTemplate":"https:\/\/enacting-project.eu\/?s={search_term_string}"},"query-input":"required name=search_term_string"}],"inLanguage":"de"},{"@type":"Organization","@id":"https:\/\/enacting-project.eu\/#organization","name":"Enacting","url":"https:\/\/enacting-project.eu\/","logo":{"@type":"ImageObject","inLanguage":"de","@id":"https:\/\/enacting-project.eu\/#\/schema\/logo\/image\/","url":"http:\/\/enacting-project.eu\/wp-content\/uploads\/2021\/07\/logo.png","contentUrl":"http:\/\/enacting-project.eu\/wp-content\/uploads\/2021\/07\/logo.png","width":156,"height":100,"caption":"Enacting"},"image":{"@id":"https:\/\/enacting-project.eu\/#\/schema\/logo\/image\/"}}]}},"_links":{"self":[{"href":"https:\/\/enacting-project.eu\/de\/wp-json\/wp\/v2\/pages\/67"}],"collection":[{"href":"https:\/\/enacting-project.eu\/de\/wp-json\/wp\/v2\/pages"}],"about":[{"href":"https:\/\/enacting-project.eu\/de\/wp-json\/wp\/v2\/types\/page"}],"author":[{"embeddable":true,"href":"https:\/\/enacting-project.eu\/de\/wp-json\/wp\/v2\/users\/1"}],"replies":[{"embeddable":true,"href":"https:\/\/enacting-project.eu\/de\/wp-json\/wp\/v2\/comments?post=67"}],"version-history":[{"count":0,"href":"https:\/\/enacting-project.eu\/de\/wp-json\/wp\/v2\/pages\/67\/revisions"}],"wp:attachment":[{"href":"https:\/\/enacting-project.eu\/de\/wp-json\/wp\/v2\/media?parent=67"}],"curies":[{"name":"wp","href":"https:\/\/api.w.org\/{rel}","templated":true}]}}