{"id":686,"date":"2023-06-15T13:48:25","date_gmt":"2023-06-15T12:48:25","guid":{"rendered":"https:\/\/enacting-project.eu\/?page_id=686"},"modified":"2023-07-17T15:41:24","modified_gmt":"2023-07-17T14:41:24","slug":"enacting-media-library","status":"publish","type":"page","link":"https:\/\/enacting-project.eu\/de\/enacting-media-library\/","title":{"rendered":"ENACTING Media Library"},"content":{"rendered":"<div id=\"modal-ready\"><div class=\"vc_row wpb_row vc_row-fluid\"><div class=\"wpb_column vc_column_container vc_col-sm-12\"><div class=\"vc_column-inner\"><div class=\"wpb_wrapper\">\n\t<div class=\"wpb_text_column wpb_content_element\" >\n\t\t<div class=\"wpb_wrapper\">\n\t\t\t<p>Willkommen in der Mediathek der sozialdokumentarischen Filme von ENACTING, dem Herzst\u00fcck des Projekts und einer Plattform, welche die Leidenschaft und das Engagement von neuen FilmemacherInnen wie dir feiert. Hier haben andere Filmschaffende wie du ihre eigenen \u00fcberzeugenden Filme eingereicht, die wichtige gesellschaftliche Themen in ihren Gemeinden aufgreifen. Diese Dokumentarfilme sind ein Beweis f\u00fcr die Kraft des dokumentarischen Erz\u00e4hlens, das Bewusstsein zu sch\u00e4rfen, Ver\u00e4nderungen anzuregen und Wirkung zu erzielen. Alles, was du brauchst, ist der Wille, etwas zu bewegen, und die Bereitschaft, deine einzigartige Perspektive zu teilen. Du hast noch nie einen Dokumentarfilm gedreht, m\u00f6chtest aber gerne lernen, wie das geht? Kein Problem! In unserem <a class=\"waffle-rich-text-link\" href=\"https:\/\/enacting-project.eu\/de\/mooc-platform\/\"><strong>KOSTENLOSEN<\/strong> Online-Kurs ENACTING<\/a> erf\u00e4hrst du alles, was du wissen musst, von der Vorproduktion bis zur Nachbearbeitung, damit du deinen eigenen Dokumentarfilm \u00fcber ein soziales Thema erstellen kannst. In unserer Mediathek findest du au\u00dferdem Interviews mit professionellen DokumentarfilmerInnen aus Deutschland, Frankreich, Griechenland und Italien. Aber das ist noch nicht alles &#8211; vergiss nicht, die anderen Bereiche des Participatory Media Lab zu erkunden, darunter unsere<strong> <a class=\"waffle-rich-text-link\" href=\"https:\/\/enacting-project.eu\/de\/challenges\/\">Challenges<\/a>,<\/strong> mit denen du deine Kreativit\u00e4t anregen und Kontakte kn\u00fcpfen kannst, unser <a href=\"https:\/\/enacting-project.eu\/de\/community\/\"><strong>ENACTING<\/strong> <strong>Forum<\/strong><\/a>, in dem du Unterst\u00fctzung und Feedback bekommst, und Informationen \u00fcber das kommende <a class=\"waffle-rich-text-link\" href=\"https:\/\/enacting-project.eu\/de\/digital-festival\/\"><strong>ENACTING Digital Film Festival<\/strong><\/a>, bei dem du dein Dokumentarfilm pr\u00e4sentieren und einen Preis gewinnen kannst. Mach mit und lass uns gemeinsam daran arbeiten, eine bessere Welt durch die Kraft des dokumentarischen Erz\u00e4hlens zu schaffen!<\/p>\n\n\t\t<\/div>\n\t<\/div>\n<\/div><\/div><\/div><\/div><div class=\"vc_row wpb_row vc_row-fluid\"><div class=\"wpb_column vc_column_container vc_col-sm-6\"><div class=\"vc_column-inner\"><div class=\"wpb_wrapper\"><div class=\"vc_btn3-container vc_btn3-center\" ><a class=\"vc_general vc_btn3 vc_btn3-size-lg vc_btn3-shape-square vc_btn3-style-modern vc_btn3-block vc_btn3-color-peacoc\" href=\"https:\/\/enacting-project.eu\/de\/interviews\/\" title=\"Interviews\">Interviews<\/a><\/div><\/div><\/div><\/div><div class=\"wpb_column vc_column_container vc_col-sm-6\"><div class=\"vc_column-inner\"><div class=\"wpb_wrapper\"><div class=\"vc_btn3-container vc_btn3-center\" ><a class=\"vc_general vc_btn3 vc_btn3-size-lg vc_btn3-shape-square vc_btn3-style-modern vc_btn3-block vc_btn3-color-peacoc\" href=\"https:\/\/enacting-project.eu\/de\/social-documentaries\/\" title=\"Social Documentaries\">Social Documentaries<\/a><\/div><\/div><\/div><\/div><\/div><div class=\"vc_row wpb_row vc_row-fluid\"><div class=\"wpb_column vc_column_container vc_col-sm-12\"><div class=\"vc_column-inner\"><div class=\"wpb_wrapper\">\n\t<div  class=\"wpb_single_image wpb_content_element vc_align_center\">\n\t\t\n\t\t<figure class=\"wpb_wrapper vc_figure\">\n\t\t\t<div class=\"vc_single_image-wrapper   vc_box_border_grey\"><img width=\"300\" height=\"105\" src=\"https:\/\/enacting-project.eu\/wp-content\/uploads\/2023\/07\/by-nc-sa-300x105.png\" class=\"vc_single_image-img attachment-medium\" alt=\"by nc sa\" decoding=\"async\" loading=\"lazy\" srcset=\"https:\/\/enacting-project.eu\/wp-content\/uploads\/2023\/07\/by-nc-sa-300x105.png 300w, https:\/\/enacting-project.eu\/wp-content\/uploads\/2023\/07\/by-nc-sa-18x6.png 18w, https:\/\/enacting-project.eu\/wp-content\/uploads\/2023\/07\/by-nc-sa.png 403w\" sizes=\"(max-width: 300px) 100vw, 300px\" \/><\/div>\n\t\t<\/figure>\n\t<\/div>\n<\/div><\/div><\/div><\/div>\n<\/div>","protected":false},"excerpt":{"rendered":null,"protected":false},"author":1,"featured_media":0,"parent":0,"menu_order":0,"comment_status":"closed","ping_status":"closed","template":"page-full.php","meta":{"footnotes":""},"yoast_head":"<!-- This site is optimized with the Yoast SEO plugin v22.6 - https:\/\/yoast.com\/wordpress\/plugins\/seo\/ -->\n<title>ENACTING Media Library | Enacting<\/title>\n<meta name=\"robots\" content=\"index, follow, max-snippet:-1, max-image-preview:large, max-video-preview:-1\" \/>\n<link rel=\"canonical\" href=\"https:\/\/enacting-project.eu\/de\/enacting-media-library\/\" \/>\n<meta property=\"og:locale\" content=\"de_DE\" \/>\n<meta property=\"og:type\" content=\"article\" \/>\n<meta property=\"og:title\" content=\"ENACTING Media Library | Enacting\" \/>\n<meta property=\"og:url\" content=\"https:\/\/enacting-project.eu\/de\/enacting-media-library\/\" \/>\n<meta property=\"og:site_name\" content=\"Enacting\" \/>\n<meta property=\"article:modified_time\" content=\"2023-07-17T14:41:24+00:00\" \/>\n<meta name=\"twitter:card\" content=\"summary_large_image\" \/>\n<meta name=\"twitter:label1\" content=\"Gesch\u00e4tzte Lesezeit\" \/>\n\t<meta name=\"twitter:data1\" content=\"6\u00a0Minuten\" \/>\n<script type=\"application\/ld+json\" class=\"yoast-schema-graph\">{\"@context\":\"https:\/\/schema.org\",\"@graph\":[{\"@type\":\"WebPage\",\"@id\":\"https:\/\/enacting-project.eu\/enacting-media-library\/\",\"url\":\"https:\/\/enacting-project.eu\/enacting-media-library\/\",\"name\":\"ENACTING Media Library | Enacting\",\"isPartOf\":{\"@id\":\"https:\/\/enacting-project.eu\/#website\"},\"datePublished\":\"2023-06-15T12:48:25+00:00\",\"dateModified\":\"2023-07-17T14:41:24+00:00\",\"breadcrumb\":{\"@id\":\"https:\/\/enacting-project.eu\/enacting-media-library\/#breadcrumb\"},\"inLanguage\":\"de\",\"potentialAction\":[{\"@type\":\"ReadAction\",\"target\":[\"https:\/\/enacting-project.eu\/enacting-media-library\/\"]}]},{\"@type\":\"BreadcrumbList\",\"@id\":\"https:\/\/enacting-project.eu\/enacting-media-library\/#breadcrumb\",\"itemListElement\":[{\"@type\":\"ListItem\",\"position\":1,\"name\":\"Home\",\"item\":\"https:\/\/enacting-project.eu\/\"},{\"@type\":\"ListItem\",\"position\":2,\"name\":\"ENACTING Media Library\"}]},{\"@type\":\"WebSite\",\"@id\":\"https:\/\/enacting-project.eu\/#website\",\"url\":\"https:\/\/enacting-project.eu\/\",\"name\":\"Enacting\",\"description\":\"Just another WordPress site\",\"publisher\":{\"@id\":\"https:\/\/enacting-project.eu\/#organization\"},\"potentialAction\":[{\"@type\":\"SearchAction\",\"target\":{\"@type\":\"EntryPoint\",\"urlTemplate\":\"https:\/\/enacting-project.eu\/?s={search_term_string}\"},\"query-input\":\"required name=search_term_string\"}],\"inLanguage\":\"de\"},{\"@type\":\"Organization\",\"@id\":\"https:\/\/enacting-project.eu\/#organization\",\"name\":\"Enacting\",\"url\":\"https:\/\/enacting-project.eu\/\",\"logo\":{\"@type\":\"ImageObject\",\"inLanguage\":\"de\",\"@id\":\"https:\/\/enacting-project.eu\/#\/schema\/logo\/image\/\",\"url\":\"http:\/\/enacting-project.eu\/wp-content\/uploads\/2021\/07\/logo.png\",\"contentUrl\":\"http:\/\/enacting-project.eu\/wp-content\/uploads\/2021\/07\/logo.png\",\"width\":156,\"height\":100,\"caption\":\"Enacting\"},\"image\":{\"@id\":\"https:\/\/enacting-project.eu\/#\/schema\/logo\/image\/\"}}]}<\/script>\n<!-- \/ Yoast SEO plugin. -->","yoast_head_json":{"title":"ENACTING Media Library | Enacting","robots":{"index":"index","follow":"follow","max-snippet":"max-snippet:-1","max-image-preview":"max-image-preview:large","max-video-preview":"max-video-preview:-1"},"canonical":"https:\/\/enacting-project.eu\/de\/enacting-media-library\/","og_locale":"de_DE","og_type":"article","og_title":"ENACTING Media Library | Enacting","og_url":"https:\/\/enacting-project.eu\/de\/enacting-media-library\/","og_site_name":"Enacting","article_modified_time":"2023-07-17T14:41:24+00:00","twitter_card":"summary_large_image","twitter_misc":{"Gesch\u00e4tzte Lesezeit":"6\u00a0Minuten"},"schema":{"@context":"https:\/\/schema.org","@graph":[{"@type":"WebPage","@id":"https:\/\/enacting-project.eu\/enacting-media-library\/","url":"https:\/\/enacting-project.eu\/enacting-media-library\/","name":"ENACTING Media Library | Enacting","isPartOf":{"@id":"https:\/\/enacting-project.eu\/#website"},"datePublished":"2023-06-15T12:48:25+00:00","dateModified":"2023-07-17T14:41:24+00:00","breadcrumb":{"@id":"https:\/\/enacting-project.eu\/enacting-media-library\/#breadcrumb"},"inLanguage":"de","potentialAction":[{"@type":"ReadAction","target":["https:\/\/enacting-project.eu\/enacting-media-library\/"]}]},{"@type":"BreadcrumbList","@id":"https:\/\/enacting-project.eu\/enacting-media-library\/#breadcrumb","itemListElement":[{"@type":"ListItem","position":1,"name":"Home","item":"https:\/\/enacting-project.eu\/"},{"@type":"ListItem","position":2,"name":"ENACTING Media Library"}]},{"@type":"WebSite","@id":"https:\/\/enacting-project.eu\/#website","url":"https:\/\/enacting-project.eu\/","name":"Enacting","description":"Just another WordPress site","publisher":{"@id":"https:\/\/enacting-project.eu\/#organization"},"potentialAction":[{"@type":"SearchAction","target":{"@type":"EntryPoint","urlTemplate":"https:\/\/enacting-project.eu\/?s={search_term_string}"},"query-input":"required name=search_term_string"}],"inLanguage":"de"},{"@type":"Organization","@id":"https:\/\/enacting-project.eu\/#organization","name":"Enacting","url":"https:\/\/enacting-project.eu\/","logo":{"@type":"ImageObject","inLanguage":"de","@id":"https:\/\/enacting-project.eu\/#\/schema\/logo\/image\/","url":"http:\/\/enacting-project.eu\/wp-content\/uploads\/2021\/07\/logo.png","contentUrl":"http:\/\/enacting-project.eu\/wp-content\/uploads\/2021\/07\/logo.png","width":156,"height":100,"caption":"Enacting"},"image":{"@id":"https:\/\/enacting-project.eu\/#\/schema\/logo\/image\/"}}]}},"_links":{"self":[{"href":"https:\/\/enacting-project.eu\/de\/wp-json\/wp\/v2\/pages\/686"}],"collection":[{"href":"https:\/\/enacting-project.eu\/de\/wp-json\/wp\/v2\/pages"}],"about":[{"href":"https:\/\/enacting-project.eu\/de\/wp-json\/wp\/v2\/types\/page"}],"author":[{"embeddable":true,"href":"https:\/\/enacting-project.eu\/de\/wp-json\/wp\/v2\/users\/1"}],"replies":[{"embeddable":true,"href":"https:\/\/enacting-project.eu\/de\/wp-json\/wp\/v2\/comments?post=686"}],"version-history":[{"count":0,"href":"https:\/\/enacting-project.eu\/de\/wp-json\/wp\/v2\/pages\/686\/revisions"}],"wp:attachment":[{"href":"https:\/\/enacting-project.eu\/de\/wp-json\/wp\/v2\/media?parent=686"}],"curies":[{"name":"wp","href":"https:\/\/api.w.org\/{rel}","templated":true}]}}