{"id":69,"date":"2021-07-21T06:24:00","date_gmt":"2021-07-21T05:24:00","guid":{"rendered":"http:\/\/enacting-project.eu\/?page_id=69"},"modified":"2023-05-05T07:26:53","modified_gmt":"2023-05-05T06:26:53","slug":"objectives","status":"publish","type":"page","link":"https:\/\/enacting-project.eu\/de\/objectives\/","title":{"rendered":"Ziele"},"content":{"rendered":"<div id=\"modal-ready\"><div class=\"vc_row wpb_row vc_row-fluid\"><div class=\"wpb_column vc_column_container vc_col-sm-12\"><div class=\"vc_column-inner\"><div class=\"wpb_wrapper\">\n\t<div class=\"wpb_text_column wpb_content_element\" >\n\t\t<div class=\"wpb_wrapper\">\n\t\t\t<p>Covid-19 hat eine noch nie dagewesene Krise ausgel\u00f6st, die sich auf das Leben der Menschen, die Bildung und den Kultur- und Kreativsektor auswirkt. Das ENACTING-Projekt konzentriert sich auf st\u00e4dtische Gebiete, die ein hohes Ma\u00df an kultureller Heterogenit\u00e4t und sozialer Ungleichheit aufweisen. Dokumentarfilme k\u00f6nnen eine betr\u00e4chtliche soziale Wirkung haben, da sie vorherrschende Narrative in Frage stellen, Beziehungen zu Gemeinschaften aufbauen und einen sozialen Wandel bewirken k\u00f6nnen. Dokumentarfilme erzeugen Empathie, beleuchten neue Perspektiven und l\u00f6sen starke Emotionen aus. Die Zuschauenden k\u00f6nnen sich inspirieren lassen und f\u00fchlen sich bef\u00e4higt und motiviert, einen sozialen Wandel herbeizuf\u00fchren. Empathie, die durch das Erz\u00e4hlen von Geschichten entsteht, kann der Treibstoff f\u00fcr Aktionen sein.<\/p>\n<p>In ENACTING stellen wir eine Methode f\u00fcr b\u00fcrgerschaftliches Engagement vor, die Videodokumentationen nutzt, um Diskurse in einem bestimmten lokalen Umfeld zu erfassen und sie in Online-R\u00e4ume zu \u00fcbertragen. Unsere Methode zielt darauf ab, Kreativit\u00e4t, Innovation und aktive B\u00fcrgerschaft sowie den Austausch von Perspektiven zwischen den Communities in diesen R\u00e4umen zu f\u00f6rdern.<\/p>\n<p>Daher zielt das ENACTING-Projekt darauf ab:<\/p>\n<p>&#8211; F\u00f6rderung gemeinsamer Werte, der Integration, des b\u00fcrgerschaftlichen Engagements und der Partizipation durch die Entwicklung von F\u00e4higkeiten in den K\u00fcnsten und innovativen digitalen Praktiken<\/p>\n<p>&#8211; Soziale Herausforderungen in lokalen Kontexten zu identifizieren und eine konkrete Methodik daf\u00fcr bereitzustellen<\/p>\n<p>&#8211; F\u00f6rderung der Entwicklung von F\u00e4higkeiten in der k\u00fcnstlerischen digitalen Praxis der Entwicklung eines sozialdokumentarischen Films durch ein webbasiertes Training zur Entwicklung eines sozialdokumentarischen Films (ENACTING MOOC). Der Online-Kurs wird die Lernenden in die Lage versetzen, lokale Herausforderungen auf kreative Weise zu \u00fcberdenken und potenzielle L\u00f6sungen daf\u00fcr vorzuschlagen und so einen Beitrag f\u00fcr die Gesellschaft zu leisten.<\/p>\n<p>&#8211; F\u00f6rderung der sozialen Integration und des interkulturellen Dialogs durch das ENACTING Participatory Media Lab. Das ENACTING Participatory Media Lab wurde eingerichtet, um die Publikumsentwicklung und die Nutzung digitaler Mittel zur Verbreitung sozialdokumentarischer Filme zu f\u00f6rdern, die zur Wiederbelebung des Kultur- und Kreativsektors beitragen.<\/p>\n<p>Der ENACTING-Online-Kurs und das Participatory Media Lab werden die B\u00fcrgerinnen und B\u00fcrger in den jeweiligen lokalen Communities empowern. Sie richten sich letztlich an alle Erwachsenen wie Jugendliche und in der Jugendarbeit t\u00e4tige Personen, Menschen im Rentenalter, Fachkr\u00e4fte in der Bildung, Kunstschaffende, Gefl\u00fcchtete und Personen mit Migrationshintergrund, benachteiligte Gruppen und alle anderen interessierten Personen. Au\u00dferdem richtet sich das Projekt an lokale Beh\u00f6rden, politische Entscheidungstragende, Basis- und Community Organisationen, Jugendclubs\/-zentren, Erwachsenenbildungseinrichtungen, Vereine, soziale Genossenschaften und Hochschulen f\u00fcr Kunst und digitale Medienerziehung.<\/p>\n\n\t\t<\/div>\n\t<\/div>\n<\/div><\/div><\/div><\/div>\n<\/div>","protected":false},"excerpt":{"rendered":null,"protected":false},"author":1,"featured_media":0,"parent":0,"menu_order":0,"comment_status":"closed","ping_status":"closed","template":"page-full.php","meta":{"footnotes":""},"yoast_head":"<!-- This site is optimized with the Yoast SEO plugin v22.6 - https:\/\/yoast.com\/wordpress\/plugins\/seo\/ -->\n<title>Objectives | Enacting<\/title>\n<meta name=\"robots\" content=\"index, follow, max-snippet:-1, max-image-preview:large, max-video-preview:-1\" \/>\n<link rel=\"canonical\" href=\"https:\/\/enacting-project.eu\/de\/objectives\/\" \/>\n<meta property=\"og:locale\" content=\"de_DE\" \/>\n<meta property=\"og:type\" content=\"article\" \/>\n<meta property=\"og:title\" content=\"Objectives | Enacting\" \/>\n<meta property=\"og:url\" content=\"https:\/\/enacting-project.eu\/de\/objectives\/\" \/>\n<meta property=\"og:site_name\" content=\"Enacting\" \/>\n<meta property=\"article:modified_time\" content=\"2023-05-05T06:26:53+00:00\" \/>\n<meta name=\"twitter:card\" content=\"summary_large_image\" \/>\n<meta name=\"twitter:label1\" content=\"Gesch\u00e4tzte Lesezeit\" \/>\n\t<meta name=\"twitter:data1\" content=\"9\u00a0Minuten\" \/>\n<script type=\"application\/ld+json\" class=\"yoast-schema-graph\">{\"@context\":\"https:\/\/schema.org\",\"@graph\":[{\"@type\":\"WebPage\",\"@id\":\"https:\/\/enacting-project.eu\/objectives\/\",\"url\":\"https:\/\/enacting-project.eu\/objectives\/\",\"name\":\"Objectives | Enacting\",\"isPartOf\":{\"@id\":\"https:\/\/enacting-project.eu\/#website\"},\"datePublished\":\"2021-07-21T05:24:00+00:00\",\"dateModified\":\"2023-05-05T06:26:53+00:00\",\"breadcrumb\":{\"@id\":\"https:\/\/enacting-project.eu\/objectives\/#breadcrumb\"},\"inLanguage\":\"de\",\"potentialAction\":[{\"@type\":\"ReadAction\",\"target\":[\"https:\/\/enacting-project.eu\/objectives\/\"]}]},{\"@type\":\"BreadcrumbList\",\"@id\":\"https:\/\/enacting-project.eu\/objectives\/#breadcrumb\",\"itemListElement\":[{\"@type\":\"ListItem\",\"position\":1,\"name\":\"Home\",\"item\":\"https:\/\/enacting-project.eu\/\"},{\"@type\":\"ListItem\",\"position\":2,\"name\":\"Objectives\"}]},{\"@type\":\"WebSite\",\"@id\":\"https:\/\/enacting-project.eu\/#website\",\"url\":\"https:\/\/enacting-project.eu\/\",\"name\":\"Enacting\",\"description\":\"Just another WordPress site\",\"publisher\":{\"@id\":\"https:\/\/enacting-project.eu\/#organization\"},\"potentialAction\":[{\"@type\":\"SearchAction\",\"target\":{\"@type\":\"EntryPoint\",\"urlTemplate\":\"https:\/\/enacting-project.eu\/?s={search_term_string}\"},\"query-input\":\"required name=search_term_string\"}],\"inLanguage\":\"de\"},{\"@type\":\"Organization\",\"@id\":\"https:\/\/enacting-project.eu\/#organization\",\"name\":\"Enacting\",\"url\":\"https:\/\/enacting-project.eu\/\",\"logo\":{\"@type\":\"ImageObject\",\"inLanguage\":\"de\",\"@id\":\"https:\/\/enacting-project.eu\/#\/schema\/logo\/image\/\",\"url\":\"http:\/\/enacting-project.eu\/wp-content\/uploads\/2021\/07\/logo.png\",\"contentUrl\":\"http:\/\/enacting-project.eu\/wp-content\/uploads\/2021\/07\/logo.png\",\"width\":156,\"height\":100,\"caption\":\"Enacting\"},\"image\":{\"@id\":\"https:\/\/enacting-project.eu\/#\/schema\/logo\/image\/\"}}]}<\/script>\n<!-- \/ Yoast SEO plugin. -->","yoast_head_json":{"title":"Objectives | Enacting","robots":{"index":"index","follow":"follow","max-snippet":"max-snippet:-1","max-image-preview":"max-image-preview:large","max-video-preview":"max-video-preview:-1"},"canonical":"https:\/\/enacting-project.eu\/de\/objectives\/","og_locale":"de_DE","og_type":"article","og_title":"Objectives | Enacting","og_url":"https:\/\/enacting-project.eu\/de\/objectives\/","og_site_name":"Enacting","article_modified_time":"2023-05-05T06:26:53+00:00","twitter_card":"summary_large_image","twitter_misc":{"Gesch\u00e4tzte Lesezeit":"9\u00a0Minuten"},"schema":{"@context":"https:\/\/schema.org","@graph":[{"@type":"WebPage","@id":"https:\/\/enacting-project.eu\/objectives\/","url":"https:\/\/enacting-project.eu\/objectives\/","name":"Objectives | Enacting","isPartOf":{"@id":"https:\/\/enacting-project.eu\/#website"},"datePublished":"2021-07-21T05:24:00+00:00","dateModified":"2023-05-05T06:26:53+00:00","breadcrumb":{"@id":"https:\/\/enacting-project.eu\/objectives\/#breadcrumb"},"inLanguage":"de","potentialAction":[{"@type":"ReadAction","target":["https:\/\/enacting-project.eu\/objectives\/"]}]},{"@type":"BreadcrumbList","@id":"https:\/\/enacting-project.eu\/objectives\/#breadcrumb","itemListElement":[{"@type":"ListItem","position":1,"name":"Home","item":"https:\/\/enacting-project.eu\/"},{"@type":"ListItem","position":2,"name":"Objectives"}]},{"@type":"WebSite","@id":"https:\/\/enacting-project.eu\/#website","url":"https:\/\/enacting-project.eu\/","name":"Enacting","description":"Just another WordPress site","publisher":{"@id":"https:\/\/enacting-project.eu\/#organization"},"potentialAction":[{"@type":"SearchAction","target":{"@type":"EntryPoint","urlTemplate":"https:\/\/enacting-project.eu\/?s={search_term_string}"},"query-input":"required name=search_term_string"}],"inLanguage":"de"},{"@type":"Organization","@id":"https:\/\/enacting-project.eu\/#organization","name":"Enacting","url":"https:\/\/enacting-project.eu\/","logo":{"@type":"ImageObject","inLanguage":"de","@id":"https:\/\/enacting-project.eu\/#\/schema\/logo\/image\/","url":"http:\/\/enacting-project.eu\/wp-content\/uploads\/2021\/07\/logo.png","contentUrl":"http:\/\/enacting-project.eu\/wp-content\/uploads\/2021\/07\/logo.png","width":156,"height":100,"caption":"Enacting"},"image":{"@id":"https:\/\/enacting-project.eu\/#\/schema\/logo\/image\/"}}]}},"_links":{"self":[{"href":"https:\/\/enacting-project.eu\/de\/wp-json\/wp\/v2\/pages\/69"}],"collection":[{"href":"https:\/\/enacting-project.eu\/de\/wp-json\/wp\/v2\/pages"}],"about":[{"href":"https:\/\/enacting-project.eu\/de\/wp-json\/wp\/v2\/types\/page"}],"author":[{"embeddable":true,"href":"https:\/\/enacting-project.eu\/de\/wp-json\/wp\/v2\/users\/1"}],"replies":[{"embeddable":true,"href":"https:\/\/enacting-project.eu\/de\/wp-json\/wp\/v2\/comments?post=69"}],"version-history":[{"count":0,"href":"https:\/\/enacting-project.eu\/de\/wp-json\/wp\/v2\/pages\/69\/revisions"}],"wp:attachment":[{"href":"https:\/\/enacting-project.eu\/de\/wp-json\/wp\/v2\/media?parent=69"}],"curies":[{"name":"wp","href":"https:\/\/api.w.org\/{rel}","templated":true}]}}