{"id":71,"date":"2021-07-21T06:26:46","date_gmt":"2021-07-21T05:26:46","guid":{"rendered":"http:\/\/enacting-project.eu\/?page_id=71"},"modified":"2023-06-08T12:58:05","modified_gmt":"2023-06-08T11:58:05","slug":"results","status":"publish","type":"page","link":"https:\/\/enacting-project.eu\/de\/results\/","title":{"rendered":"Ergebnisse"},"content":{"rendered":"<div id=\"modal-ready\"><div class=\"vc_row wpb_row vc_row-fluid\"><div class=\"wpb_column vc_column_container vc_col-sm-12\"><div class=\"vc_column-inner\"><div class=\"wpb_wrapper\">\n\t<div class=\"wpb_text_column wpb_content_element\" >\n\t\t<div class=\"wpb_wrapper\">\n\t\t\t<p>Parallel zur Umsetzung der Projektziele sind vier (4) Hauptergebnisse (Intellectual Outputs) vorgesehen. Das ENACTING Projekt wird einen innovativen, webbasierten Kurs zur Entwicklung einer digitalen Praxis der sozialdokumentarischen Filmproduktion, sowie ein virtuelles Media Lab als Antwort auf lokale gesellschaftliche Herausforderungen entwickeln. Das ENACTING Participatory Media Lab wird dar\u00fcber hinaus einen innovativen Weg f\u00fcr die Verwaltung, Verbreitung, den Zugang und die Pr\u00e4sentation der kreativen Produktionen bieten und einen innovativen \"\"Raum\"\" f\u00fcr b\u00fcrgerschaftliches Engagement und Austausch schaffen.<\/p>\n<p>Nach Abschluss des Projekts sollen die folgenden Hauptergebnisse erzielt werden:<\/p>\n<ol>\n<li class=\" translation-block\"><u>IO1: Identifizierung lokaler Herausforderungen im st\u00e4dtischen Umfeld.<\/u>  Neben dem Local Challenges Assessment wird dieser Output eine konkrete Methodik zur Identifizierung lokaler Herausforderungen liefern, die in andere Kontexte \u00fcbertragen und wiederverwendet werden kann. Das Hauptziel des Local Challenges Assessments ist es, ein umfassendes Verst\u00e4ndnis der gegenw\u00e4rtigen Besonderheiten, Charakteristika und sozialen Herausforderungen in lokalen st\u00e4dtischen Gebieten zu erlangen. Die Bewertung der lokalen Herausforderungen wird die thematischen Schwerpunkte f\u00fcr die sozialdokumentarischen Filme bilden, die von den Lernenden im Rahmen der Teilnahme an IO3. ENACTING Online-Kurs. entstehen werden.<\/li>\n<li class=\" translation-block\"><u>IO2: ENACTING Trainingskurs f\u00fcr sozialdokumentarische Filmproduktion.<\/u> Ein umfassender Trainingskurs, bestehend aus einer Reihe von Modulen und Ressourcen, der interessierte erwachsene Lernende jeglicher Herkunft sowie Lehr- und Verwaltungspersonal der Partnerorganisationen bei der Entwicklung ihrer F\u00e4higkeiten zur Produktion von sozialdokumentarischen Filmen unterst\u00fctzen wird. Der Schulungskurs wird als eine Reihe von 4 Modulen entwickelt und auf der virtuellen Lernumgebung von ENACTING (IO3) verf\u00fcgbar sein.<\/li>\n<li class=\" translation-block\"><u>IO3: ENACTING Online-Kurs<\/u> \u2013 eine virtuelle Lernumgebung (VLE) und ein frei zug\u00e4nglicher Massive Open Online Course (MOOC), der das entwickelte Trainingsmaterial enth\u00e4lt. Der MOOC enth\u00e4lt auch einen virtuellen Gemeinschaftsraum, um die Interaktion zwischen Lernenden, ProfessorInnen und Lehrassistenten zu unterst\u00fctzen.<\/li>\n<li class=\" translation-block\"><u>IO4: ENACTING Participatory Media Lab<\/u> \u2013 ein kollektiver virtueller Ort, der es erm\u00f6glicht, sowohl die Produktionen der Teilnehmenden aus den verschiedenen L\u00e4ndern sichtbar zu machen als auch einen Raum f\u00fcr Dialog und Austausch darzustellen.<\/li>\n<\/ol>\n\n\t\t<\/div>\n\t<\/div>\n<\/div><\/div><\/div><\/div>\n<\/div>","protected":false},"excerpt":{"rendered":null,"protected":false},"author":1,"featured_media":0,"parent":0,"menu_order":0,"comment_status":"closed","ping_status":"closed","template":"page-full.php","meta":{"footnotes":""},"yoast_head":"<!-- This site is optimized with the Yoast SEO plugin v22.6 - https:\/\/yoast.com\/wordpress\/plugins\/seo\/ -->\n<title>Results | Enacting<\/title>\n<meta name=\"robots\" content=\"index, follow, max-snippet:-1, max-image-preview:large, max-video-preview:-1\" \/>\n<link rel=\"canonical\" href=\"https:\/\/enacting-project.eu\/de\/results\/\" \/>\n<meta property=\"og:locale\" content=\"de_DE\" \/>\n<meta property=\"og:type\" content=\"article\" \/>\n<meta property=\"og:title\" content=\"Results | Enacting\" \/>\n<meta property=\"og:url\" content=\"https:\/\/enacting-project.eu\/de\/results\/\" \/>\n<meta property=\"og:site_name\" content=\"Enacting\" \/>\n<meta property=\"article:modified_time\" content=\"2023-06-08T11:58:05+00:00\" \/>\n<meta name=\"twitter:card\" content=\"summary_large_image\" \/>\n<meta name=\"twitter:label1\" content=\"Gesch\u00e4tzte Lesezeit\" \/>\n\t<meta name=\"twitter:data1\" content=\"2\u00a0Minuten\" \/>\n<script type=\"application\/ld+json\" class=\"yoast-schema-graph\">{\"@context\":\"https:\/\/schema.org\",\"@graph\":[{\"@type\":\"WebPage\",\"@id\":\"https:\/\/enacting-project.eu\/results\/\",\"url\":\"https:\/\/enacting-project.eu\/results\/\",\"name\":\"Results | Enacting\",\"isPartOf\":{\"@id\":\"https:\/\/enacting-project.eu\/#website\"},\"datePublished\":\"2021-07-21T05:26:46+00:00\",\"dateModified\":\"2023-06-08T11:58:05+00:00\",\"breadcrumb\":{\"@id\":\"https:\/\/enacting-project.eu\/results\/#breadcrumb\"},\"inLanguage\":\"de\",\"potentialAction\":[{\"@type\":\"ReadAction\",\"target\":[\"https:\/\/enacting-project.eu\/results\/\"]}]},{\"@type\":\"BreadcrumbList\",\"@id\":\"https:\/\/enacting-project.eu\/results\/#breadcrumb\",\"itemListElement\":[{\"@type\":\"ListItem\",\"position\":1,\"name\":\"Home\",\"item\":\"https:\/\/enacting-project.eu\/\"},{\"@type\":\"ListItem\",\"position\":2,\"name\":\"Results\"}]},{\"@type\":\"WebSite\",\"@id\":\"https:\/\/enacting-project.eu\/#website\",\"url\":\"https:\/\/enacting-project.eu\/\",\"name\":\"Enacting\",\"description\":\"Just another WordPress site\",\"publisher\":{\"@id\":\"https:\/\/enacting-project.eu\/#organization\"},\"potentialAction\":[{\"@type\":\"SearchAction\",\"target\":{\"@type\":\"EntryPoint\",\"urlTemplate\":\"https:\/\/enacting-project.eu\/?s={search_term_string}\"},\"query-input\":\"required name=search_term_string\"}],\"inLanguage\":\"de\"},{\"@type\":\"Organization\",\"@id\":\"https:\/\/enacting-project.eu\/#organization\",\"name\":\"Enacting\",\"url\":\"https:\/\/enacting-project.eu\/\",\"logo\":{\"@type\":\"ImageObject\",\"inLanguage\":\"de\",\"@id\":\"https:\/\/enacting-project.eu\/#\/schema\/logo\/image\/\",\"url\":\"http:\/\/enacting-project.eu\/wp-content\/uploads\/2021\/07\/logo.png\",\"contentUrl\":\"http:\/\/enacting-project.eu\/wp-content\/uploads\/2021\/07\/logo.png\",\"width\":156,\"height\":100,\"caption\":\"Enacting\"},\"image\":{\"@id\":\"https:\/\/enacting-project.eu\/#\/schema\/logo\/image\/\"}}]}<\/script>\n<!-- \/ Yoast SEO plugin. -->","yoast_head_json":{"title":"Results | Enacting","robots":{"index":"index","follow":"follow","max-snippet":"max-snippet:-1","max-image-preview":"max-image-preview:large","max-video-preview":"max-video-preview:-1"},"canonical":"https:\/\/enacting-project.eu\/de\/results\/","og_locale":"de_DE","og_type":"article","og_title":"Results | Enacting","og_url":"https:\/\/enacting-project.eu\/de\/results\/","og_site_name":"Enacting","article_modified_time":"2023-06-08T11:58:05+00:00","twitter_card":"summary_large_image","twitter_misc":{"Gesch\u00e4tzte Lesezeit":"2\u00a0Minuten"},"schema":{"@context":"https:\/\/schema.org","@graph":[{"@type":"WebPage","@id":"https:\/\/enacting-project.eu\/results\/","url":"https:\/\/enacting-project.eu\/results\/","name":"Results | Enacting","isPartOf":{"@id":"https:\/\/enacting-project.eu\/#website"},"datePublished":"2021-07-21T05:26:46+00:00","dateModified":"2023-06-08T11:58:05+00:00","breadcrumb":{"@id":"https:\/\/enacting-project.eu\/results\/#breadcrumb"},"inLanguage":"de","potentialAction":[{"@type":"ReadAction","target":["https:\/\/enacting-project.eu\/results\/"]}]},{"@type":"BreadcrumbList","@id":"https:\/\/enacting-project.eu\/results\/#breadcrumb","itemListElement":[{"@type":"ListItem","position":1,"name":"Home","item":"https:\/\/enacting-project.eu\/"},{"@type":"ListItem","position":2,"name":"Results"}]},{"@type":"WebSite","@id":"https:\/\/enacting-project.eu\/#website","url":"https:\/\/enacting-project.eu\/","name":"Enacting","description":"Just another WordPress site","publisher":{"@id":"https:\/\/enacting-project.eu\/#organization"},"potentialAction":[{"@type":"SearchAction","target":{"@type":"EntryPoint","urlTemplate":"https:\/\/enacting-project.eu\/?s={search_term_string}"},"query-input":"required name=search_term_string"}],"inLanguage":"de"},{"@type":"Organization","@id":"https:\/\/enacting-project.eu\/#organization","name":"Enacting","url":"https:\/\/enacting-project.eu\/","logo":{"@type":"ImageObject","inLanguage":"de","@id":"https:\/\/enacting-project.eu\/#\/schema\/logo\/image\/","url":"http:\/\/enacting-project.eu\/wp-content\/uploads\/2021\/07\/logo.png","contentUrl":"http:\/\/enacting-project.eu\/wp-content\/uploads\/2021\/07\/logo.png","width":156,"height":100,"caption":"Enacting"},"image":{"@id":"https:\/\/enacting-project.eu\/#\/schema\/logo\/image\/"}}]}},"_links":{"self":[{"href":"https:\/\/enacting-project.eu\/de\/wp-json\/wp\/v2\/pages\/71"}],"collection":[{"href":"https:\/\/enacting-project.eu\/de\/wp-json\/wp\/v2\/pages"}],"about":[{"href":"https:\/\/enacting-project.eu\/de\/wp-json\/wp\/v2\/types\/page"}],"author":[{"embeddable":true,"href":"https:\/\/enacting-project.eu\/de\/wp-json\/wp\/v2\/users\/1"}],"replies":[{"embeddable":true,"href":"https:\/\/enacting-project.eu\/de\/wp-json\/wp\/v2\/comments?post=71"}],"version-history":[{"count":0,"href":"https:\/\/enacting-project.eu\/de\/wp-json\/wp\/v2\/pages\/71\/revisions"}],"wp:attachment":[{"href":"https:\/\/enacting-project.eu\/de\/wp-json\/wp\/v2\/media?parent=71"}],"curies":[{"name":"wp","href":"https:\/\/api.w.org\/{rel}","templated":true}]}}