{"id":174,"date":"2021-11-13T07:23:38","date_gmt":"2021-11-13T07:23:38","guid":{"rendered":"https:\/\/enacting-project.eu\/?page_id=174"},"modified":"2021-11-13T07:23:46","modified_gmt":"2021-11-13T07:23:46","slug":"centro","status":"publish","type":"page","link":"https:\/\/enacting-project.eu\/fr\/centro\/","title":{"rendered":"Centro di Creazione e Cultura"},"content":{"rendered":"<div id=\"modal-ready\"><div class=\"vc_row wpb_row vc_row-fluid\"><div class=\"wpb_column vc_column_container vc_col-sm-12\"><div class=\"vc_column-inner\"><div class=\"wpb_wrapper\">\n\t<div class=\"wpb_text_column wpb_content_element\" >\n\t\t<div class=\"wpb_wrapper\">\n\t\t\t<p>Centro di Creazione e Cultura (CCC) est une association culturelle bas\u00e9e \u00e0 Florence int\u00e9grant l'\u00e9ducation, l'\u00e9panouissement professionnel et la cr\u00e9ation artistique interdisciplinaire. Les nombreux projets men\u00e9s depuis 20 ans au niveau local et europ\u00e9en se concentrent sur les pratiques artistiques non formelles. Ceux-ci visent \u00e0 favoriser la croissance professionnelle et civique d' artistes talentueux, ainsi que des citoyens jeunes et adultes, avec une attention particuli\u00e8re \u00e0 ceux qui ont moins d'opportunit\u00e9s d'acc\u00e8s. Ils visent \u00e9galement \u00e0 promouvoir la diversit\u00e9 (inter)culturelle et sociale \u00e0 travers le dialogue de diff\u00e9rentes formes de la pens\u00e9e, de modes d'expression et de styles de vie.<\/p>\n\n\t\t<\/div>\n\t<\/div>\n\n\t<div class=\"wpb_text_column wpb_content_element\" >\n\t\t<div class=\"wpb_wrapper\">\n\t\t\t<p><a href=\"http:\/\/www.centrocreazionecultura.eu\/\" target=\"_blank\" rel=\"noopener\">Visit our website<\/a><\/p>\n\n\t\t<\/div>\n\t<\/div>\n<\/div><\/div><\/div><\/div>\n<\/div>","protected":false},"excerpt":{"rendered":null,"protected":false},"author":1,"featured_media":0,"parent":0,"menu_order":0,"comment_status":"closed","ping_status":"closed","template":"page-full.php","meta":{"footnotes":""},"yoast_head":"<!-- This site is optimized with the Yoast SEO plugin v22.6 - https:\/\/yoast.com\/wordpress\/plugins\/seo\/ -->\n<title>Centro di Creazione e Cultura | Enacting<\/title>\n<meta name=\"robots\" content=\"index, follow, max-snippet:-1, max-image-preview:large, max-video-preview:-1\" \/>\n<link rel=\"canonical\" href=\"https:\/\/enacting-project.eu\/fr\/centro\/\" \/>\n<meta property=\"og:locale\" content=\"fr_FR\" \/>\n<meta property=\"og:type\" content=\"article\" \/>\n<meta property=\"og:title\" content=\"Centro di Creazione e Cultura | Enacting\" \/>\n<meta property=\"og:url\" content=\"https:\/\/enacting-project.eu\/fr\/centro\/\" \/>\n<meta property=\"og:site_name\" content=\"Enacting\" \/>\n<meta property=\"article:modified_time\" content=\"2021-11-13T07:23:46+00:00\" \/>\n<meta name=\"twitter:card\" content=\"summary_large_image\" \/>\n<meta name=\"twitter:label1\" content=\"Dur\u00e9e de lecture estim\u00e9e\" \/>\n\t<meta name=\"twitter:data1\" content=\"1 minute\" \/>\n<script type=\"application\/ld+json\" class=\"yoast-schema-graph\">{\"@context\":\"https:\/\/schema.org\",\"@graph\":[{\"@type\":\"WebPage\",\"@id\":\"https:\/\/enacting-project.eu\/centro\/\",\"url\":\"https:\/\/enacting-project.eu\/centro\/\",\"name\":\"Centro di Creazione e Cultura | Enacting\",\"isPartOf\":{\"@id\":\"https:\/\/enacting-project.eu\/#website\"},\"datePublished\":\"2021-11-13T07:23:38+00:00\",\"dateModified\":\"2021-11-13T07:23:46+00:00\",\"breadcrumb\":{\"@id\":\"https:\/\/enacting-project.eu\/centro\/#breadcrumb\"},\"inLanguage\":\"fr-FR\",\"potentialAction\":[{\"@type\":\"ReadAction\",\"target\":[\"https:\/\/enacting-project.eu\/centro\/\"]}]},{\"@type\":\"BreadcrumbList\",\"@id\":\"https:\/\/enacting-project.eu\/centro\/#breadcrumb\",\"itemListElement\":[{\"@type\":\"ListItem\",\"position\":1,\"name\":\"Home\",\"item\":\"https:\/\/enacting-project.eu\/\"},{\"@type\":\"ListItem\",\"position\":2,\"name\":\"Centro di Creazione e Cultura\"}]},{\"@type\":\"WebSite\",\"@id\":\"https:\/\/enacting-project.eu\/#website\",\"url\":\"https:\/\/enacting-project.eu\/\",\"name\":\"Enacting\",\"description\":\"Just another WordPress site\",\"publisher\":{\"@id\":\"https:\/\/enacting-project.eu\/#organization\"},\"potentialAction\":[{\"@type\":\"SearchAction\",\"target\":{\"@type\":\"EntryPoint\",\"urlTemplate\":\"https:\/\/enacting-project.eu\/?s={search_term_string}\"},\"query-input\":\"required name=search_term_string\"}],\"inLanguage\":\"fr-FR\"},{\"@type\":\"Organization\",\"@id\":\"https:\/\/enacting-project.eu\/#organization\",\"name\":\"Enacting\",\"url\":\"https:\/\/enacting-project.eu\/\",\"logo\":{\"@type\":\"ImageObject\",\"inLanguage\":\"fr-FR\",\"@id\":\"https:\/\/enacting-project.eu\/#\/schema\/logo\/image\/\",\"url\":\"http:\/\/enacting-project.eu\/wp-content\/uploads\/2021\/07\/logo.png\",\"contentUrl\":\"http:\/\/enacting-project.eu\/wp-content\/uploads\/2021\/07\/logo.png\",\"width\":156,\"height\":100,\"caption\":\"Enacting\"},\"image\":{\"@id\":\"https:\/\/enacting-project.eu\/#\/schema\/logo\/image\/\"}}]}<\/script>\n<!-- \/ Yoast SEO plugin. -->","yoast_head_json":{"title":"Centro di Creazione e Cultura | Enacting","robots":{"index":"index","follow":"follow","max-snippet":"max-snippet:-1","max-image-preview":"max-image-preview:large","max-video-preview":"max-video-preview:-1"},"canonical":"https:\/\/enacting-project.eu\/fr\/centro\/","og_locale":"fr_FR","og_type":"article","og_title":"Centro di Creazione e Cultura | Enacting","og_url":"https:\/\/enacting-project.eu\/fr\/centro\/","og_site_name":"Enacting","article_modified_time":"2021-11-13T07:23:46+00:00","twitter_card":"summary_large_image","twitter_misc":{"Dur\u00e9e de lecture estim\u00e9e":"1 minute"},"schema":{"@context":"https:\/\/schema.org","@graph":[{"@type":"WebPage","@id":"https:\/\/enacting-project.eu\/centro\/","url":"https:\/\/enacting-project.eu\/centro\/","name":"Centro di Creazione e Cultura | Enacting","isPartOf":{"@id":"https:\/\/enacting-project.eu\/#website"},"datePublished":"2021-11-13T07:23:38+00:00","dateModified":"2021-11-13T07:23:46+00:00","breadcrumb":{"@id":"https:\/\/enacting-project.eu\/centro\/#breadcrumb"},"inLanguage":"fr-FR","potentialAction":[{"@type":"ReadAction","target":["https:\/\/enacting-project.eu\/centro\/"]}]},{"@type":"BreadcrumbList","@id":"https:\/\/enacting-project.eu\/centro\/#breadcrumb","itemListElement":[{"@type":"ListItem","position":1,"name":"Home","item":"https:\/\/enacting-project.eu\/"},{"@type":"ListItem","position":2,"name":"Centro di Creazione e Cultura"}]},{"@type":"WebSite","@id":"https:\/\/enacting-project.eu\/#website","url":"https:\/\/enacting-project.eu\/","name":"Enacting","description":"Just another WordPress site","publisher":{"@id":"https:\/\/enacting-project.eu\/#organization"},"potentialAction":[{"@type":"SearchAction","target":{"@type":"EntryPoint","urlTemplate":"https:\/\/enacting-project.eu\/?s={search_term_string}"},"query-input":"required name=search_term_string"}],"inLanguage":"fr-FR"},{"@type":"Organization","@id":"https:\/\/enacting-project.eu\/#organization","name":"Enacting","url":"https:\/\/enacting-project.eu\/","logo":{"@type":"ImageObject","inLanguage":"fr-FR","@id":"https:\/\/enacting-project.eu\/#\/schema\/logo\/image\/","url":"http:\/\/enacting-project.eu\/wp-content\/uploads\/2021\/07\/logo.png","contentUrl":"http:\/\/enacting-project.eu\/wp-content\/uploads\/2021\/07\/logo.png","width":156,"height":100,"caption":"Enacting"},"image":{"@id":"https:\/\/enacting-project.eu\/#\/schema\/logo\/image\/"}}]}},"_links":{"self":[{"href":"https:\/\/enacting-project.eu\/fr\/wp-json\/wp\/v2\/pages\/174"}],"collection":[{"href":"https:\/\/enacting-project.eu\/fr\/wp-json\/wp\/v2\/pages"}],"about":[{"href":"https:\/\/enacting-project.eu\/fr\/wp-json\/wp\/v2\/types\/page"}],"author":[{"embeddable":true,"href":"https:\/\/enacting-project.eu\/fr\/wp-json\/wp\/v2\/users\/1"}],"replies":[{"embeddable":true,"href":"https:\/\/enacting-project.eu\/fr\/wp-json\/wp\/v2\/comments?post=174"}],"version-history":[{"count":0,"href":"https:\/\/enacting-project.eu\/fr\/wp-json\/wp\/v2\/pages\/174\/revisions"}],"wp:attachment":[{"href":"https:\/\/enacting-project.eu\/fr\/wp-json\/wp\/v2\/media?parent=174"}],"curies":[{"name":"wp","href":"https:\/\/api.w.org\/{rel}","templated":true}]}}