{"id":335,"date":"2022-10-08T19:05:21","date_gmt":"2022-10-08T18:05:21","guid":{"rendered":"https:\/\/enacting-project.eu\/?page_id=335"},"modified":"2023-07-17T15:39:33","modified_gmt":"2023-07-17T14:39:33","slug":"participatory-media-lab","status":"publish","type":"page","link":"https:\/\/enacting-project.eu\/fr\/participatory-media-lab\/","title":{"rendered":"Media Lab Participatif"},"content":{"rendered":"<div id=\"modal-ready\"><div class=\"vc_row wpb_row vc_row-fluid\"><div class=\"wpb_column vc_column_container vc_col-sm-12\"><div class=\"vc_column-inner\"><div class=\"wpb_wrapper\">\n\t<div class=\"wpb_text_column wpb_content_element\" >\n\t\t<div class=\"wpb_wrapper\">\n\t\t\t<p>Bienvenue au Laboratoire de m\u00e9dias participatifs ENACTING ! Nous sommes ravis de vous offrir une plateforme accessible pour pr\u00e9senter les courts m\u00e9trages documentaires sociaux que vous avez cr\u00e9\u00e9s dans le cadre du projet innovant ENACTING et de notre cours en ligne gratuit ENACTING. Notre espace virtuel offre une occasion unique pour vous de vous connecter avec des spectateurs, des participants du monde entier et des experts des questions sociales que vous avez abord\u00e9es \u00e0 travers vos documentaires. D\u00e9couvrez une multitude de ressources dans le Laboratoire de m\u00e9dias participatifs, notamment notre biblioth\u00e8que de m\u00e9dias, qui comprend des entretiens avec des cin\u00e9astes professionnels ainsi que des courts m\u00e9trages documentaires sociaux soumis. Vous pouvez \u00e9galement trouver des informations sur nos <a class=\"waffle-rich-text-link\" href=\"https:\/\/enacting-project.eu\/fr\/challenges\/\"><strong>challenges<\/strong><\/a>, acc\u00e9der au <strong><a href=\"https:\/\/enacting-project.eu\/fr\/community\/\">forum ENACTING<\/a><\/strong> et obtenir des d\u00e9tails sur le prochain <a class=\"waffle-rich-text-link\" href=\"https:\/\/www.facebook.com\/ENACTINGProjectEU\/\"><strong>festival de films digital ENACTING<\/strong><\/a><strong>.<\/strong> Vous n&#8217;avez jamais r\u00e9alis\u00e9 de court m\u00e9trage documentaire social auparavant, mais vous souhaitez apprendre ? Pas de soucis. Consultez notre cours en ligne gratuit ENACTING o\u00f9 nous couvrons tout ce que vous devez savoir, de la pr\u00e9-production \u00e0 la post-production, pour que vous puissiez cr\u00e9er votre propre documentaire convaincant sur une question sociale qui impacte votre communaut\u00e9. Assurez-vous de nous suivre sur <strong><a class=\"waffle-rich-text-link\" href=\"https:\/\/www.facebook.com\/ENACTINGProjectEU\/\">Facebook<\/a><\/strong> pour ne jamais manquer un \u00e9v\u00e9nement ! Nous sommes ravis de faire partie de votre parcours pour avoir un impact positif dans votre communaut\u00e9 gr\u00e2ce \u00e0 l&#8217;art puissant du film documentaire. Collaborons pour utiliser le film comme un outil pour susciter un changement significatif et engager un dialogue productif.<\/p>\n\n\t\t<\/div>\n\t<\/div>\n<\/div><\/div><\/div><\/div><div class=\"vc_row wpb_row vc_row-fluid\"><div class=\"wpb_column vc_column_container vc_col-sm-12\"><div class=\"vc_column-inner\"><div class=\"wpb_wrapper\"><div class=\"vc_btn3-container vc_btn3-inline\" ><a class=\"vc_general vc_btn3 vc_btn3-size-md vc_btn3-shape-square vc_btn3-style-modern vc_btn3-color-mulled-wine\" href=\"https:\/\/enacting-project.eu\/fr\/community\/\" title=\"\">Media Lab Participatif<\/a><\/div><\/div><\/div><\/div><\/div><div class=\"vc_row wpb_row vc_row-fluid\"><div class=\"wpb_column vc_column_container vc_col-sm-12\"><div class=\"vc_column-inner\"><div class=\"wpb_wrapper\">\n\t<div  class=\"wpb_single_image wpb_content_element vc_align_center\">\n\t\t\n\t\t<figure class=\"wpb_wrapper vc_figure\">\n\t\t\t<div class=\"vc_single_image-wrapper   vc_box_border_grey\"><img width=\"300\" height=\"105\" src=\"https:\/\/enacting-project.eu\/wp-content\/uploads\/2023\/07\/by-nc-sa-300x105.png\" class=\"vc_single_image-img attachment-medium\" alt=\"by nc sa\" decoding=\"async\" loading=\"lazy\" srcset=\"https:\/\/enacting-project.eu\/wp-content\/uploads\/2023\/07\/by-nc-sa-300x105.png 300w, https:\/\/enacting-project.eu\/wp-content\/uploads\/2023\/07\/by-nc-sa-18x6.png 18w, https:\/\/enacting-project.eu\/wp-content\/uploads\/2023\/07\/by-nc-sa.png 403w\" sizes=\"(max-width: 300px) 100vw, 300px\" \/><\/div>\n\t\t<\/figure>\n\t<\/div>\n<\/div><\/div><\/div><\/div>\n<\/div>","protected":false},"excerpt":{"rendered":null,"protected":false},"author":1,"featured_media":0,"parent":0,"menu_order":0,"comment_status":"closed","ping_status":"closed","template":"page-full.php","meta":{"footnotes":""},"yoast_head":"<!-- This site is optimized with the Yoast SEO plugin v22.6 - https:\/\/yoast.com\/wordpress\/plugins\/seo\/ -->\n<title>Participatory Media Lab | Enacting<\/title>\n<meta name=\"robots\" content=\"index, follow, max-snippet:-1, max-image-preview:large, max-video-preview:-1\" \/>\n<link rel=\"canonical\" href=\"https:\/\/enacting-project.eu\/fr\/participatory-media-lab\/\" \/>\n<meta property=\"og:locale\" content=\"fr_FR\" \/>\n<meta property=\"og:type\" content=\"article\" \/>\n<meta property=\"og:title\" content=\"Participatory Media Lab | Enacting\" \/>\n<meta property=\"og:url\" content=\"https:\/\/enacting-project.eu\/fr\/participatory-media-lab\/\" \/>\n<meta property=\"og:site_name\" content=\"Enacting\" \/>\n<meta property=\"article:modified_time\" content=\"2023-07-17T14:39:33+00:00\" \/>\n<meta name=\"twitter:card\" content=\"summary_large_image\" \/>\n<meta name=\"twitter:label1\" content=\"Dur\u00e9e de lecture estim\u00e9e\" \/>\n\t<meta name=\"twitter:data1\" content=\"5 minutes\" \/>\n<script type=\"application\/ld+json\" class=\"yoast-schema-graph\">{\"@context\":\"https:\/\/schema.org\",\"@graph\":[{\"@type\":\"WebPage\",\"@id\":\"https:\/\/enacting-project.eu\/participatory-media-lab\/\",\"url\":\"https:\/\/enacting-project.eu\/participatory-media-lab\/\",\"name\":\"Participatory Media Lab | Enacting\",\"isPartOf\":{\"@id\":\"https:\/\/enacting-project.eu\/#website\"},\"datePublished\":\"2022-10-08T18:05:21+00:00\",\"dateModified\":\"2023-07-17T14:39:33+00:00\",\"breadcrumb\":{\"@id\":\"https:\/\/enacting-project.eu\/participatory-media-lab\/#breadcrumb\"},\"inLanguage\":\"fr-FR\",\"potentialAction\":[{\"@type\":\"ReadAction\",\"target\":[\"https:\/\/enacting-project.eu\/participatory-media-lab\/\"]}]},{\"@type\":\"BreadcrumbList\",\"@id\":\"https:\/\/enacting-project.eu\/participatory-media-lab\/#breadcrumb\",\"itemListElement\":[{\"@type\":\"ListItem\",\"position\":1,\"name\":\"Home\",\"item\":\"https:\/\/enacting-project.eu\/\"},{\"@type\":\"ListItem\",\"position\":2,\"name\":\"Participatory Media Lab\"}]},{\"@type\":\"WebSite\",\"@id\":\"https:\/\/enacting-project.eu\/#website\",\"url\":\"https:\/\/enacting-project.eu\/\",\"name\":\"Enacting\",\"description\":\"Just another WordPress site\",\"publisher\":{\"@id\":\"https:\/\/enacting-project.eu\/#organization\"},\"potentialAction\":[{\"@type\":\"SearchAction\",\"target\":{\"@type\":\"EntryPoint\",\"urlTemplate\":\"https:\/\/enacting-project.eu\/?s={search_term_string}\"},\"query-input\":\"required name=search_term_string\"}],\"inLanguage\":\"fr-FR\"},{\"@type\":\"Organization\",\"@id\":\"https:\/\/enacting-project.eu\/#organization\",\"name\":\"Enacting\",\"url\":\"https:\/\/enacting-project.eu\/\",\"logo\":{\"@type\":\"ImageObject\",\"inLanguage\":\"fr-FR\",\"@id\":\"https:\/\/enacting-project.eu\/#\/schema\/logo\/image\/\",\"url\":\"http:\/\/enacting-project.eu\/wp-content\/uploads\/2021\/07\/logo.png\",\"contentUrl\":\"http:\/\/enacting-project.eu\/wp-content\/uploads\/2021\/07\/logo.png\",\"width\":156,\"height\":100,\"caption\":\"Enacting\"},\"image\":{\"@id\":\"https:\/\/enacting-project.eu\/#\/schema\/logo\/image\/\"}}]}<\/script>\n<!-- \/ Yoast SEO plugin. -->","yoast_head_json":{"title":"Participatory Media Lab | Enacting","robots":{"index":"index","follow":"follow","max-snippet":"max-snippet:-1","max-image-preview":"max-image-preview:large","max-video-preview":"max-video-preview:-1"},"canonical":"https:\/\/enacting-project.eu\/fr\/participatory-media-lab\/","og_locale":"fr_FR","og_type":"article","og_title":"Participatory Media Lab | Enacting","og_url":"https:\/\/enacting-project.eu\/fr\/participatory-media-lab\/","og_site_name":"Enacting","article_modified_time":"2023-07-17T14:39:33+00:00","twitter_card":"summary_large_image","twitter_misc":{"Dur\u00e9e de lecture estim\u00e9e":"5 minutes"},"schema":{"@context":"https:\/\/schema.org","@graph":[{"@type":"WebPage","@id":"https:\/\/enacting-project.eu\/participatory-media-lab\/","url":"https:\/\/enacting-project.eu\/participatory-media-lab\/","name":"Participatory Media Lab | Enacting","isPartOf":{"@id":"https:\/\/enacting-project.eu\/#website"},"datePublished":"2022-10-08T18:05:21+00:00","dateModified":"2023-07-17T14:39:33+00:00","breadcrumb":{"@id":"https:\/\/enacting-project.eu\/participatory-media-lab\/#breadcrumb"},"inLanguage":"fr-FR","potentialAction":[{"@type":"ReadAction","target":["https:\/\/enacting-project.eu\/participatory-media-lab\/"]}]},{"@type":"BreadcrumbList","@id":"https:\/\/enacting-project.eu\/participatory-media-lab\/#breadcrumb","itemListElement":[{"@type":"ListItem","position":1,"name":"Home","item":"https:\/\/enacting-project.eu\/"},{"@type":"ListItem","position":2,"name":"Participatory Media Lab"}]},{"@type":"WebSite","@id":"https:\/\/enacting-project.eu\/#website","url":"https:\/\/enacting-project.eu\/","name":"Enacting","description":"Just another WordPress site","publisher":{"@id":"https:\/\/enacting-project.eu\/#organization"},"potentialAction":[{"@type":"SearchAction","target":{"@type":"EntryPoint","urlTemplate":"https:\/\/enacting-project.eu\/?s={search_term_string}"},"query-input":"required name=search_term_string"}],"inLanguage":"fr-FR"},{"@type":"Organization","@id":"https:\/\/enacting-project.eu\/#organization","name":"Enacting","url":"https:\/\/enacting-project.eu\/","logo":{"@type":"ImageObject","inLanguage":"fr-FR","@id":"https:\/\/enacting-project.eu\/#\/schema\/logo\/image\/","url":"http:\/\/enacting-project.eu\/wp-content\/uploads\/2021\/07\/logo.png","contentUrl":"http:\/\/enacting-project.eu\/wp-content\/uploads\/2021\/07\/logo.png","width":156,"height":100,"caption":"Enacting"},"image":{"@id":"https:\/\/enacting-project.eu\/#\/schema\/logo\/image\/"}}]}},"_links":{"self":[{"href":"https:\/\/enacting-project.eu\/fr\/wp-json\/wp\/v2\/pages\/335"}],"collection":[{"href":"https:\/\/enacting-project.eu\/fr\/wp-json\/wp\/v2\/pages"}],"about":[{"href":"https:\/\/enacting-project.eu\/fr\/wp-json\/wp\/v2\/types\/page"}],"author":[{"embeddable":true,"href":"https:\/\/enacting-project.eu\/fr\/wp-json\/wp\/v2\/users\/1"}],"replies":[{"embeddable":true,"href":"https:\/\/enacting-project.eu\/fr\/wp-json\/wp\/v2\/comments?post=335"}],"version-history":[{"count":0,"href":"https:\/\/enacting-project.eu\/fr\/wp-json\/wp\/v2\/pages\/335\/revisions"}],"wp:attachment":[{"href":"https:\/\/enacting-project.eu\/fr\/wp-json\/wp\/v2\/media?parent=335"}],"curies":[{"name":"wp","href":"https:\/\/api.w.org\/{rel}","templated":true}]}}