{"id":67,"date":"2021-07-21T06:23:32","date_gmt":"2021-07-21T05:23:32","guid":{"rendered":"http:\/\/enacting-project.eu\/?page_id=67"},"modified":"2022-12-13T11:18:36","modified_gmt":"2022-12-13T11:18:36","slug":"about","status":"publish","type":"page","link":"https:\/\/enacting-project.eu\/fr\/about\/","title":{"rendered":"\u00c0 PROPOS DE NOUS"},"content":{"rendered":"<div id=\"modal-ready\"><div class=\"vc_row wpb_row vc_row-fluid\"><div class=\"wpb_column vc_column_container vc_col-sm-12\"><div class=\"vc_column-inner\"><div class=\"wpb_wrapper\">\n\t<div class=\"wpb_text_column wpb_content_element\" >\n\t\t<div class=\"wpb_wrapper\">\n\t\t\t<p>Le projet ENACTING vise \u00e0 donner aux citoyens les moyens d&#8217;exprimer leurs id\u00e9es et leurs pr\u00e9occupations sur des questions sociales par la production de documentaires sociaux. Pour y parvenir, les partenaires du projet ENACTING ont con\u00e7u un cours en ligne innovant sur le d\u00e9veloppement de documentaires sociaux et une plateforme virtuelle qui fournit aux jeunes et aux adultes les connaissances, les comp\u00e9tences et l&#8217;espace n\u00e9cessaires pour produire et partager leurs propres documentaires afin d&#8217;aborder des questions sociales \u00e0 Ath\u00e8nes, Dresde, Florence, Larissa et Marseille.<\/p>\n<p>&nbsp;<\/p>\n<p>Les principaux r\u00e9sultats du projet ENACTING sont les suivants :<\/p>\n<p>&#8211; Une m\u00e9thodologie d&#8217;identification des d\u00e9fis locaux qui comprend un guide \u00e9tape par \u00e9tape des approches de recherche-action participatives.<\/p>\n<p>&#8211; Un cours en ligne gratuit et innovant sur le d\u00e9veloppement de documentaires sociaux qui fournit aux apprenants les connaissances, m\u00e9thodes et outils n\u00e9cessaires et actualis\u00e9s sur la r\u00e9alisation de films.<\/p>\n<p>&#8211; Le Media Lab Participatif, un lieu virtuel collectif pour diffuser les documentaires sociaux des apprenants et favoriser le dialogue.<\/p>\n<p>&#8211; Le festival digital Enacting, au cours duquel une s\u00e9lection de documentaires sociaux produits par les apprenants du cours en ligne ENACTING sera projet\u00e9e, et des d\u00e9bats seront organis\u00e9s par des experts tels que des documentaristes sociaux, des anthropologues sociaux, des activistes, des sociologues et des journalistes de France, d&#8217;Allemagne, de Gr\u00e8ce et d&#8217;Italie.&#8221;<\/p>\n<p>ENACTING est un projet de deux ans cofinanc\u00e9 par l&#8217;Union europ\u00e9enne dans le cadre du programme ERASMUS+ KA227 &#8220;Partenariats pour la cr\u00e9ativit\u00e9.<\/p>\n<p>Num\u00e9ro de convention : 2020-1-DE02-KA227-ADU-008316<\/p>\n\n\t\t<\/div>\n\t<\/div>\n<\/div><\/div><\/div><\/div>\n<\/div>","protected":false},"excerpt":{"rendered":null,"protected":false},"author":1,"featured_media":0,"parent":0,"menu_order":0,"comment_status":"closed","ping_status":"closed","template":"page-full.php","meta":{"footnotes":""},"yoast_head":"<!-- This site is optimized with the Yoast SEO plugin v22.6 - https:\/\/yoast.com\/wordpress\/plugins\/seo\/ -->\n<title>About Us | Enacting<\/title>\n<meta name=\"robots\" content=\"index, follow, max-snippet:-1, max-image-preview:large, max-video-preview:-1\" \/>\n<link rel=\"canonical\" href=\"https:\/\/enacting-project.eu\/fr\/about\/\" \/>\n<meta property=\"og:locale\" content=\"fr_FR\" \/>\n<meta property=\"og:type\" content=\"article\" \/>\n<meta property=\"og:title\" content=\"About Us | Enacting\" \/>\n<meta property=\"og:url\" content=\"https:\/\/enacting-project.eu\/fr\/about\/\" \/>\n<meta property=\"og:site_name\" content=\"Enacting\" \/>\n<meta property=\"article:modified_time\" content=\"2022-12-13T11:18:36+00:00\" \/>\n<meta name=\"twitter:card\" content=\"summary_large_image\" \/>\n<meta name=\"twitter:label1\" content=\"Dur\u00e9e de lecture estim\u00e9e\" \/>\n\t<meta name=\"twitter:data1\" content=\"5 minutes\" \/>\n<script type=\"application\/ld+json\" class=\"yoast-schema-graph\">{\"@context\":\"https:\/\/schema.org\",\"@graph\":[{\"@type\":\"WebPage\",\"@id\":\"https:\/\/enacting-project.eu\/about\/\",\"url\":\"https:\/\/enacting-project.eu\/about\/\",\"name\":\"About Us | Enacting\",\"isPartOf\":{\"@id\":\"https:\/\/enacting-project.eu\/#website\"},\"datePublished\":\"2021-07-21T05:23:32+00:00\",\"dateModified\":\"2022-12-13T11:18:36+00:00\",\"breadcrumb\":{\"@id\":\"https:\/\/enacting-project.eu\/about\/#breadcrumb\"},\"inLanguage\":\"fr-FR\",\"potentialAction\":[{\"@type\":\"ReadAction\",\"target\":[\"https:\/\/enacting-project.eu\/about\/\"]}]},{\"@type\":\"BreadcrumbList\",\"@id\":\"https:\/\/enacting-project.eu\/about\/#breadcrumb\",\"itemListElement\":[{\"@type\":\"ListItem\",\"position\":1,\"name\":\"Home\",\"item\":\"https:\/\/enacting-project.eu\/\"},{\"@type\":\"ListItem\",\"position\":2,\"name\":\"About Us\"}]},{\"@type\":\"WebSite\",\"@id\":\"https:\/\/enacting-project.eu\/#website\",\"url\":\"https:\/\/enacting-project.eu\/\",\"name\":\"Enacting\",\"description\":\"Just another WordPress site\",\"publisher\":{\"@id\":\"https:\/\/enacting-project.eu\/#organization\"},\"potentialAction\":[{\"@type\":\"SearchAction\",\"target\":{\"@type\":\"EntryPoint\",\"urlTemplate\":\"https:\/\/enacting-project.eu\/?s={search_term_string}\"},\"query-input\":\"required name=search_term_string\"}],\"inLanguage\":\"fr-FR\"},{\"@type\":\"Organization\",\"@id\":\"https:\/\/enacting-project.eu\/#organization\",\"name\":\"Enacting\",\"url\":\"https:\/\/enacting-project.eu\/\",\"logo\":{\"@type\":\"ImageObject\",\"inLanguage\":\"fr-FR\",\"@id\":\"https:\/\/enacting-project.eu\/#\/schema\/logo\/image\/\",\"url\":\"http:\/\/enacting-project.eu\/wp-content\/uploads\/2021\/07\/logo.png\",\"contentUrl\":\"http:\/\/enacting-project.eu\/wp-content\/uploads\/2021\/07\/logo.png\",\"width\":156,\"height\":100,\"caption\":\"Enacting\"},\"image\":{\"@id\":\"https:\/\/enacting-project.eu\/#\/schema\/logo\/image\/\"}}]}<\/script>\n<!-- \/ Yoast SEO plugin. -->","yoast_head_json":{"title":"About Us | Enacting","robots":{"index":"index","follow":"follow","max-snippet":"max-snippet:-1","max-image-preview":"max-image-preview:large","max-video-preview":"max-video-preview:-1"},"canonical":"https:\/\/enacting-project.eu\/fr\/about\/","og_locale":"fr_FR","og_type":"article","og_title":"About Us | Enacting","og_url":"https:\/\/enacting-project.eu\/fr\/about\/","og_site_name":"Enacting","article_modified_time":"2022-12-13T11:18:36+00:00","twitter_card":"summary_large_image","twitter_misc":{"Dur\u00e9e de lecture estim\u00e9e":"5 minutes"},"schema":{"@context":"https:\/\/schema.org","@graph":[{"@type":"WebPage","@id":"https:\/\/enacting-project.eu\/about\/","url":"https:\/\/enacting-project.eu\/about\/","name":"About Us | Enacting","isPartOf":{"@id":"https:\/\/enacting-project.eu\/#website"},"datePublished":"2021-07-21T05:23:32+00:00","dateModified":"2022-12-13T11:18:36+00:00","breadcrumb":{"@id":"https:\/\/enacting-project.eu\/about\/#breadcrumb"},"inLanguage":"fr-FR","potentialAction":[{"@type":"ReadAction","target":["https:\/\/enacting-project.eu\/about\/"]}]},{"@type":"BreadcrumbList","@id":"https:\/\/enacting-project.eu\/about\/#breadcrumb","itemListElement":[{"@type":"ListItem","position":1,"name":"Home","item":"https:\/\/enacting-project.eu\/"},{"@type":"ListItem","position":2,"name":"About Us"}]},{"@type":"WebSite","@id":"https:\/\/enacting-project.eu\/#website","url":"https:\/\/enacting-project.eu\/","name":"Enacting","description":"Just another WordPress site","publisher":{"@id":"https:\/\/enacting-project.eu\/#organization"},"potentialAction":[{"@type":"SearchAction","target":{"@type":"EntryPoint","urlTemplate":"https:\/\/enacting-project.eu\/?s={search_term_string}"},"query-input":"required name=search_term_string"}],"inLanguage":"fr-FR"},{"@type":"Organization","@id":"https:\/\/enacting-project.eu\/#organization","name":"Enacting","url":"https:\/\/enacting-project.eu\/","logo":{"@type":"ImageObject","inLanguage":"fr-FR","@id":"https:\/\/enacting-project.eu\/#\/schema\/logo\/image\/","url":"http:\/\/enacting-project.eu\/wp-content\/uploads\/2021\/07\/logo.png","contentUrl":"http:\/\/enacting-project.eu\/wp-content\/uploads\/2021\/07\/logo.png","width":156,"height":100,"caption":"Enacting"},"image":{"@id":"https:\/\/enacting-project.eu\/#\/schema\/logo\/image\/"}}]}},"_links":{"self":[{"href":"https:\/\/enacting-project.eu\/fr\/wp-json\/wp\/v2\/pages\/67"}],"collection":[{"href":"https:\/\/enacting-project.eu\/fr\/wp-json\/wp\/v2\/pages"}],"about":[{"href":"https:\/\/enacting-project.eu\/fr\/wp-json\/wp\/v2\/types\/page"}],"author":[{"embeddable":true,"href":"https:\/\/enacting-project.eu\/fr\/wp-json\/wp\/v2\/users\/1"}],"replies":[{"embeddable":true,"href":"https:\/\/enacting-project.eu\/fr\/wp-json\/wp\/v2\/comments?post=67"}],"version-history":[{"count":0,"href":"https:\/\/enacting-project.eu\/fr\/wp-json\/wp\/v2\/pages\/67\/revisions"}],"wp:attachment":[{"href":"https:\/\/enacting-project.eu\/fr\/wp-json\/wp\/v2\/media?parent=67"}],"curies":[{"name":"wp","href":"https:\/\/api.w.org\/{rel}","templated":true}]}}