{"id":686,"date":"2023-06-15T13:48:25","date_gmt":"2023-06-15T12:48:25","guid":{"rendered":"https:\/\/enacting-project.eu\/?page_id=686"},"modified":"2023-07-17T15:41:24","modified_gmt":"2023-07-17T14:41:24","slug":"enacting-media-library","status":"publish","type":"page","link":"https:\/\/enacting-project.eu\/fr\/enacting-media-library\/","title":{"rendered":"ENACTING Media Library"},"content":{"rendered":"<div id=\"modal-ready\"><div class=\"vc_row wpb_row vc_row-fluid\"><div class=\"wpb_column vc_column_container vc_col-sm-12\"><div class=\"vc_column-inner\"><div class=\"wpb_wrapper\">\n\t<div class=\"wpb_text_column wpb_content_element\" >\n\t\t<div class=\"wpb_wrapper\">\n\t\t\t<p>Bienvenue dans ENACTING Social Documentaries, le c\u0153ur du projet ENACTING et une plateforme qui c\u00e9l\u00e8bre la passion et l&#8217;engagement des nouveaux cin\u00e9astes comme vous. Ici, d&#8217;autres cin\u00e9astes comme vous ont soumis leurs propres films persuasifs qui abordent des probl\u00e8mes sociaux importants dans leurs communaut\u00e9s. Ces documentaires t\u00e9moignent de la puissance du r\u00e9cit documentaire pour sensibiliser, inspirer le changement et cr\u00e9er un impact. Tout ce dont vous avez besoin, c&#8217;est de la volont\u00e9 de faire une diff\u00e9rence et d&#8217;une disposition \u00e0 partager votre point de vue unique. Vous n&#8217;avez jamais r\u00e9alis\u00e9\u00b7e de documentaire social mais vous voulez apprendre? Pas de soucis. Consultez notre <a class=\"waffle-rich-text-link\" href=\"https:\/\/enacting-project.eu\/fr\/mooc-platform\/\"><strong>cours en ligne GRATUIT ENACTING<\/strong><\/a> o\u00f9 nous couvrons tout ce que vous devez savoir, de la pr\u00e9-production \u00e0 la post-production, afin que vous puissiez cr\u00e9er votre propre documentaire convaincant sur une question sociale qui impacte votre communaut\u00e9. Pendant que vous \u00eates ici dans notre biblioth\u00e8que de m\u00e9dias, assurez-vous de consulter nos interviews avec des cin\u00e9astes documentaristes professionnel\u00b7le\u00b7s de France, d&#8217;Allemagne, de Gr\u00e8ce et d&#8217;Italie. Mais ce n&#8217;est pas tout &#8211; n&#8217;oubliez pas d&#8217;explorer les autres sections du Laboratoire de m\u00e9dias participatifs, y compris nos<strong> <a class=\"waffle-rich-text-link\" href=\"https:\/\/enacting-project.eu\/fr\/challenges\/\">Challenges<\/a>,<\/strong> con\u00e7us pour stimuler la cr\u00e9ativit\u00e9 et favoriser les connexions, notre <strong><a href=\"https:\/\/enacting-project.eu\/fr\/community\/\">Forum ENACTING<\/a>,<\/strong> offrant un soutien et des opportunit\u00e9s de r\u00e9troaction, ainsi que les d\u00e9tails sur le prochain<strong> <a class=\"waffle-rich-text-link\" href=\"https:\/\/enacting-project.eu\/de\/digital-festival\/\">Festival digital du film Enacting<\/a><\/strong>, o\u00f9 vous pouvez pr\u00e9senter votre travail et potentiellement remporter un prix. Rejoignez-nous et travaillons ensemble pour cr\u00e9er un monde meilleur gr\u00e2ce \u00e0 la puissance du r\u00e9cit documentaire!<\/p>\n\n\t\t<\/div>\n\t<\/div>\n<\/div><\/div><\/div><\/div><div class=\"vc_row wpb_row vc_row-fluid\"><div class=\"wpb_column vc_column_container vc_col-sm-6\"><div class=\"vc_column-inner\"><div class=\"wpb_wrapper\"><div class=\"vc_btn3-container vc_btn3-center\" ><a class=\"vc_general vc_btn3 vc_btn3-size-lg vc_btn3-shape-square vc_btn3-style-modern vc_btn3-block vc_btn3-color-peacoc\" href=\"https:\/\/enacting-project.eu\/fr\/interviews\/\" title=\"Interviews\">Interviews<\/a><\/div><\/div><\/div><\/div><div class=\"wpb_column vc_column_container vc_col-sm-6\"><div class=\"vc_column-inner\"><div class=\"wpb_wrapper\"><div class=\"vc_btn3-container vc_btn3-center\" ><a class=\"vc_general vc_btn3 vc_btn3-size-lg vc_btn3-shape-square vc_btn3-style-modern vc_btn3-block vc_btn3-color-peacoc\" href=\"https:\/\/enacting-project.eu\/fr\/social-documentaries\/\" title=\"Social Documentaries\">Social Documentaries<\/a><\/div><\/div><\/div><\/div><\/div><div class=\"vc_row wpb_row vc_row-fluid\"><div class=\"wpb_column vc_column_container vc_col-sm-12\"><div class=\"vc_column-inner\"><div class=\"wpb_wrapper\">\n\t<div  class=\"wpb_single_image wpb_content_element vc_align_center\">\n\t\t\n\t\t<figure class=\"wpb_wrapper vc_figure\">\n\t\t\t<div class=\"vc_single_image-wrapper   vc_box_border_grey\"><img width=\"300\" height=\"105\" src=\"https:\/\/enacting-project.eu\/wp-content\/uploads\/2023\/07\/by-nc-sa-300x105.png\" class=\"vc_single_image-img attachment-medium\" alt=\"by nc sa\" decoding=\"async\" loading=\"lazy\" srcset=\"https:\/\/enacting-project.eu\/wp-content\/uploads\/2023\/07\/by-nc-sa-300x105.png 300w, https:\/\/enacting-project.eu\/wp-content\/uploads\/2023\/07\/by-nc-sa-18x6.png 18w, https:\/\/enacting-project.eu\/wp-content\/uploads\/2023\/07\/by-nc-sa.png 403w\" sizes=\"(max-width: 300px) 100vw, 300px\" \/><\/div>\n\t\t<\/figure>\n\t<\/div>\n<\/div><\/div><\/div><\/div>\n<\/div>","protected":false},"excerpt":{"rendered":null,"protected":false},"author":1,"featured_media":0,"parent":0,"menu_order":0,"comment_status":"closed","ping_status":"closed","template":"page-full.php","meta":{"footnotes":""},"yoast_head":"<!-- This site is optimized with the Yoast SEO plugin v22.6 - https:\/\/yoast.com\/wordpress\/plugins\/seo\/ -->\n<title>ENACTING Media Library | Enacting<\/title>\n<meta name=\"robots\" content=\"index, follow, max-snippet:-1, max-image-preview:large, max-video-preview:-1\" \/>\n<link rel=\"canonical\" href=\"https:\/\/enacting-project.eu\/fr\/enacting-media-library\/\" \/>\n<meta property=\"og:locale\" content=\"fr_FR\" \/>\n<meta property=\"og:type\" content=\"article\" \/>\n<meta property=\"og:title\" content=\"ENACTING Media Library | Enacting\" \/>\n<meta property=\"og:url\" content=\"https:\/\/enacting-project.eu\/fr\/enacting-media-library\/\" \/>\n<meta property=\"og:site_name\" content=\"Enacting\" \/>\n<meta property=\"article:modified_time\" content=\"2023-07-17T14:41:24+00:00\" \/>\n<meta name=\"twitter:card\" content=\"summary_large_image\" \/>\n<meta name=\"twitter:label1\" content=\"Dur\u00e9e de lecture estim\u00e9e\" \/>\n\t<meta name=\"twitter:data1\" content=\"6 minutes\" \/>\n<script type=\"application\/ld+json\" class=\"yoast-schema-graph\">{\"@context\":\"https:\/\/schema.org\",\"@graph\":[{\"@type\":\"WebPage\",\"@id\":\"https:\/\/enacting-project.eu\/enacting-media-library\/\",\"url\":\"https:\/\/enacting-project.eu\/enacting-media-library\/\",\"name\":\"ENACTING Media Library | Enacting\",\"isPartOf\":{\"@id\":\"https:\/\/enacting-project.eu\/#website\"},\"datePublished\":\"2023-06-15T12:48:25+00:00\",\"dateModified\":\"2023-07-17T14:41:24+00:00\",\"breadcrumb\":{\"@id\":\"https:\/\/enacting-project.eu\/enacting-media-library\/#breadcrumb\"},\"inLanguage\":\"fr-FR\",\"potentialAction\":[{\"@type\":\"ReadAction\",\"target\":[\"https:\/\/enacting-project.eu\/enacting-media-library\/\"]}]},{\"@type\":\"BreadcrumbList\",\"@id\":\"https:\/\/enacting-project.eu\/enacting-media-library\/#breadcrumb\",\"itemListElement\":[{\"@type\":\"ListItem\",\"position\":1,\"name\":\"Home\",\"item\":\"https:\/\/enacting-project.eu\/\"},{\"@type\":\"ListItem\",\"position\":2,\"name\":\"ENACTING Media Library\"}]},{\"@type\":\"WebSite\",\"@id\":\"https:\/\/enacting-project.eu\/#website\",\"url\":\"https:\/\/enacting-project.eu\/\",\"name\":\"Enacting\",\"description\":\"Just another WordPress site\",\"publisher\":{\"@id\":\"https:\/\/enacting-project.eu\/#organization\"},\"potentialAction\":[{\"@type\":\"SearchAction\",\"target\":{\"@type\":\"EntryPoint\",\"urlTemplate\":\"https:\/\/enacting-project.eu\/?s={search_term_string}\"},\"query-input\":\"required name=search_term_string\"}],\"inLanguage\":\"fr-FR\"},{\"@type\":\"Organization\",\"@id\":\"https:\/\/enacting-project.eu\/#organization\",\"name\":\"Enacting\",\"url\":\"https:\/\/enacting-project.eu\/\",\"logo\":{\"@type\":\"ImageObject\",\"inLanguage\":\"fr-FR\",\"@id\":\"https:\/\/enacting-project.eu\/#\/schema\/logo\/image\/\",\"url\":\"http:\/\/enacting-project.eu\/wp-content\/uploads\/2021\/07\/logo.png\",\"contentUrl\":\"http:\/\/enacting-project.eu\/wp-content\/uploads\/2021\/07\/logo.png\",\"width\":156,\"height\":100,\"caption\":\"Enacting\"},\"image\":{\"@id\":\"https:\/\/enacting-project.eu\/#\/schema\/logo\/image\/\"}}]}<\/script>\n<!-- \/ Yoast SEO plugin. -->","yoast_head_json":{"title":"ENACTING Media Library | Enacting","robots":{"index":"index","follow":"follow","max-snippet":"max-snippet:-1","max-image-preview":"max-image-preview:large","max-video-preview":"max-video-preview:-1"},"canonical":"https:\/\/enacting-project.eu\/fr\/enacting-media-library\/","og_locale":"fr_FR","og_type":"article","og_title":"ENACTING Media Library | Enacting","og_url":"https:\/\/enacting-project.eu\/fr\/enacting-media-library\/","og_site_name":"Enacting","article_modified_time":"2023-07-17T14:41:24+00:00","twitter_card":"summary_large_image","twitter_misc":{"Dur\u00e9e de lecture estim\u00e9e":"6 minutes"},"schema":{"@context":"https:\/\/schema.org","@graph":[{"@type":"WebPage","@id":"https:\/\/enacting-project.eu\/enacting-media-library\/","url":"https:\/\/enacting-project.eu\/enacting-media-library\/","name":"ENACTING Media Library | Enacting","isPartOf":{"@id":"https:\/\/enacting-project.eu\/#website"},"datePublished":"2023-06-15T12:48:25+00:00","dateModified":"2023-07-17T14:41:24+00:00","breadcrumb":{"@id":"https:\/\/enacting-project.eu\/enacting-media-library\/#breadcrumb"},"inLanguage":"fr-FR","potentialAction":[{"@type":"ReadAction","target":["https:\/\/enacting-project.eu\/enacting-media-library\/"]}]},{"@type":"BreadcrumbList","@id":"https:\/\/enacting-project.eu\/enacting-media-library\/#breadcrumb","itemListElement":[{"@type":"ListItem","position":1,"name":"Home","item":"https:\/\/enacting-project.eu\/"},{"@type":"ListItem","position":2,"name":"ENACTING Media Library"}]},{"@type":"WebSite","@id":"https:\/\/enacting-project.eu\/#website","url":"https:\/\/enacting-project.eu\/","name":"Enacting","description":"Just another WordPress site","publisher":{"@id":"https:\/\/enacting-project.eu\/#organization"},"potentialAction":[{"@type":"SearchAction","target":{"@type":"EntryPoint","urlTemplate":"https:\/\/enacting-project.eu\/?s={search_term_string}"},"query-input":"required name=search_term_string"}],"inLanguage":"fr-FR"},{"@type":"Organization","@id":"https:\/\/enacting-project.eu\/#organization","name":"Enacting","url":"https:\/\/enacting-project.eu\/","logo":{"@type":"ImageObject","inLanguage":"fr-FR","@id":"https:\/\/enacting-project.eu\/#\/schema\/logo\/image\/","url":"http:\/\/enacting-project.eu\/wp-content\/uploads\/2021\/07\/logo.png","contentUrl":"http:\/\/enacting-project.eu\/wp-content\/uploads\/2021\/07\/logo.png","width":156,"height":100,"caption":"Enacting"},"image":{"@id":"https:\/\/enacting-project.eu\/#\/schema\/logo\/image\/"}}]}},"_links":{"self":[{"href":"https:\/\/enacting-project.eu\/fr\/wp-json\/wp\/v2\/pages\/686"}],"collection":[{"href":"https:\/\/enacting-project.eu\/fr\/wp-json\/wp\/v2\/pages"}],"about":[{"href":"https:\/\/enacting-project.eu\/fr\/wp-json\/wp\/v2\/types\/page"}],"author":[{"embeddable":true,"href":"https:\/\/enacting-project.eu\/fr\/wp-json\/wp\/v2\/users\/1"}],"replies":[{"embeddable":true,"href":"https:\/\/enacting-project.eu\/fr\/wp-json\/wp\/v2\/comments?post=686"}],"version-history":[{"count":0,"href":"https:\/\/enacting-project.eu\/fr\/wp-json\/wp\/v2\/pages\/686\/revisions"}],"wp:attachment":[{"href":"https:\/\/enacting-project.eu\/fr\/wp-json\/wp\/v2\/media?parent=686"}],"curies":[{"name":"wp","href":"https:\/\/api.w.org\/{rel}","templated":true}]}}