{"id":69,"date":"2021-07-21T06:24:00","date_gmt":"2021-07-21T05:24:00","guid":{"rendered":"http:\/\/enacting-project.eu\/?page_id=69"},"modified":"2023-05-05T07:26:53","modified_gmt":"2023-05-05T06:26:53","slug":"objectives","status":"publish","type":"page","link":"https:\/\/enacting-project.eu\/fr\/objectives\/","title":{"rendered":"Objectifs"},"content":{"rendered":"<div id=\"modal-ready\"><div class=\"vc_row wpb_row vc_row-fluid\"><div class=\"wpb_column vc_column_container vc_col-sm-12\"><div class=\"vc_column-inner\"><div class=\"wpb_wrapper\">\n\t<div class=\"wpb_text_column wpb_content_element\" >\n\t\t<div class=\"wpb_wrapper\">\n\t\t\t<p>Covid-19 a cr\u00e9\u00e9 une crise sans pr\u00e9c\u00e9dent, ayant un impact sur la vie des gens, l&#8217;\u00e9ducation, et les secteurs culturels et cr\u00e9atifs. Le projet ENACTING se concentre sur les zones urbaines qui pr\u00e9sentent des niveaux \u00e9lev\u00e9s d&#8217;h\u00e9t\u00e9rog\u00e9n\u00e9it\u00e9 culturelle et d&#8217;in\u00e9galit\u00e9 sociale. Les documentaires peuvent avoir un impact social consid\u00e9rable, car ils peuvent remettre en question les r\u00e9cits dominants, \u00e9tablir des relations communautaires et cr\u00e9er un changement social. Les films documentaires suscitent l&#8217;empathie, \u00e9clairent de nouvelles perspectives et activent des \u00e9motions puissantes. Les spectateurs peuvent \u00eatre inspir\u00e9s et se sentir habilit\u00e9s et motiv\u00e9s pour apporter un changement social. L&#8217;empathie cr\u00e9\u00e9e par la narration peut \u00eatre un carburant pour l&#8217;action.<\/p>\n<p>&nbsp;<\/p>\n<p>Dans ENACTING, nous pr\u00e9sentons une m\u00e9thode d&#8217;engagement civique qui utilise des documentaires vid\u00e9o pour saisir les discours dans des contextes locaux cibl\u00e9s et les transf\u00e9rer vers des espaces en ligne. Notre m\u00e9thode vise \u00e0 faciliter la cr\u00e9ativit\u00e9, l&#8217;innovation et la citoyennet\u00e9 active, ainsi que l&#8217;\u00e9change de perspectives entre les communaut\u00e9s \u00e0 travers ces espaces.<\/p>\n<p>&nbsp;<\/p>\n<p>Par cons\u00e9quent, le projet ENACTING vise \u00e0 :<\/p>\n<p>&#8211; promouvoir des valeurs communes, l&#8217;inclusion, l&#8217;engagement civique et la participation par le d\u00e9veloppement de comp\u00e9tences dans les arts et les pratiques num\u00e9riques innovantes<\/p>\n<p>&#8211; identifier les d\u00e9fis sociaux dans les contextes locaux et fournir une m\u00e9thodologie concr\u00e8te \u00e0 cet effet<\/p>\n<p>&#8211; promouvoir le d\u00e9veloppement de comp\u00e9tences dans la pratique artistique num\u00e9rique du d\u00e9veloppement d&#8217;un documentaire social en proposant une formation en ligne sur le d\u00e9veloppement de documentaires sociaux (ENACTING MOOC). Le cours en ligne permettra aux apprenants de repenser les d\u00e9fis locaux de mani\u00e8re cr\u00e9ative et de proposer des solutions potentielles, contribuant ainsi \u00e0 leur communaut\u00e9.<\/p>\n<p>&#8211; favoriser l&#8217;inclusion sociale et le dialogue interculturel, gr\u00e2ce au ENACTING Media Lab Participatif. Le laboratoire de m\u00e9dias participatifs ENACTING est cr\u00e9\u00e9 pour promouvoir le d\u00e9veloppement de l&#8217;audience et l&#8217;utilisation de moyens num\u00e9riques pour diffuser des documentaires sociaux contribuant \u00e0 la relance des secteurs culturel et cr\u00e9atif.<\/p>\n<p>&nbsp;<\/p>\n<p>Le cours en ligne et le laboratoire de m\u00e9dias participatifs ENACTING donneront des moyens d&#8217;action aux citoyens des communaut\u00e9s locales concern\u00e9es. Ils s&#8217;adressent en d\u00e9finitive \u00e0 tous les adultes &#8211; jeunes et animateurs de jeunesse, personnes \u00e2g\u00e9es, formateurs et \u00e9ducateurs, artistes, migrants et r\u00e9fugi\u00e9s, groupes d\u00e9favoris\u00e9s, et toute autre personne int\u00e9ress\u00e9e. Le projet s&#8217;adresse \u00e9galement aux autorit\u00e9s locales, aux d\u00e9cideurs politiques, aux organisations de base et communautaires, aux clubs\/centres de jeunes, aux \u00e9tablissements d&#8217;enseignement pour adultes, aux CCS locaux, aux ONG, aux coop\u00e9ratives sociales et aux \u00e9tablissements d&#8217;enseignement sup\u00e9rieur sp\u00e9cialis\u00e9s dans l&#8217;\u00e9ducation aux arts et aux m\u00e9dias num\u00e9riques.<\/p>\n\n\t\t<\/div>\n\t<\/div>\n<\/div><\/div><\/div><\/div>\n<\/div>","protected":false},"excerpt":{"rendered":null,"protected":false},"author":1,"featured_media":0,"parent":0,"menu_order":0,"comment_status":"closed","ping_status":"closed","template":"page-full.php","meta":{"footnotes":""},"yoast_head":"<!-- This site is optimized with the Yoast SEO plugin v22.6 - https:\/\/yoast.com\/wordpress\/plugins\/seo\/ -->\n<title>Objectives | Enacting<\/title>\n<meta name=\"robots\" content=\"index, follow, max-snippet:-1, max-image-preview:large, max-video-preview:-1\" \/>\n<link rel=\"canonical\" href=\"https:\/\/enacting-project.eu\/fr\/objectives\/\" \/>\n<meta property=\"og:locale\" content=\"fr_FR\" \/>\n<meta property=\"og:type\" content=\"article\" \/>\n<meta property=\"og:title\" content=\"Objectives | Enacting\" \/>\n<meta property=\"og:url\" content=\"https:\/\/enacting-project.eu\/fr\/objectives\/\" \/>\n<meta property=\"og:site_name\" content=\"Enacting\" \/>\n<meta property=\"article:modified_time\" content=\"2023-05-05T06:26:53+00:00\" \/>\n<meta name=\"twitter:card\" content=\"summary_large_image\" \/>\n<meta name=\"twitter:label1\" content=\"Dur\u00e9e de lecture estim\u00e9e\" \/>\n\t<meta name=\"twitter:data1\" content=\"9 minutes\" \/>\n<script type=\"application\/ld+json\" class=\"yoast-schema-graph\">{\"@context\":\"https:\/\/schema.org\",\"@graph\":[{\"@type\":\"WebPage\",\"@id\":\"https:\/\/enacting-project.eu\/objectives\/\",\"url\":\"https:\/\/enacting-project.eu\/objectives\/\",\"name\":\"Objectives | Enacting\",\"isPartOf\":{\"@id\":\"https:\/\/enacting-project.eu\/#website\"},\"datePublished\":\"2021-07-21T05:24:00+00:00\",\"dateModified\":\"2023-05-05T06:26:53+00:00\",\"breadcrumb\":{\"@id\":\"https:\/\/enacting-project.eu\/objectives\/#breadcrumb\"},\"inLanguage\":\"fr-FR\",\"potentialAction\":[{\"@type\":\"ReadAction\",\"target\":[\"https:\/\/enacting-project.eu\/objectives\/\"]}]},{\"@type\":\"BreadcrumbList\",\"@id\":\"https:\/\/enacting-project.eu\/objectives\/#breadcrumb\",\"itemListElement\":[{\"@type\":\"ListItem\",\"position\":1,\"name\":\"Home\",\"item\":\"https:\/\/enacting-project.eu\/\"},{\"@type\":\"ListItem\",\"position\":2,\"name\":\"Objectives\"}]},{\"@type\":\"WebSite\",\"@id\":\"https:\/\/enacting-project.eu\/#website\",\"url\":\"https:\/\/enacting-project.eu\/\",\"name\":\"Enacting\",\"description\":\"Just another WordPress site\",\"publisher\":{\"@id\":\"https:\/\/enacting-project.eu\/#organization\"},\"potentialAction\":[{\"@type\":\"SearchAction\",\"target\":{\"@type\":\"EntryPoint\",\"urlTemplate\":\"https:\/\/enacting-project.eu\/?s={search_term_string}\"},\"query-input\":\"required name=search_term_string\"}],\"inLanguage\":\"fr-FR\"},{\"@type\":\"Organization\",\"@id\":\"https:\/\/enacting-project.eu\/#organization\",\"name\":\"Enacting\",\"url\":\"https:\/\/enacting-project.eu\/\",\"logo\":{\"@type\":\"ImageObject\",\"inLanguage\":\"fr-FR\",\"@id\":\"https:\/\/enacting-project.eu\/#\/schema\/logo\/image\/\",\"url\":\"http:\/\/enacting-project.eu\/wp-content\/uploads\/2021\/07\/logo.png\",\"contentUrl\":\"http:\/\/enacting-project.eu\/wp-content\/uploads\/2021\/07\/logo.png\",\"width\":156,\"height\":100,\"caption\":\"Enacting\"},\"image\":{\"@id\":\"https:\/\/enacting-project.eu\/#\/schema\/logo\/image\/\"}}]}<\/script>\n<!-- \/ Yoast SEO plugin. -->","yoast_head_json":{"title":"Objectives | Enacting","robots":{"index":"index","follow":"follow","max-snippet":"max-snippet:-1","max-image-preview":"max-image-preview:large","max-video-preview":"max-video-preview:-1"},"canonical":"https:\/\/enacting-project.eu\/fr\/objectives\/","og_locale":"fr_FR","og_type":"article","og_title":"Objectives | Enacting","og_url":"https:\/\/enacting-project.eu\/fr\/objectives\/","og_site_name":"Enacting","article_modified_time":"2023-05-05T06:26:53+00:00","twitter_card":"summary_large_image","twitter_misc":{"Dur\u00e9e de lecture estim\u00e9e":"9 minutes"},"schema":{"@context":"https:\/\/schema.org","@graph":[{"@type":"WebPage","@id":"https:\/\/enacting-project.eu\/objectives\/","url":"https:\/\/enacting-project.eu\/objectives\/","name":"Objectives | Enacting","isPartOf":{"@id":"https:\/\/enacting-project.eu\/#website"},"datePublished":"2021-07-21T05:24:00+00:00","dateModified":"2023-05-05T06:26:53+00:00","breadcrumb":{"@id":"https:\/\/enacting-project.eu\/objectives\/#breadcrumb"},"inLanguage":"fr-FR","potentialAction":[{"@type":"ReadAction","target":["https:\/\/enacting-project.eu\/objectives\/"]}]},{"@type":"BreadcrumbList","@id":"https:\/\/enacting-project.eu\/objectives\/#breadcrumb","itemListElement":[{"@type":"ListItem","position":1,"name":"Home","item":"https:\/\/enacting-project.eu\/"},{"@type":"ListItem","position":2,"name":"Objectives"}]},{"@type":"WebSite","@id":"https:\/\/enacting-project.eu\/#website","url":"https:\/\/enacting-project.eu\/","name":"Enacting","description":"Just another WordPress site","publisher":{"@id":"https:\/\/enacting-project.eu\/#organization"},"potentialAction":[{"@type":"SearchAction","target":{"@type":"EntryPoint","urlTemplate":"https:\/\/enacting-project.eu\/?s={search_term_string}"},"query-input":"required name=search_term_string"}],"inLanguage":"fr-FR"},{"@type":"Organization","@id":"https:\/\/enacting-project.eu\/#organization","name":"Enacting","url":"https:\/\/enacting-project.eu\/","logo":{"@type":"ImageObject","inLanguage":"fr-FR","@id":"https:\/\/enacting-project.eu\/#\/schema\/logo\/image\/","url":"http:\/\/enacting-project.eu\/wp-content\/uploads\/2021\/07\/logo.png","contentUrl":"http:\/\/enacting-project.eu\/wp-content\/uploads\/2021\/07\/logo.png","width":156,"height":100,"caption":"Enacting"},"image":{"@id":"https:\/\/enacting-project.eu\/#\/schema\/logo\/image\/"}}]}},"_links":{"self":[{"href":"https:\/\/enacting-project.eu\/fr\/wp-json\/wp\/v2\/pages\/69"}],"collection":[{"href":"https:\/\/enacting-project.eu\/fr\/wp-json\/wp\/v2\/pages"}],"about":[{"href":"https:\/\/enacting-project.eu\/fr\/wp-json\/wp\/v2\/types\/page"}],"author":[{"embeddable":true,"href":"https:\/\/enacting-project.eu\/fr\/wp-json\/wp\/v2\/users\/1"}],"replies":[{"embeddable":true,"href":"https:\/\/enacting-project.eu\/fr\/wp-json\/wp\/v2\/comments?post=69"}],"version-history":[{"count":0,"href":"https:\/\/enacting-project.eu\/fr\/wp-json\/wp\/v2\/pages\/69\/revisions"}],"wp:attachment":[{"href":"https:\/\/enacting-project.eu\/fr\/wp-json\/wp\/v2\/media?parent=69"}],"curies":[{"name":"wp","href":"https:\/\/api.w.org\/{rel}","templated":true}]}}