{"id":71,"date":"2021-07-21T06:26:46","date_gmt":"2021-07-21T05:26:46","guid":{"rendered":"http:\/\/enacting-project.eu\/?page_id=71"},"modified":"2023-06-08T12:58:05","modified_gmt":"2023-06-08T11:58:05","slug":"results","status":"publish","type":"page","link":"https:\/\/enacting-project.eu\/fr\/results\/","title":{"rendered":"R\u00e9sultats"},"content":{"rendered":"<div id=\"modal-ready\"><div class=\"vc_row wpb_row vc_row-fluid\"><div class=\"wpb_column vc_column_container vc_col-sm-12\"><div class=\"vc_column-inner\"><div class=\"wpb_wrapper\">\n\t<div class=\"wpb_text_column wpb_content_element\" >\n\t\t<div class=\"wpb_wrapper\">\n\t\t\t<p>Parall\u00e8lement \u00e0 la r\u00e9alisation du projet, quatre principaux objectifs (productions intellectuelles) ont \u00e9t\u00e9 fix\u00e9s. En particulier, le projet ENACTING d\u00e9veloppera un cours en ligne innovant sur l\u2018\u00e9laboration de documentaires sociaux ainsi qu'un Media Lab, afin de donner un espace o\u00fa exposer des r\u00e9ponses aux d\u00e9fis soci\u00e9taux locaux. En outre, le Media Lab Participatif proposera un moyen innovant de g\u00e9rer, de diffuser, d'acc\u00e9der et de consommer des produits cr\u00e9atifs, ainsi qu'un \u00ab espace \u00bb innovant pour l'engagement civique et l'\u00e9change.<\/p>\n<p>Ainsi, \u00e0 la fin du projet, il est convenu que les r\u00e9sultats suivants soient atteints :<\/p>\n<ol>\n<li class=\" translation-block\"><u>IO1 : Identification des enjeux locaux en milieu urbain.<\/u>L'objectif principal de l'\u00e9valuation des d\u00e9fis locaux est d'acqu\u00e9rir une compr\u00e9hension globale des particularit\u00e9s, des caract\u00e9ristiques et des d\u00e9fis sociaux actuels dans les contextes urbains. L'identification des d\u00e9fis locaux fournira les th\u00e8mes principaux des documentaires sociaux \u00e0 d\u00e9velopper par les apprenants dans le cadre de leur participation \u00e0 l'IO3. Outre l'identification des d\u00e9fis locaux, ce premier r\u00e9sultat fournira une m\u00e9thodologie concr\u00e8te pour \u00e9valuer les d\u00e9fis locaux, qui pourra \u00eatre transf\u00e9r\u00e9e et r\u00e9utilis\u00e9e dans d'autres contextes.<\/li>\n<li class=\" translation-block\"><u>IO2 : cours de formation sur la mise en \u0153uvre du film-documentaire social.<\/u> Un cours de formation complet comprenant une suite de modules, de ressources-catalogues et manuels de cours, mat\u00e9riel de lecture, le\u00e7ons vid\u00e9o, activit\u00e9s d'apprentissage, biblioth\u00e8que virtuelle, examens d'\u00e9valuation, la remise d\u2019un certificat -qui soutiendra tous les apprenants ainsi que les enseignants-partenaires et le personnel administratif dans le d\u00e9veloppement de leurs comp\u00e9tences en production de films-documentaires sociaux-. Ceci sera effectu\u00e9 en capitalisant sur la multiplication des nouveaux environnements d'apprentissage digitaux et l'ubiquit\u00e9 des appareils mobiles et des logiciels open source. Le cours de formation sera d\u00e9velopp\u00e9 sous la forme d'une s\u00e9rie de 4 modules et sera disponible sur la plateforme d'apprentissage virtuel ENACTING (IO3)<\/li>\n<li class=\" translation-block\"><u>IO3 : ENACTING \u039fnline Cours<\/u> \u2013 la cr\u00e9ation d'un environnement d'apprentissage virtuel  et d'un cours en ligne ouvert \u00e0 tous (MOOC) accessible librement et contenant le mat\u00e9riel de formation et d'\u00e9valuation d\u00e9velopp\u00e9 en amont. Le MOOC contient \u00e9galement un espace de communaut\u00e9 virtuelle pour soutenir les interactions entre les apprenants, les professeurs et les assistants d'enseignement.<\/li>\n<li class=\" translation-block\"><u>IO4 : ENACTING Participatory Media Lab <\/u> - un lieu virtuel collectif qui permet \u00e0 la fois de donner de la visibilit\u00e9 aux productions r\u00e9alis\u00e9es par les participants des diff\u00e9rents pays et de repr\u00e9senter un espace de dialogue et d'\u00e9change.<\/li>\n<\/ol>\n\n\t\t<\/div>\n\t<\/div>\n<\/div><\/div><\/div><\/div>\n<\/div>","protected":false},"excerpt":{"rendered":null,"protected":false},"author":1,"featured_media":0,"parent":0,"menu_order":0,"comment_status":"closed","ping_status":"closed","template":"page-full.php","meta":{"footnotes":""},"yoast_head":"<!-- This site is optimized with the Yoast SEO plugin v22.6 - https:\/\/yoast.com\/wordpress\/plugins\/seo\/ -->\n<title>Results | Enacting<\/title>\n<meta name=\"robots\" content=\"index, follow, max-snippet:-1, max-image-preview:large, max-video-preview:-1\" \/>\n<link rel=\"canonical\" href=\"https:\/\/enacting-project.eu\/fr\/results\/\" \/>\n<meta property=\"og:locale\" content=\"fr_FR\" \/>\n<meta property=\"og:type\" content=\"article\" \/>\n<meta property=\"og:title\" content=\"Results | Enacting\" \/>\n<meta property=\"og:url\" content=\"https:\/\/enacting-project.eu\/fr\/results\/\" \/>\n<meta property=\"og:site_name\" content=\"Enacting\" \/>\n<meta property=\"article:modified_time\" content=\"2023-06-08T11:58:05+00:00\" \/>\n<meta name=\"twitter:card\" content=\"summary_large_image\" \/>\n<meta name=\"twitter:label1\" content=\"Dur\u00e9e de lecture estim\u00e9e\" \/>\n\t<meta name=\"twitter:data1\" content=\"2 minutes\" \/>\n<script type=\"application\/ld+json\" class=\"yoast-schema-graph\">{\"@context\":\"https:\/\/schema.org\",\"@graph\":[{\"@type\":\"WebPage\",\"@id\":\"https:\/\/enacting-project.eu\/results\/\",\"url\":\"https:\/\/enacting-project.eu\/results\/\",\"name\":\"Results | Enacting\",\"isPartOf\":{\"@id\":\"https:\/\/enacting-project.eu\/#website\"},\"datePublished\":\"2021-07-21T05:26:46+00:00\",\"dateModified\":\"2023-06-08T11:58:05+00:00\",\"breadcrumb\":{\"@id\":\"https:\/\/enacting-project.eu\/results\/#breadcrumb\"},\"inLanguage\":\"fr-FR\",\"potentialAction\":[{\"@type\":\"ReadAction\",\"target\":[\"https:\/\/enacting-project.eu\/results\/\"]}]},{\"@type\":\"BreadcrumbList\",\"@id\":\"https:\/\/enacting-project.eu\/results\/#breadcrumb\",\"itemListElement\":[{\"@type\":\"ListItem\",\"position\":1,\"name\":\"Home\",\"item\":\"https:\/\/enacting-project.eu\/\"},{\"@type\":\"ListItem\",\"position\":2,\"name\":\"Results\"}]},{\"@type\":\"WebSite\",\"@id\":\"https:\/\/enacting-project.eu\/#website\",\"url\":\"https:\/\/enacting-project.eu\/\",\"name\":\"Enacting\",\"description\":\"Just another WordPress site\",\"publisher\":{\"@id\":\"https:\/\/enacting-project.eu\/#organization\"},\"potentialAction\":[{\"@type\":\"SearchAction\",\"target\":{\"@type\":\"EntryPoint\",\"urlTemplate\":\"https:\/\/enacting-project.eu\/?s={search_term_string}\"},\"query-input\":\"required name=search_term_string\"}],\"inLanguage\":\"fr-FR\"},{\"@type\":\"Organization\",\"@id\":\"https:\/\/enacting-project.eu\/#organization\",\"name\":\"Enacting\",\"url\":\"https:\/\/enacting-project.eu\/\",\"logo\":{\"@type\":\"ImageObject\",\"inLanguage\":\"fr-FR\",\"@id\":\"https:\/\/enacting-project.eu\/#\/schema\/logo\/image\/\",\"url\":\"http:\/\/enacting-project.eu\/wp-content\/uploads\/2021\/07\/logo.png\",\"contentUrl\":\"http:\/\/enacting-project.eu\/wp-content\/uploads\/2021\/07\/logo.png\",\"width\":156,\"height\":100,\"caption\":\"Enacting\"},\"image\":{\"@id\":\"https:\/\/enacting-project.eu\/#\/schema\/logo\/image\/\"}}]}<\/script>\n<!-- \/ Yoast SEO plugin. -->","yoast_head_json":{"title":"Results | Enacting","robots":{"index":"index","follow":"follow","max-snippet":"max-snippet:-1","max-image-preview":"max-image-preview:large","max-video-preview":"max-video-preview:-1"},"canonical":"https:\/\/enacting-project.eu\/fr\/results\/","og_locale":"fr_FR","og_type":"article","og_title":"Results | Enacting","og_url":"https:\/\/enacting-project.eu\/fr\/results\/","og_site_name":"Enacting","article_modified_time":"2023-06-08T11:58:05+00:00","twitter_card":"summary_large_image","twitter_misc":{"Dur\u00e9e de lecture estim\u00e9e":"2 minutes"},"schema":{"@context":"https:\/\/schema.org","@graph":[{"@type":"WebPage","@id":"https:\/\/enacting-project.eu\/results\/","url":"https:\/\/enacting-project.eu\/results\/","name":"Results | Enacting","isPartOf":{"@id":"https:\/\/enacting-project.eu\/#website"},"datePublished":"2021-07-21T05:26:46+00:00","dateModified":"2023-06-08T11:58:05+00:00","breadcrumb":{"@id":"https:\/\/enacting-project.eu\/results\/#breadcrumb"},"inLanguage":"fr-FR","potentialAction":[{"@type":"ReadAction","target":["https:\/\/enacting-project.eu\/results\/"]}]},{"@type":"BreadcrumbList","@id":"https:\/\/enacting-project.eu\/results\/#breadcrumb","itemListElement":[{"@type":"ListItem","position":1,"name":"Home","item":"https:\/\/enacting-project.eu\/"},{"@type":"ListItem","position":2,"name":"Results"}]},{"@type":"WebSite","@id":"https:\/\/enacting-project.eu\/#website","url":"https:\/\/enacting-project.eu\/","name":"Enacting","description":"Just another WordPress site","publisher":{"@id":"https:\/\/enacting-project.eu\/#organization"},"potentialAction":[{"@type":"SearchAction","target":{"@type":"EntryPoint","urlTemplate":"https:\/\/enacting-project.eu\/?s={search_term_string}"},"query-input":"required name=search_term_string"}],"inLanguage":"fr-FR"},{"@type":"Organization","@id":"https:\/\/enacting-project.eu\/#organization","name":"Enacting","url":"https:\/\/enacting-project.eu\/","logo":{"@type":"ImageObject","inLanguage":"fr-FR","@id":"https:\/\/enacting-project.eu\/#\/schema\/logo\/image\/","url":"http:\/\/enacting-project.eu\/wp-content\/uploads\/2021\/07\/logo.png","contentUrl":"http:\/\/enacting-project.eu\/wp-content\/uploads\/2021\/07\/logo.png","width":156,"height":100,"caption":"Enacting"},"image":{"@id":"https:\/\/enacting-project.eu\/#\/schema\/logo\/image\/"}}]}},"_links":{"self":[{"href":"https:\/\/enacting-project.eu\/fr\/wp-json\/wp\/v2\/pages\/71"}],"collection":[{"href":"https:\/\/enacting-project.eu\/fr\/wp-json\/wp\/v2\/pages"}],"about":[{"href":"https:\/\/enacting-project.eu\/fr\/wp-json\/wp\/v2\/types\/page"}],"author":[{"embeddable":true,"href":"https:\/\/enacting-project.eu\/fr\/wp-json\/wp\/v2\/users\/1"}],"replies":[{"embeddable":true,"href":"https:\/\/enacting-project.eu\/fr\/wp-json\/wp\/v2\/comments?post=71"}],"version-history":[{"count":0,"href":"https:\/\/enacting-project.eu\/fr\/wp-json\/wp\/v2\/pages\/71\/revisions"}],"wp:attachment":[{"href":"https:\/\/enacting-project.eu\/fr\/wp-json\/wp\/v2\/media?parent=71"}],"curies":[{"name":"wp","href":"https:\/\/api.w.org\/{rel}","templated":true}]}}