{"id":95,"date":"2021-07-21T06:39:13","date_gmt":"2021-07-21T05:39:13","guid":{"rendered":"http:\/\/enacting-project.eu\/?page_id=95"},"modified":"2023-07-17T15:40:00","modified_gmt":"2023-07-17T14:40:00","slug":"digital-festival","status":"publish","type":"page","link":"https:\/\/enacting-project.eu\/fr\/digital-festival\/","title":{"rendered":"Festival digital"},"content":{"rendered":"<div id=\"modal-ready\"><div class=\"vc_row wpb_row vc_row-fluid vc_custom_1681642236283\"><div class=\"wpb_column vc_column_container vc_col-sm-12\"><div class=\"vc_column-inner\"><div class=\"wpb_wrapper\">\n\t<div class=\"wpb_video_widget wpb_content_element vc_clearfix   vc_video-aspect-ratio-169 vc_video-el-width-100 vc_video-align-left\" >\n\t\t<div class=\"wpb_wrapper\">\n\t\t\t\n\t\t\t<div class=\"wpb_video_wrapper\"><iframe title=\"ENACTING Digital Film Festival\" width=\"500\" height=\"281\" src=\"https:\/\/www.youtube.com\/embed\/og6KL88J7Ao?feature=oembed\" frameborder=\"0\" allow=\"accelerometer; autoplay; clipboard-write; encrypted-media; gyroscope; picture-in-picture; web-share\" allowfullscreen><\/iframe><\/div>\n\t\t<\/div>\n\t<\/div>\n<div class=\"vc_btn3-container vc_btn3-inline\" ><a class=\"vc_general vc_btn3 vc_btn3-size-md vc_btn3-shape-rounded vc_btn3-style-modern vc_btn3-color-info\" href=\"https:\/\/www.youtube.com\/watch?v=og6KL88J7Ao&#038;ab_channel=JKPeV\" title=\"\" target=\"_blank\">Youtube<\/a><\/div><\/div><\/div><\/div><\/div><div class=\"vc_row wpb_row vc_row-fluid\"><div class=\"wpb_column vc_column_container vc_col-sm-12\"><div class=\"vc_column-inner\"><div class=\"wpb_wrapper\"><div class=\"vc_tta-container\" data-vc-action=\"collapseAll\"><div class=\"vc_general vc_tta vc_tta-accordion vc_tta-color-grey vc_tta-style-classic vc_tta-shape-rounded vc_tta-o-shape-group vc_tta-controls-align-left vc_tta-o-all-clickable\"><div class=\"vc_tta-panels-container\"><div class=\"vc_tta-panels\"><div class=\"vc_tta-panel vc_active\" id=\"1687427894922-77314d13-b403\" data-vc-content=\".vc_tta-panel-body\"><div class=\"vc_tta-panel-heading\"><h4 class=\"vc_tta-panel-title vc_tta-controls-icon-position-left\"><a href=\"#1687427894922-77314d13-b403\" data-vc-accordion data-vc-container=\".vc_tta-container\"><span class=\"vc_tta-title-text\">Points forts du festival num\u00e9rique<\/span><i class=\"vc_tta-controls-icon vc_tta-controls-icon-plus\"><\/i><\/a><\/h4><\/div><div class=\"vc_tta-panel-body\"><\/div><\/div><div class=\"vc_tta-panel\" id=\"1687427894944-6a9c4ed8-03a8\" data-vc-content=\".vc_tta-panel-body\"><div class=\"vc_tta-panel-heading\"><h4 class=\"vc_tta-panel-title vc_tta-controls-icon-position-left\"><a href=\"#1687427894944-6a9c4ed8-03a8\" data-vc-accordion data-vc-container=\".vc_tta-container\"><span class=\"vc_tta-title-text\">Information and Requirements<\/span><i class=\"vc_tta-controls-icon vc_tta-controls-icon-plus\"><\/i><\/a><\/h4><\/div><div class=\"vc_tta-panel-body\"><div class=\"vc_row wpb_row vc_inner vc_row-fluid\"><div class=\"wpb_column vc_column_container vc_col-sm-12\"><div class=\"vc_column-inner\"><div class=\"wpb_wrapper\">\n\t<div class=\"wpb_text_column wpb_content_element\" >\n\t\t<div class=\"wpb_wrapper\">\n\t\t\t<p>Ce festival digital est le point de rencontre entre la cr\u00e9ativit\u00e9 et l\u2019impact social. Nous sommes ravis de vous offrir un espace unique de dialogue, de plaidoyer et d&#8217;engagement avec les d\u00e9cideurs. Le Festival ENACTING Digital Film fait tomber les barri\u00e8res et rassemble des gens des quatre coins du monde. De plus, vous aurez l&#8217;occasion de participer \u00e0 la selection de l\u2019ENACTING Digital Film Festival, qui comprend des courts documentaires sociaux et des d\u00e9bats. Notez dans votre agenda le <strong>vendredi 28 avril 2023 \u00e0 partir de 17h00 et le samedi 29 avril 2023 \u00e0 partir de 15h00,<\/strong> pour un week-end riche en \u00e9missions en ligne, en guides virtuels, en tables rondes et en projections. <strong>&#8220;Les films documentaires racontent des histoires importantes, souvent m\u00e9connues, et sensibilisent un public plus large. Ils constituent l&#8217;une des meilleures sources d&#8217;information, d&#8217;inspiration et de divertissement. (Parminder Vir OBE | Philanthrope et entrepreneur cr\u00e9atif) <\/strong>Nous invitons toutes les personnes int\u00e9ress\u00e9es par les documentaires sociaux, les autorit\u00e9s locales, les d\u00e9cideurs politiques et les cin\u00e9astes \u00e0 se joindre \u00e0 nous pour c\u00e9l\u00e9brer l&#8217;impact social des documentaires sociaux. Ne manquez pas cette occasion d&#8217;utiliser votre cr\u00e9ativit\u00e9 pour sensibiliser aux questions sociales qui touchent votre communaut\u00e9 gr\u00e2ce au pouvoir de la r\u00e9alisation de films. En rejoignant le festival du film digital ENACTING, vous apprendrez aupr\u00e8s d&#8217;experts du domaine et d\u00e9velopperez votre art en tant que r\u00e9alisateur de documentaires. Et le meilleur ? Vous pouvez nous rejoindre de n&#8217;importe o\u00f9 dans le monde ! Le festival sera diffus\u00e9 en direct sur le site web d&#8217;ENACTING, ce qui le rendra accessible \u00e0 tous. <strong>R\u00e9alisons un impact social gr\u00e2ce au pouvoir du cin\u00e9ma. Rejoignez-nous au festival digital Enacting. Appel \u00e0 tous les activistes sociaux et cin\u00e9astes en herbe !<\/strong> Vous \u00eates passionn\u00e9.es par la cr\u00e9ation de changements dans votre communaut\u00e9 ou votre ville et vous avez une histoire \u00e0 raconter ? Ne cherchez pas plus loin ! Nous avons une opportunit\u00e9 passionnante qui vous accueille o\u00f9 que vous soyez pour cr\u00e9er un court documentaire sur une question sociale qui vous concerne, vous et votre communaut\u00e9, et partager votre voix avec le public. Si vous souhaitez participer mais que vous n&#8217;avez jamais produit de film documentaire auparavant, consultez <a href=\"https:\/\/enacting-project.eu\/fr\/mooc-platform\/\">le cours en ligne GRATUIT ENACTING<\/a>, qui est con\u00e7u pour vous donner confiance et outils dont vous avez besoin pour produire votre propre documentaire social. Pour que votre candidature soit prise en compte dans le cadre du Festival europ\u00e9en du film digital Enacting, les documentaires achev\u00e9s doivent \u00eatre soumis <a href=\"https:\/\/docs.google.com\/...\/1Ms7pnl8SMdlFmAmjImdGUb4...\/edit\">ici<\/a> avant le 15 avril 2023.<\/p>\n\n\t\t<\/div>\n\t<\/div>\n<\/div><\/div><\/div><\/div><div class=\"vc_row wpb_row vc_inner vc_row-fluid\"><div class=\"wpb_column vc_column_container vc_col-sm-12\"><div class=\"vc_column-inner\"><div class=\"wpb_wrapper\">\n\t<div  class=\"wpb_single_image wpb_content_element vc_align_center\">\n\t\t\n\t\t<figure class=\"wpb_wrapper vc_figure\">\n\t\t\t<div class=\"vc_single_image-wrapper   vc_box_border_grey\"><img width=\"1280\" height=\"680\" src=\"https:\/\/enacting-project.eu\/wp-content\/uploads\/2023\/03\/APserveImage.jpg\" class=\"vc_single_image-img attachment-full\" alt=\"APserveImage\" decoding=\"async\" loading=\"lazy\" srcset=\"https:\/\/enacting-project.eu\/wp-content\/uploads\/2023\/03\/APserveImage.jpg 1280w, https:\/\/enacting-project.eu\/wp-content\/uploads\/2023\/03\/APserveImage-300x159.jpg 300w, https:\/\/enacting-project.eu\/wp-content\/uploads\/2023\/03\/APserveImage-1024x544.jpg 1024w, https:\/\/enacting-project.eu\/wp-content\/uploads\/2023\/03\/APserveImage-768x408.jpg 768w, https:\/\/enacting-project.eu\/wp-content\/uploads\/2023\/03\/APserveImage-18x10.jpg 18w\" sizes=\"(max-width: 1280px) 100vw, 1280px\" \/><\/div>\n\t\t<\/figure>\n\t<\/div>\n<\/div><\/div><\/div><\/div><div class=\"vc_row wpb_row vc_inner vc_row-fluid\"><div class=\"wpb_column vc_column_container vc_col-sm-12\"><div class=\"vc_column-inner\"><div class=\"wpb_wrapper\">\n\t<div class=\"wpb_text_column wpb_content_element\" >\n\t\t<div class=\"wpb_wrapper\">\n\t\t\t<h3>Rejoignez l&#8217;ENACTING DIGITAL FILM FESTIVAL les 28 et 29 avril 2023 !<\/h3>\n<p>Vous \u00eates anim\u00e9 par la volont\u00e9 de cr\u00e9er un changement dans votre communaut\u00e9 ou votre ville et vous avez une histoire \u00e0 raconter ? Ne cherchez pas plus loin ! Nous avons une formidable opportunit\u00e9 qui vous est offerte, <strong>o\u00f9 que vous soyez<\/strong>, pour cr\u00e9er <strong>un court documentaire sur une question sociale <\/strong>qui vous concerne, vous et votre communaut\u00e9 et pour <strong>faire entendre votre voix aupr\u00e8s du public<\/strong>.<\/p>\n<p>&nbsp;<\/p>\n<p>Notez dans vos agendas les dates du <strong>vendredi 28 avril 2023 \u00e0 partir de 17:00 et du samedi 29 avril 2023 \u00e0 partir de 15:00 <\/strong>pour un week-end riche <strong>en retransmissions en ligne, guides virtuels, tables rondes et projections<\/strong>. <a href=\"https:\/\/www.facebook.com\/events\/215879697633216?ref=newsfeed\">L&#8217;<strong>ENACTING Digital Film Festival<\/strong><\/a> est <strong>le lieu o\u00f9 la cr\u00e9ativit\u00e9 et l&#8217;impact social se rencontrent<\/strong>. Nous sommes ravis de vous proposer un espace unique pour le dialogue, le plaidoyer et l&#8217;engagement avec les responsables et d\u00e9cideurs politiques. L&#8217;ENACTING Digital Film Festival fait tomber les barri\u00e8res et rassemble des personnes des quatre coins du monde. De plus, vous aurez l&#8217;occasion de participer \u00e0 la s\u00e9lection de l&#8217;ENACTING Digital Film Festival, qui pr\u00e9sente de courts documentaires sociaux et d\u00e9bats.<\/p>\n<p>&nbsp;<\/p>\n<h3>Cr\u00e9ons un impact social gr\u00e2ce au pouvoir du cin\u00e9ma. Rejoignez-nous pour l&#8217;ENACTING Digital Film Festival.<\/h3>\n<p>Si vous souhaitez participer mais que vous n&#8217;avez jamais produit de documentaire auparavant, consultez le cours en ligne gratuit ENACTING qui fournit des conseils sur la fa\u00e7on de cr\u00e9er un documentaire captivant, de la conception au montage. Pour que votre candidature soit prise en compte pour le festival Enacting Digital Film, soumettez votre documentaire termin\u00e9 <u>ici<\/u> avant le <strong>15 avril 2023<\/strong>.<\/p>\n<p>&nbsp;<\/p>\n<p>Mais attendez, qu&#8217;en est-il des conditions requises ? Ne vous inqui\u00e9tez pas, nous avons tout pr\u00e9vu. Consultez les d\u00e9tails ci-dessous !<\/p>\n\n\t\t<\/div>\n\t<\/div>\n<\/div><\/div><\/div><\/div><div class=\"vc_row wpb_row vc_inner vc_row-fluid\"><div class=\"wpb_column vc_column_container vc_col-sm-1\"><div class=\"vc_column-inner\"><div class=\"wpb_wrapper\">\n\t<div  class=\"wpb_single_image wpb_content_element vc_align_left\">\n\t\t\n\t\t<figure class=\"wpb_wrapper vc_figure\">\n\t\t\t<div class=\"vc_single_image-wrapper   vc_box_border_grey\"><img width=\"30\" height=\"30\" src=\"https:\/\/enacting-project.eu\/wp-content\/uploads\/2023\/04\/11.png\" class=\"vc_single_image-img attachment-full\" alt=\"11\" decoding=\"async\" loading=\"lazy\" srcset=\"https:\/\/enacting-project.eu\/wp-content\/uploads\/2023\/04\/11.png 30w, https:\/\/enacting-project.eu\/wp-content\/uploads\/2023\/04\/11-12x12.png 12w\" sizes=\"(max-width: 30px) 100vw, 30px\" \/><\/div>\n\t\t<\/figure>\n\t<\/div>\n<\/div><\/div><\/div><div class=\"wpb_column vc_column_container vc_col-sm-11\"><div class=\"vc_column-inner\"><div class=\"wpb_wrapper\">\n\t<div class=\"wpb_text_column wpb_content_element\" >\n\t\t<div class=\"wpb_wrapper\">\n\t\t\t<p>Bien que nous acceptions des films de toutes longueurs, nous pr\u00e9f\u00e9rons les <strong>courts m\u00e9trages <\/strong>de <strong>5 \u00e0 15 minutes<\/strong>.<\/p>\n\n\t\t<\/div>\n\t<\/div>\n<\/div><\/div><\/div><\/div><div class=\"vc_row wpb_row vc_inner vc_row-fluid\"><div class=\"wpb_column vc_column_container vc_col-sm-1\"><div class=\"vc_column-inner\"><div class=\"wpb_wrapper\">\n\t<div  class=\"wpb_single_image wpb_content_element vc_align_left\">\n\t\t\n\t\t<figure class=\"wpb_wrapper vc_figure\">\n\t\t\t<div class=\"vc_single_image-wrapper   vc_box_border_grey\"><img width=\"30\" height=\"30\" src=\"https:\/\/enacting-project.eu\/wp-content\/uploads\/2023\/04\/22.png\" class=\"vc_single_image-img attachment-full\" alt=\"22\" decoding=\"async\" loading=\"lazy\" srcset=\"https:\/\/enacting-project.eu\/wp-content\/uploads\/2023\/04\/22.png 30w, https:\/\/enacting-project.eu\/wp-content\/uploads\/2023\/04\/22-12x12.png 12w\" sizes=\"(max-width: 30px) 100vw, 30px\" \/><\/div>\n\t\t<\/figure>\n\t<\/div>\n<\/div><\/div><\/div><div class=\"wpb_column vc_column_container vc_col-sm-11\"><div class=\"vc_column-inner\"><div class=\"wpb_wrapper\">\n\t<div class=\"wpb_text_column wpb_content_element\" >\n\t\t<div class=\"wpb_wrapper\">\n\t\t\t<p>Vous n&#8217;avez pas besoin d&#8217;utiliser une <strong>cam\u00e9ra vid\u00e9o <\/strong>haut de gamme pour filmer votre documentaire. <strong>Votre iPhone ou votre smartphone <\/strong>fera parfaitement l&#8217;affaire.<\/p>\n<ul>\n<li>Taille de l&#8217;image : Full HD<\/li>\n<li>Fr\u00e9quence d&#8217;images : 25 fps<\/li>\n<li>Format audio : St\u00e9r\u00e9o, 48 KHz<\/li>\n<\/ul>\n\n\t\t<\/div>\n\t<\/div>\n<\/div><\/div><\/div><\/div><div class=\"vc_row wpb_row vc_inner vc_row-fluid\"><div class=\"wpb_column vc_column_container vc_col-sm-1\"><div class=\"vc_column-inner\"><div class=\"wpb_wrapper\">\n\t<div  class=\"wpb_single_image wpb_content_element vc_align_left\">\n\t\t\n\t\t<figure class=\"wpb_wrapper vc_figure\">\n\t\t\t<div class=\"vc_single_image-wrapper   vc_box_border_grey\"><img width=\"30\" height=\"30\" src=\"https:\/\/enacting-project.eu\/wp-content\/uploads\/2023\/04\/33.png\" class=\"vc_single_image-img attachment-full\" alt=\"33\" decoding=\"async\" loading=\"lazy\" srcset=\"https:\/\/enacting-project.eu\/wp-content\/uploads\/2023\/04\/33.png 30w, https:\/\/enacting-project.eu\/wp-content\/uploads\/2023\/04\/33-12x12.png 12w\" sizes=\"(max-width: 30px) 100vw, 30px\" \/><\/div>\n\t\t<\/figure>\n\t<\/div>\n<\/div><\/div><\/div><div class=\"wpb_column vc_column_container vc_col-sm-11\"><div class=\"vc_column-inner\"><div class=\"wpb_wrapper\">\n\t<div class=\"wpb_text_column wpb_content_element\" >\n\t\t<div class=\"wpb_wrapper\">\n\t\t\t<p>Tous les films doivent \u00eatre en <strong>anglais <\/strong>ou <strong>sous-titr\u00e9s en anglais<\/strong>.<\/p>\n\n\t\t<\/div>\n\t<\/div>\n<\/div><\/div><\/div><\/div><div class=\"vc_row wpb_row vc_inner vc_row-fluid\"><div class=\"wpb_column vc_column_container vc_col-sm-1\"><div class=\"vc_column-inner\"><div class=\"wpb_wrapper\">\n\t<div  class=\"wpb_single_image wpb_content_element vc_align_left\">\n\t\t\n\t\t<figure class=\"wpb_wrapper vc_figure\">\n\t\t\t<div class=\"vc_single_image-wrapper   vc_box_border_grey\"><img width=\"30\" height=\"30\" src=\"https:\/\/enacting-project.eu\/wp-content\/uploads\/2023\/04\/44.png\" class=\"vc_single_image-img attachment-full\" alt=\"44\" decoding=\"async\" loading=\"lazy\" srcset=\"https:\/\/enacting-project.eu\/wp-content\/uploads\/2023\/04\/44.png 30w, https:\/\/enacting-project.eu\/wp-content\/uploads\/2023\/04\/44-12x12.png 12w\" sizes=\"(max-width: 30px) 100vw, 30px\" \/><\/div>\n\t\t<\/figure>\n\t<\/div>\n<\/div><\/div><\/div><div class=\"wpb_column vc_column_container vc_col-sm-11\"><div class=\"vc_column-inner\"><div class=\"wpb_wrapper\">\n\t<div class=\"wpb_text_column wpb_content_element\" >\n\t\t<div class=\"wpb_wrapper\">\n\t\t\t<p>Pour projeter votre film documentaire social au <strong>ENACTING DIGITAL FILM FESTIVAL<\/strong>, veuillez fournir un <strong>fichier vid\u00e9o HD <\/strong>de votre film.<\/p>\n\n\t\t<\/div>\n\t<\/div>\n<\/div><\/div><\/div><\/div><div class=\"vc_row wpb_row vc_inner vc_row-fluid\"><div class=\"wpb_column vc_column_container vc_col-sm-1\"><div class=\"vc_column-inner\"><div class=\"wpb_wrapper\">\n\t<div  class=\"wpb_single_image wpb_content_element vc_align_left\">\n\t\t\n\t\t<figure class=\"wpb_wrapper vc_figure\">\n\t\t\t<div class=\"vc_single_image-wrapper   vc_box_border_grey\"><img width=\"30\" height=\"30\" src=\"https:\/\/enacting-project.eu\/wp-content\/uploads\/2023\/04\/55.png\" class=\"vc_single_image-img attachment-full\" alt=\"55\" decoding=\"async\" loading=\"lazy\" srcset=\"https:\/\/enacting-project.eu\/wp-content\/uploads\/2023\/04\/55.png 30w, https:\/\/enacting-project.eu\/wp-content\/uploads\/2023\/04\/55-12x12.png 12w\" sizes=\"(max-width: 30px) 100vw, 30px\" \/><\/div>\n\t\t<\/figure>\n\t<\/div>\n<\/div><\/div><\/div><div class=\"wpb_column vc_column_container vc_col-sm-11\"><div class=\"vc_column-inner\"><div class=\"wpb_wrapper\">\n\t<div class=\"wpb_text_column wpb_content_element\" >\n\t\t<div class=\"wpb_wrapper\">\n\t\t\t<p>Les documentaires sociaux gagnants seront r\u00e9compens\u00e9s dans les cat\u00e9gories suivantes : <strong>Meilleur sc\u00e9nario original | Meilleure r\u00e9alisation | Meilleur travail de cam\u00e9ra | Meilleur montage<\/strong>.<\/p>\n<p>Il y aura \u00e9galement une cat\u00e9gorie pour le meilleur film dans les pays participants : <strong>Meilleur documentaire social d&#8217;Allemagne | Meilleur documentaire social de France | Meilleur documentaire social de Gr\u00e8ce | Meilleur documentaire social d&#8217;Italie | Meilleur documentaire social international.<\/strong><\/p>\n\n\t\t<\/div>\n\t<\/div>\n<\/div><\/div><\/div><\/div><div class=\"vc_row wpb_row vc_inner vc_row-fluid\"><div class=\"wpb_column vc_column_container vc_col-sm-1\"><div class=\"vc_column-inner\"><div class=\"wpb_wrapper\">\n\t<div  class=\"wpb_single_image wpb_content_element vc_align_left\">\n\t\t\n\t\t<figure class=\"wpb_wrapper vc_figure\">\n\t\t\t<div class=\"vc_single_image-wrapper   vc_box_border_grey\"><img width=\"30\" height=\"30\" src=\"https:\/\/enacting-project.eu\/wp-content\/uploads\/2023\/04\/66.png\" class=\"vc_single_image-img attachment-full\" alt=\"66\" decoding=\"async\" loading=\"lazy\" srcset=\"https:\/\/enacting-project.eu\/wp-content\/uploads\/2023\/04\/66.png 30w, https:\/\/enacting-project.eu\/wp-content\/uploads\/2023\/04\/66-12x12.png 12w\" sizes=\"(max-width: 30px) 100vw, 30px\" \/><\/div>\n\t\t<\/figure>\n\t<\/div>\n<\/div><\/div><\/div><div class=\"wpb_column vc_column_container vc_col-sm-11\"><div class=\"vc_column-inner\"><div class=\"wpb_wrapper\">\n\t<div class=\"wpb_text_column wpb_content_element\" >\n\t\t<div class=\"wpb_wrapper\">\n\t\t\t<p>La date limite de soumission pour l&#8217;<strong>ENACTING Digital Film Festival est le 15 avril 2023<\/strong><\/p>\n<p><a href=\"https:\/\/docs.google.com\/forms\/d\/e\/1FAIpQLScbx1MpkLBn7Vk6o48UySdbR2nH38hrh6_pfuagySgl9pVdFQ\/viewform\"><strong>SOUMETTEZ VOTRE DOCUMENTAIRE SOCIAL ICI<\/strong><\/a><\/p>\n\n\t\t<\/div>\n\t<\/div>\n<\/div><\/div><\/div><\/div><\/div><\/div><\/div><\/div><\/div><\/div><\/div><\/div><\/div><\/div><div class=\"vc_row wpb_row vc_row-fluid\"><div class=\"wpb_column vc_column_container vc_col-sm-12\"><div class=\"vc_column-inner\"><div class=\"wpb_wrapper\">\n\t<div  class=\"wpb_single_image wpb_content_element vc_align_center\">\n\t\t\n\t\t<figure class=\"wpb_wrapper vc_figure\">\n\t\t\t<div class=\"vc_single_image-wrapper   vc_box_border_grey\"><img width=\"300\" height=\"105\" src=\"https:\/\/enacting-project.eu\/wp-content\/uploads\/2023\/07\/by-nc-sa-300x105.png\" class=\"vc_single_image-img attachment-medium\" alt=\"by nc sa\" decoding=\"async\" loading=\"lazy\" srcset=\"https:\/\/enacting-project.eu\/wp-content\/uploads\/2023\/07\/by-nc-sa-300x105.png 300w, https:\/\/enacting-project.eu\/wp-content\/uploads\/2023\/07\/by-nc-sa-18x6.png 18w, https:\/\/enacting-project.eu\/wp-content\/uploads\/2023\/07\/by-nc-sa.png 403w\" sizes=\"(max-width: 300px) 100vw, 300px\" \/><\/div>\n\t\t<\/figure>\n\t<\/div>\n<\/div><\/div><\/div><\/div>\n<\/div>","protected":false},"excerpt":{"rendered":null,"protected":false},"author":1,"featured_media":0,"parent":0,"menu_order":0,"comment_status":"closed","ping_status":"closed","template":"page-full.php","meta":{"footnotes":""},"yoast_head":"<!-- This site is optimized with the Yoast SEO plugin v22.6 - https:\/\/yoast.com\/wordpress\/plugins\/seo\/ -->\n<title>Digital Festival | Enacting<\/title>\n<meta name=\"robots\" content=\"index, follow, max-snippet:-1, max-image-preview:large, max-video-preview:-1\" \/>\n<link rel=\"canonical\" href=\"https:\/\/enacting-project.eu\/fr\/digital-festival\/\" \/>\n<meta property=\"og:locale\" content=\"fr_FR\" \/>\n<meta property=\"og:type\" content=\"article\" \/>\n<meta property=\"og:title\" content=\"Digital Festival | Enacting\" \/>\n<meta property=\"og:url\" content=\"https:\/\/enacting-project.eu\/fr\/digital-festival\/\" \/>\n<meta property=\"og:site_name\" content=\"Enacting\" \/>\n<meta property=\"article:modified_time\" content=\"2023-07-17T14:40:00+00:00\" \/>\n<meta name=\"twitter:card\" content=\"summary_large_image\" \/>\n<meta name=\"twitter:label1\" content=\"Dur\u00e9e de lecture estim\u00e9e\" \/>\n\t<meta name=\"twitter:data1\" content=\"29 minutes\" \/>\n<script type=\"application\/ld+json\" class=\"yoast-schema-graph\">{\"@context\":\"https:\/\/schema.org\",\"@graph\":[{\"@type\":\"WebPage\",\"@id\":\"https:\/\/enacting-project.eu\/digital-festival\/\",\"url\":\"https:\/\/enacting-project.eu\/digital-festival\/\",\"name\":\"Digital Festival | Enacting\",\"isPartOf\":{\"@id\":\"https:\/\/enacting-project.eu\/#website\"},\"datePublished\":\"2021-07-21T05:39:13+00:00\",\"dateModified\":\"2023-07-17T14:40:00+00:00\",\"breadcrumb\":{\"@id\":\"https:\/\/enacting-project.eu\/digital-festival\/#breadcrumb\"},\"inLanguage\":\"fr-FR\",\"potentialAction\":[{\"@type\":\"ReadAction\",\"target\":[\"https:\/\/enacting-project.eu\/digital-festival\/\"]}]},{\"@type\":\"BreadcrumbList\",\"@id\":\"https:\/\/enacting-project.eu\/digital-festival\/#breadcrumb\",\"itemListElement\":[{\"@type\":\"ListItem\",\"position\":1,\"name\":\"Home\",\"item\":\"https:\/\/enacting-project.eu\/\"},{\"@type\":\"ListItem\",\"position\":2,\"name\":\"Digital Festival\"}]},{\"@type\":\"WebSite\",\"@id\":\"https:\/\/enacting-project.eu\/#website\",\"url\":\"https:\/\/enacting-project.eu\/\",\"name\":\"Enacting\",\"description\":\"Just another WordPress site\",\"publisher\":{\"@id\":\"https:\/\/enacting-project.eu\/#organization\"},\"potentialAction\":[{\"@type\":\"SearchAction\",\"target\":{\"@type\":\"EntryPoint\",\"urlTemplate\":\"https:\/\/enacting-project.eu\/?s={search_term_string}\"},\"query-input\":\"required name=search_term_string\"}],\"inLanguage\":\"fr-FR\"},{\"@type\":\"Organization\",\"@id\":\"https:\/\/enacting-project.eu\/#organization\",\"name\":\"Enacting\",\"url\":\"https:\/\/enacting-project.eu\/\",\"logo\":{\"@type\":\"ImageObject\",\"inLanguage\":\"fr-FR\",\"@id\":\"https:\/\/enacting-project.eu\/#\/schema\/logo\/image\/\",\"url\":\"http:\/\/enacting-project.eu\/wp-content\/uploads\/2021\/07\/logo.png\",\"contentUrl\":\"http:\/\/enacting-project.eu\/wp-content\/uploads\/2021\/07\/logo.png\",\"width\":156,\"height\":100,\"caption\":\"Enacting\"},\"image\":{\"@id\":\"https:\/\/enacting-project.eu\/#\/schema\/logo\/image\/\"}}]}<\/script>\n<!-- \/ Yoast SEO plugin. -->","yoast_head_json":{"title":"Digital Festival | Enacting","robots":{"index":"index","follow":"follow","max-snippet":"max-snippet:-1","max-image-preview":"max-image-preview:large","max-video-preview":"max-video-preview:-1"},"canonical":"https:\/\/enacting-project.eu\/fr\/digital-festival\/","og_locale":"fr_FR","og_type":"article","og_title":"Digital Festival | Enacting","og_url":"https:\/\/enacting-project.eu\/fr\/digital-festival\/","og_site_name":"Enacting","article_modified_time":"2023-07-17T14:40:00+00:00","twitter_card":"summary_large_image","twitter_misc":{"Dur\u00e9e de lecture estim\u00e9e":"29 minutes"},"schema":{"@context":"https:\/\/schema.org","@graph":[{"@type":"WebPage","@id":"https:\/\/enacting-project.eu\/digital-festival\/","url":"https:\/\/enacting-project.eu\/digital-festival\/","name":"Digital Festival | Enacting","isPartOf":{"@id":"https:\/\/enacting-project.eu\/#website"},"datePublished":"2021-07-21T05:39:13+00:00","dateModified":"2023-07-17T14:40:00+00:00","breadcrumb":{"@id":"https:\/\/enacting-project.eu\/digital-festival\/#breadcrumb"},"inLanguage":"fr-FR","potentialAction":[{"@type":"ReadAction","target":["https:\/\/enacting-project.eu\/digital-festival\/"]}]},{"@type":"BreadcrumbList","@id":"https:\/\/enacting-project.eu\/digital-festival\/#breadcrumb","itemListElement":[{"@type":"ListItem","position":1,"name":"Home","item":"https:\/\/enacting-project.eu\/"},{"@type":"ListItem","position":2,"name":"Digital Festival"}]},{"@type":"WebSite","@id":"https:\/\/enacting-project.eu\/#website","url":"https:\/\/enacting-project.eu\/","name":"Enacting","description":"Just another WordPress site","publisher":{"@id":"https:\/\/enacting-project.eu\/#organization"},"potentialAction":[{"@type":"SearchAction","target":{"@type":"EntryPoint","urlTemplate":"https:\/\/enacting-project.eu\/?s={search_term_string}"},"query-input":"required name=search_term_string"}],"inLanguage":"fr-FR"},{"@type":"Organization","@id":"https:\/\/enacting-project.eu\/#organization","name":"Enacting","url":"https:\/\/enacting-project.eu\/","logo":{"@type":"ImageObject","inLanguage":"fr-FR","@id":"https:\/\/enacting-project.eu\/#\/schema\/logo\/image\/","url":"http:\/\/enacting-project.eu\/wp-content\/uploads\/2021\/07\/logo.png","contentUrl":"http:\/\/enacting-project.eu\/wp-content\/uploads\/2021\/07\/logo.png","width":156,"height":100,"caption":"Enacting"},"image":{"@id":"https:\/\/enacting-project.eu\/#\/schema\/logo\/image\/"}}]}},"_links":{"self":[{"href":"https:\/\/enacting-project.eu\/fr\/wp-json\/wp\/v2\/pages\/95"}],"collection":[{"href":"https:\/\/enacting-project.eu\/fr\/wp-json\/wp\/v2\/pages"}],"about":[{"href":"https:\/\/enacting-project.eu\/fr\/wp-json\/wp\/v2\/types\/page"}],"author":[{"embeddable":true,"href":"https:\/\/enacting-project.eu\/fr\/wp-json\/wp\/v2\/users\/1"}],"replies":[{"embeddable":true,"href":"https:\/\/enacting-project.eu\/fr\/wp-json\/wp\/v2\/comments?post=95"}],"version-history":[{"count":0,"href":"https:\/\/enacting-project.eu\/fr\/wp-json\/wp\/v2\/pages\/95\/revisions"}],"wp:attachment":[{"href":"https:\/\/enacting-project.eu\/fr\/wp-json\/wp\/v2\/media?parent=95"}],"curies":[{"name":"wp","href":"https:\/\/api.w.org\/{rel}","templated":true}]}}