{"id":556,"date":"2023-03-27T12:45:26","date_gmt":"2023-03-27T12:45:26","guid":{"rendered":"https:\/\/enacting-project.eu\/community\/"},"modified":"2023-07-17T15:42:26","modified_gmt":"2023-07-17T14:42:26","slug":"community","status":"publish","type":"page","link":"https:\/\/enacting-project.eu\/it\/community\/","title":{"rendered":"Forum"},"content":{"rendered":"<div id=\"modal-ready\"><div class=\"vc_row wpb_row vc_row-fluid\"><div class=\"wpb_column vc_column_container vc_col-sm-12\"><div class=\"vc_column-inner\"><div class=\"wpb_wrapper\">\n\t<div class=\"wpb_text_column wpb_content_element\" >\n\t\t<div class=\"wpb_wrapper\">\n\t\t\t<p>Benvenuto\/a nel Forum di ENACTING, un interessante spazio online dove potrai scambiare idee, discutere e connetterti con gli altri partecipanti dell corso. Che tu sia in fase di pre-produzione, produzione o post-produzione, il Forum \u00e8 una risorsa preziosa che offre supporto e opportunit\u00e0 di feedback. Entra a far parte di una comunit\u00e0 di persone che pensa come te, appassionata dell&#8217;uso del cinema per fare la differenza nelle proprie comunit\u00e0 e partecipa a conversazioni vivaci che ispirano e motivano. E mentre sei qui, non dimenticare di dare un&#8217;occhiata alle altre sezioni del Participatory Media Lab, come la nostra Mediateca, dove puoi trovare interviste a registi professionisti e documentari sociali creati da persone come te. Non hai mai realizzato un documentario sociale ma vuoi imparare a farlo? Non preoccuparti. Dai un&#8217;occhiata al nostro<strong> <a href=\"https:\/\/enacting-project.eu\/it\/mooc-platform\/\" target=\"_blank\" rel=\"noopener\">corso online GRATUITO ENACTING<\/a><\/strong>, in cui ti spieghiamo tutto ci\u00f2 che devi sapere per creare il tuo avvincente documentario su una questione sociale che ha un impatto sulla tua comunit\u00e0. Assicurati di unirti alle nostre<a href=\"https:\/\/enacting-project.eu\/it\/challenges\/\" target=\"_blank\" rel=\"noopener\"><strong> Sfide<\/strong><\/a> e di presentare il tuo documentario sociale! Inoltre, non perderti il prossimo<strong> <a href=\"https:\/\/enacting-project.eu\/it\/digital-festival\/\" target=\"_blank\" rel=\"noopener\">ENACTING Digital Film Festival<\/a><\/strong>, dove potrai presentare il tuo documentario sociale e persino vincere un premio. Vieni a trovarci e collaboriamo, innoviamo e produciamo un impatto insieme!<\/p>\n\n\t\t<\/div>\n\t<\/div>\n<\/div><\/div><\/div><\/div><div class=\"vc_row wpb_row vc_row-fluid\"><div class=\"wpb_column vc_column_container vc_col-sm-12\"><div class=\"vc_column-inner\"><div class=\"wpb_wrapper\">\n\t<div class=\"wpb_text_column wpb_content_element\" >\n\t\t<div class=\"wpb_wrapper\">\n\t\t\t\n\n\t\t<\/div>\n\t<\/div>\n<\/div><\/div><\/div><\/div><div class=\"vc_row wpb_row vc_row-fluid\"><div class=\"wpb_column vc_column_container vc_col-sm-12\"><div class=\"vc_column-inner\"><div class=\"wpb_wrapper\">\n\t<div  class=\"wpb_single_image wpb_content_element vc_align_center\">\n\t\t\n\t\t<figure class=\"wpb_wrapper vc_figure\">\n\t\t\t<div class=\"vc_single_image-wrapper   vc_box_border_grey\"><img width=\"300\" height=\"105\" src=\"https:\/\/enacting-project.eu\/wp-content\/uploads\/2023\/07\/by-nc-sa-300x105.png\" class=\"vc_single_image-img attachment-medium\" alt=\"by nc sa\" decoding=\"async\" loading=\"lazy\" srcset=\"https:\/\/enacting-project.eu\/wp-content\/uploads\/2023\/07\/by-nc-sa-300x105.png 300w, https:\/\/enacting-project.eu\/wp-content\/uploads\/2023\/07\/by-nc-sa-18x6.png 18w, https:\/\/enacting-project.eu\/wp-content\/uploads\/2023\/07\/by-nc-sa.png 403w\" sizes=\"(max-width: 300px) 100vw, 300px\" \/><\/div>\n\t\t<\/figure>\n\t<\/div>\n<\/div><\/div><\/div><\/div>\n<\/div>","protected":false},"excerpt":{"rendered":null,"protected":false},"author":1,"featured_media":0,"parent":0,"menu_order":0,"comment_status":"closed","ping_status":"closed","template":"page-full.php","meta":{"footnotes":""},"yoast_head":"<!-- This site is optimized with the Yoast SEO plugin v22.6 - https:\/\/yoast.com\/wordpress\/plugins\/seo\/ -->\n<title>Forum | Enacting<\/title>\n<meta name=\"robots\" content=\"index, follow, max-snippet:-1, max-image-preview:large, max-video-preview:-1\" \/>\n<link rel=\"canonical\" href=\"https:\/\/enacting-project.eu\/it\/community\/\" \/>\n<meta property=\"og:locale\" content=\"it_IT\" \/>\n<meta property=\"og:type\" content=\"article\" \/>\n<meta property=\"og:title\" content=\"Forum | Enacting\" \/>\n<meta property=\"og:url\" content=\"https:\/\/enacting-project.eu\/it\/community\/\" \/>\n<meta property=\"og:site_name\" content=\"Enacting\" \/>\n<meta property=\"article:modified_time\" content=\"2023-07-17T14:42:26+00:00\" \/>\n<meta name=\"twitter:card\" content=\"summary_large_image\" \/>\n<meta name=\"twitter:label1\" content=\"Tempo di lettura stimato\" \/>\n\t<meta name=\"twitter:data1\" content=\"5 minuti\" \/>\n<script type=\"application\/ld+json\" class=\"yoast-schema-graph\">{\"@context\":\"https:\/\/schema.org\",\"@graph\":[{\"@type\":\"WebPage\",\"@id\":\"https:\/\/enacting-project.eu\/community\/\",\"url\":\"https:\/\/enacting-project.eu\/community\/\",\"name\":\"Forum | Enacting\",\"isPartOf\":{\"@id\":\"https:\/\/enacting-project.eu\/#website\"},\"datePublished\":\"2023-03-27T12:45:26+00:00\",\"dateModified\":\"2023-07-17T14:42:26+00:00\",\"breadcrumb\":{\"@id\":\"https:\/\/enacting-project.eu\/community\/#breadcrumb\"},\"inLanguage\":\"it-IT\",\"potentialAction\":[{\"@type\":\"ReadAction\",\"target\":[\"https:\/\/enacting-project.eu\/community\/\"]}]},{\"@type\":\"BreadcrumbList\",\"@id\":\"https:\/\/enacting-project.eu\/community\/#breadcrumb\",\"itemListElement\":[{\"@type\":\"ListItem\",\"position\":1,\"name\":\"Home\",\"item\":\"https:\/\/enacting-project.eu\/\"},{\"@type\":\"ListItem\",\"position\":2,\"name\":\"Forum\"}]},{\"@type\":\"WebSite\",\"@id\":\"https:\/\/enacting-project.eu\/#website\",\"url\":\"https:\/\/enacting-project.eu\/\",\"name\":\"Enacting\",\"description\":\"Just another WordPress site\",\"publisher\":{\"@id\":\"https:\/\/enacting-project.eu\/#organization\"},\"potentialAction\":[{\"@type\":\"SearchAction\",\"target\":{\"@type\":\"EntryPoint\",\"urlTemplate\":\"https:\/\/enacting-project.eu\/?s={search_term_string}\"},\"query-input\":\"required name=search_term_string\"}],\"inLanguage\":\"it-IT\"},{\"@type\":\"Organization\",\"@id\":\"https:\/\/enacting-project.eu\/#organization\",\"name\":\"Enacting\",\"url\":\"https:\/\/enacting-project.eu\/\",\"logo\":{\"@type\":\"ImageObject\",\"inLanguage\":\"it-IT\",\"@id\":\"https:\/\/enacting-project.eu\/#\/schema\/logo\/image\/\",\"url\":\"http:\/\/enacting-project.eu\/wp-content\/uploads\/2021\/07\/logo.png\",\"contentUrl\":\"http:\/\/enacting-project.eu\/wp-content\/uploads\/2021\/07\/logo.png\",\"width\":156,\"height\":100,\"caption\":\"Enacting\"},\"image\":{\"@id\":\"https:\/\/enacting-project.eu\/#\/schema\/logo\/image\/\"}}]}<\/script>\n<!-- \/ Yoast SEO plugin. -->","yoast_head_json":{"title":"Forum | Enacting","robots":{"index":"index","follow":"follow","max-snippet":"max-snippet:-1","max-image-preview":"max-image-preview:large","max-video-preview":"max-video-preview:-1"},"canonical":"https:\/\/enacting-project.eu\/it\/community\/","og_locale":"it_IT","og_type":"article","og_title":"Forum | Enacting","og_url":"https:\/\/enacting-project.eu\/it\/community\/","og_site_name":"Enacting","article_modified_time":"2023-07-17T14:42:26+00:00","twitter_card":"summary_large_image","twitter_misc":{"Tempo di lettura stimato":"5 minuti"},"schema":{"@context":"https:\/\/schema.org","@graph":[{"@type":"WebPage","@id":"https:\/\/enacting-project.eu\/community\/","url":"https:\/\/enacting-project.eu\/community\/","name":"Forum | Enacting","isPartOf":{"@id":"https:\/\/enacting-project.eu\/#website"},"datePublished":"2023-03-27T12:45:26+00:00","dateModified":"2023-07-17T14:42:26+00:00","breadcrumb":{"@id":"https:\/\/enacting-project.eu\/community\/#breadcrumb"},"inLanguage":"it-IT","potentialAction":[{"@type":"ReadAction","target":["https:\/\/enacting-project.eu\/community\/"]}]},{"@type":"BreadcrumbList","@id":"https:\/\/enacting-project.eu\/community\/#breadcrumb","itemListElement":[{"@type":"ListItem","position":1,"name":"Home","item":"https:\/\/enacting-project.eu\/"},{"@type":"ListItem","position":2,"name":"Forum"}]},{"@type":"WebSite","@id":"https:\/\/enacting-project.eu\/#website","url":"https:\/\/enacting-project.eu\/","name":"Enacting","description":"Just another WordPress site","publisher":{"@id":"https:\/\/enacting-project.eu\/#organization"},"potentialAction":[{"@type":"SearchAction","target":{"@type":"EntryPoint","urlTemplate":"https:\/\/enacting-project.eu\/?s={search_term_string}"},"query-input":"required name=search_term_string"}],"inLanguage":"it-IT"},{"@type":"Organization","@id":"https:\/\/enacting-project.eu\/#organization","name":"Enacting","url":"https:\/\/enacting-project.eu\/","logo":{"@type":"ImageObject","inLanguage":"it-IT","@id":"https:\/\/enacting-project.eu\/#\/schema\/logo\/image\/","url":"http:\/\/enacting-project.eu\/wp-content\/uploads\/2021\/07\/logo.png","contentUrl":"http:\/\/enacting-project.eu\/wp-content\/uploads\/2021\/07\/logo.png","width":156,"height":100,"caption":"Enacting"},"image":{"@id":"https:\/\/enacting-project.eu\/#\/schema\/logo\/image\/"}}]}},"_links":{"self":[{"href":"https:\/\/enacting-project.eu\/it\/wp-json\/wp\/v2\/pages\/556"}],"collection":[{"href":"https:\/\/enacting-project.eu\/it\/wp-json\/wp\/v2\/pages"}],"about":[{"href":"https:\/\/enacting-project.eu\/it\/wp-json\/wp\/v2\/types\/page"}],"author":[{"embeddable":true,"href":"https:\/\/enacting-project.eu\/it\/wp-json\/wp\/v2\/users\/1"}],"replies":[{"embeddable":true,"href":"https:\/\/enacting-project.eu\/it\/wp-json\/wp\/v2\/comments?post=556"}],"version-history":[{"count":0,"href":"https:\/\/enacting-project.eu\/it\/wp-json\/wp\/v2\/pages\/556\/revisions"}],"wp:attachment":[{"href":"https:\/\/enacting-project.eu\/it\/wp-json\/wp\/v2\/media?parent=556"}],"curies":[{"name":"wp","href":"https:\/\/api.w.org\/{rel}","templated":true}]}}