{"id":686,"date":"2023-06-15T13:48:25","date_gmt":"2023-06-15T12:48:25","guid":{"rendered":"https:\/\/enacting-project.eu\/?page_id=686"},"modified":"2023-07-17T15:41:24","modified_gmt":"2023-07-17T14:41:24","slug":"enacting-media-library","status":"publish","type":"page","link":"https:\/\/enacting-project.eu\/it\/enacting-media-library\/","title":{"rendered":"ENACTING Media Library"},"content":{"rendered":"<div id=\"modal-ready\"><div class=\"vc_row wpb_row vc_row-fluid\"><div class=\"wpb_column vc_column_container vc_col-sm-12\"><div class=\"vc_column-inner\"><div class=\"wpb_wrapper\">\n\t<div class=\"wpb_text_column wpb_content_element\" >\n\t\t<div class=\"wpb_wrapper\">\n\t\t\t<p>Benvenuto\/a a ENACTING Social Documentaries, il cuore del Progetto ENACTING e una piattaforma che celebra la passione e l&#8217;impegno di nuovi registi come te. Qui, altri registi come te hanno presentato i loro film avvincenti che trattano importanti questioni sociali nelle loro comunit\u00e0. Questi documentari testimoniano il potere della narrazione documentaristica di sensibilizzare, ispirare il cambiamento e creare impatto. Tutto ci\u00f2 che serve \u00e8 la voglia di fare la differenza e la volont\u00e0 di condividere la propria originale prospettiva. Non hai mai realizzato un documentario sociale ma vuoi imparare? Non preoccuparti. Dai un&#8217;occhiata al nostro <a class=\"waffle-rich-text-link\" href=\"https:\/\/enacting-project.eu\/it\/mooc-platform\/\"><strong>corso online GRATUITO ENACTING<\/strong><\/a>, in cui ti spieghiamo tutto quello che c&#8217;\u00e8 da sapere, dalla pre-produzione alla post-produzione, in modo che tu possa creare il tuo avvincente documentario su una questione sociale che ha un impatto sulla tua comunit\u00e0. Mentre sei qui nella nostra Mediateca, assicurati di dare un&#8217;occhiata alle nostre interviste con documentaristi professionisti provenienti da Francia, Germania, Grecia e Italia. Ma non \u00e8 tutto: non dimenticarti di esplorare le altre sezioni del Participatory Media Lab, tra cui le nostre<strong> <a class=\"waffle-rich-text-link\" href=\"https:\/\/enacting-project.eu\/it\/challenges\/\">Sfide<\/a>,<\/strong> progettate per stimolare la creativit\u00e0 e favorire le connessioni, il nostro<strong> <a href=\"https:\/\/enacting-project.eu\/it\/community\/\">ENACTING Forum<\/a>,<\/strong> che offre supporto e opportunit\u00e0 di feedback, e i dettagli sul prossimo<strong> <a class=\"waffle-rich-text-link\" href=\"https:\/\/enacting-project.eu\/it\/digital-festival\/\">ENACTING Digital Film Festival<\/a><\/strong>, dove potrai mostrare il tuo lavoro e potenzialmente vincere un premio. Unisciti a noi e lavoriamo insieme per creare un mondo migliore attraverso il potere del documentario!<\/p>\n\n\t\t<\/div>\n\t<\/div>\n<\/div><\/div><\/div><\/div><div class=\"vc_row wpb_row vc_row-fluid\"><div class=\"wpb_column vc_column_container vc_col-sm-6\"><div class=\"vc_column-inner\"><div class=\"wpb_wrapper\"><div class=\"vc_btn3-container vc_btn3-center\" ><a class=\"vc_general vc_btn3 vc_btn3-size-lg vc_btn3-shape-square vc_btn3-style-modern vc_btn3-block vc_btn3-color-peacoc\" href=\"https:\/\/enacting-project.eu\/it\/interviews\/\" title=\"Interviste\">Interviste<\/a><\/div><\/div><\/div><\/div><div class=\"wpb_column vc_column_container vc_col-sm-6\"><div class=\"vc_column-inner\"><div class=\"wpb_wrapper\"><div class=\"vc_btn3-container vc_btn3-center\" ><a class=\"vc_general vc_btn3 vc_btn3-size-lg vc_btn3-shape-square vc_btn3-style-modern vc_btn3-block vc_btn3-color-peacoc\" href=\"https:\/\/enacting-project.eu\/it\/social-documentaries\/\" title=\"Social Documentaries\">Social Documentaries<\/a><\/div><\/div><\/div><\/div><\/div><div class=\"vc_row wpb_row vc_row-fluid\"><div class=\"wpb_column vc_column_container vc_col-sm-12\"><div class=\"vc_column-inner\"><div class=\"wpb_wrapper\">\n\t<div  class=\"wpb_single_image wpb_content_element vc_align_center\">\n\t\t\n\t\t<figure class=\"wpb_wrapper vc_figure\">\n\t\t\t<div class=\"vc_single_image-wrapper   vc_box_border_grey\"><img width=\"300\" height=\"105\" src=\"https:\/\/enacting-project.eu\/wp-content\/uploads\/2023\/07\/by-nc-sa-300x105.png\" class=\"vc_single_image-img attachment-medium\" alt=\"by nc sa\" decoding=\"async\" loading=\"lazy\" srcset=\"https:\/\/enacting-project.eu\/wp-content\/uploads\/2023\/07\/by-nc-sa-300x105.png 300w, https:\/\/enacting-project.eu\/wp-content\/uploads\/2023\/07\/by-nc-sa-18x6.png 18w, https:\/\/enacting-project.eu\/wp-content\/uploads\/2023\/07\/by-nc-sa.png 403w\" sizes=\"(max-width: 300px) 100vw, 300px\" \/><\/div>\n\t\t<\/figure>\n\t<\/div>\n<\/div><\/div><\/div><\/div>\n<\/div>","protected":false},"excerpt":{"rendered":null,"protected":false},"author":1,"featured_media":0,"parent":0,"menu_order":0,"comment_status":"closed","ping_status":"closed","template":"page-full.php","meta":{"footnotes":""},"yoast_head":"<!-- This site is optimized with the Yoast SEO plugin v22.6 - https:\/\/yoast.com\/wordpress\/plugins\/seo\/ -->\n<title>ENACTING Media Library | Enacting<\/title>\n<meta name=\"robots\" content=\"index, follow, max-snippet:-1, max-image-preview:large, max-video-preview:-1\" \/>\n<link rel=\"canonical\" href=\"https:\/\/enacting-project.eu\/it\/enacting-media-library\/\" \/>\n<meta property=\"og:locale\" content=\"it_IT\" \/>\n<meta property=\"og:type\" content=\"article\" \/>\n<meta property=\"og:title\" content=\"ENACTING Media Library | Enacting\" \/>\n<meta property=\"og:url\" content=\"https:\/\/enacting-project.eu\/it\/enacting-media-library\/\" \/>\n<meta property=\"og:site_name\" content=\"Enacting\" \/>\n<meta property=\"article:modified_time\" content=\"2023-07-17T14:41:24+00:00\" \/>\n<meta name=\"twitter:card\" content=\"summary_large_image\" \/>\n<meta name=\"twitter:label1\" content=\"Tempo di lettura stimato\" \/>\n\t<meta name=\"twitter:data1\" content=\"6 minuti\" \/>\n<script type=\"application\/ld+json\" class=\"yoast-schema-graph\">{\"@context\":\"https:\/\/schema.org\",\"@graph\":[{\"@type\":\"WebPage\",\"@id\":\"https:\/\/enacting-project.eu\/enacting-media-library\/\",\"url\":\"https:\/\/enacting-project.eu\/enacting-media-library\/\",\"name\":\"ENACTING Media Library | Enacting\",\"isPartOf\":{\"@id\":\"https:\/\/enacting-project.eu\/#website\"},\"datePublished\":\"2023-06-15T12:48:25+00:00\",\"dateModified\":\"2023-07-17T14:41:24+00:00\",\"breadcrumb\":{\"@id\":\"https:\/\/enacting-project.eu\/enacting-media-library\/#breadcrumb\"},\"inLanguage\":\"it-IT\",\"potentialAction\":[{\"@type\":\"ReadAction\",\"target\":[\"https:\/\/enacting-project.eu\/enacting-media-library\/\"]}]},{\"@type\":\"BreadcrumbList\",\"@id\":\"https:\/\/enacting-project.eu\/enacting-media-library\/#breadcrumb\",\"itemListElement\":[{\"@type\":\"ListItem\",\"position\":1,\"name\":\"Home\",\"item\":\"https:\/\/enacting-project.eu\/\"},{\"@type\":\"ListItem\",\"position\":2,\"name\":\"ENACTING Media Library\"}]},{\"@type\":\"WebSite\",\"@id\":\"https:\/\/enacting-project.eu\/#website\",\"url\":\"https:\/\/enacting-project.eu\/\",\"name\":\"Enacting\",\"description\":\"Just another WordPress site\",\"publisher\":{\"@id\":\"https:\/\/enacting-project.eu\/#organization\"},\"potentialAction\":[{\"@type\":\"SearchAction\",\"target\":{\"@type\":\"EntryPoint\",\"urlTemplate\":\"https:\/\/enacting-project.eu\/?s={search_term_string}\"},\"query-input\":\"required name=search_term_string\"}],\"inLanguage\":\"it-IT\"},{\"@type\":\"Organization\",\"@id\":\"https:\/\/enacting-project.eu\/#organization\",\"name\":\"Enacting\",\"url\":\"https:\/\/enacting-project.eu\/\",\"logo\":{\"@type\":\"ImageObject\",\"inLanguage\":\"it-IT\",\"@id\":\"https:\/\/enacting-project.eu\/#\/schema\/logo\/image\/\",\"url\":\"http:\/\/enacting-project.eu\/wp-content\/uploads\/2021\/07\/logo.png\",\"contentUrl\":\"http:\/\/enacting-project.eu\/wp-content\/uploads\/2021\/07\/logo.png\",\"width\":156,\"height\":100,\"caption\":\"Enacting\"},\"image\":{\"@id\":\"https:\/\/enacting-project.eu\/#\/schema\/logo\/image\/\"}}]}<\/script>\n<!-- \/ Yoast SEO plugin. -->","yoast_head_json":{"title":"ENACTING Media Library | Enacting","robots":{"index":"index","follow":"follow","max-snippet":"max-snippet:-1","max-image-preview":"max-image-preview:large","max-video-preview":"max-video-preview:-1"},"canonical":"https:\/\/enacting-project.eu\/it\/enacting-media-library\/","og_locale":"it_IT","og_type":"article","og_title":"ENACTING Media Library | Enacting","og_url":"https:\/\/enacting-project.eu\/it\/enacting-media-library\/","og_site_name":"Enacting","article_modified_time":"2023-07-17T14:41:24+00:00","twitter_card":"summary_large_image","twitter_misc":{"Tempo di lettura stimato":"6 minuti"},"schema":{"@context":"https:\/\/schema.org","@graph":[{"@type":"WebPage","@id":"https:\/\/enacting-project.eu\/enacting-media-library\/","url":"https:\/\/enacting-project.eu\/enacting-media-library\/","name":"ENACTING Media Library | Enacting","isPartOf":{"@id":"https:\/\/enacting-project.eu\/#website"},"datePublished":"2023-06-15T12:48:25+00:00","dateModified":"2023-07-17T14:41:24+00:00","breadcrumb":{"@id":"https:\/\/enacting-project.eu\/enacting-media-library\/#breadcrumb"},"inLanguage":"it-IT","potentialAction":[{"@type":"ReadAction","target":["https:\/\/enacting-project.eu\/enacting-media-library\/"]}]},{"@type":"BreadcrumbList","@id":"https:\/\/enacting-project.eu\/enacting-media-library\/#breadcrumb","itemListElement":[{"@type":"ListItem","position":1,"name":"Home","item":"https:\/\/enacting-project.eu\/"},{"@type":"ListItem","position":2,"name":"ENACTING Media Library"}]},{"@type":"WebSite","@id":"https:\/\/enacting-project.eu\/#website","url":"https:\/\/enacting-project.eu\/","name":"Enacting","description":"Just another WordPress site","publisher":{"@id":"https:\/\/enacting-project.eu\/#organization"},"potentialAction":[{"@type":"SearchAction","target":{"@type":"EntryPoint","urlTemplate":"https:\/\/enacting-project.eu\/?s={search_term_string}"},"query-input":"required name=search_term_string"}],"inLanguage":"it-IT"},{"@type":"Organization","@id":"https:\/\/enacting-project.eu\/#organization","name":"Enacting","url":"https:\/\/enacting-project.eu\/","logo":{"@type":"ImageObject","inLanguage":"it-IT","@id":"https:\/\/enacting-project.eu\/#\/schema\/logo\/image\/","url":"http:\/\/enacting-project.eu\/wp-content\/uploads\/2021\/07\/logo.png","contentUrl":"http:\/\/enacting-project.eu\/wp-content\/uploads\/2021\/07\/logo.png","width":156,"height":100,"caption":"Enacting"},"image":{"@id":"https:\/\/enacting-project.eu\/#\/schema\/logo\/image\/"}}]}},"_links":{"self":[{"href":"https:\/\/enacting-project.eu\/it\/wp-json\/wp\/v2\/pages\/686"}],"collection":[{"href":"https:\/\/enacting-project.eu\/it\/wp-json\/wp\/v2\/pages"}],"about":[{"href":"https:\/\/enacting-project.eu\/it\/wp-json\/wp\/v2\/types\/page"}],"author":[{"embeddable":true,"href":"https:\/\/enacting-project.eu\/it\/wp-json\/wp\/v2\/users\/1"}],"replies":[{"embeddable":true,"href":"https:\/\/enacting-project.eu\/it\/wp-json\/wp\/v2\/comments?post=686"}],"version-history":[{"count":0,"href":"https:\/\/enacting-project.eu\/it\/wp-json\/wp\/v2\/pages\/686\/revisions"}],"wp:attachment":[{"href":"https:\/\/enacting-project.eu\/it\/wp-json\/wp\/v2\/media?parent=686"}],"curies":[{"name":"wp","href":"https:\/\/api.w.org\/{rel}","templated":true}]}}