{"id":69,"date":"2021-07-21T06:24:00","date_gmt":"2021-07-21T05:24:00","guid":{"rendered":"http:\/\/enacting-project.eu\/?page_id=69"},"modified":"2023-05-05T07:26:53","modified_gmt":"2023-05-05T06:26:53","slug":"objectives","status":"publish","type":"page","link":"https:\/\/enacting-project.eu\/it\/objectives\/","title":{"rendered":"Obiettivi"},"content":{"rendered":"<div id=\"modal-ready\"><div class=\"vc_row wpb_row vc_row-fluid\"><div class=\"wpb_column vc_column_container vc_col-sm-12\"><div class=\"vc_column-inner\"><div class=\"wpb_wrapper\">\n\t<div class=\"wpb_text_column wpb_content_element\" >\n\t\t<div class=\"wpb_wrapper\">\n\t\t\t<p>Il covid-19 ha creato una crisi senza precedenti, con un impatto sulla vita delle persone, sull&#8217;istruzione e sui settori culturali e creativi. Il progetto ENACTING si concentra su aree urbane che presentano alti livelli di eterogeneit\u00e0 culturale e disuguaglianza sociale. I documentari possono avere un notevole impatto sociale, in quanto possono sfidare le narrazioni dominanti, costruire relazioni comunitarie e creare cambiamenti sociali. I documentari generano empatia, mettendo in luce nuove prospettive e attivando intense emozioni. Gli spettatori possono essere ispirati e sentirsi responsabilizzati e motivati ad apportare cambiamenti sociali. L&#8217;empatia creata dalla narrazione pu\u00f2 alimentare l&#8217;azione.<\/p>\n<p>In ENACTING, presentiamo un metodo per l&#8217;impegno civico che utilizza i documentari video per catturare i discorsi all&#8217;interno di contesti locali mirati e trasferirli in spazi online. Il nostro metodo mira a facilitare la creativit\u00e0, l&#8217;innovazione e la cittadinanza attiva, nonch\u00e9 lo scambio di prospettive tra le comunit\u00e0 attraverso questi spazi.<\/p>\n<p>&nbsp;<\/p>\n<p>Pertanto, il progetto ENACTING mira a:<\/p>\n<p>&#8211; promuovere valori comuni, inclusione, impegno civico e partecipazione attraverso lo sviluppo di competenze nelle arti e pratiche digitali innovative<\/p>\n<p>&#8211; identificare le sfide sociali nei contesti locali e fornire una metodologia concreta per farlo<\/p>\n<p>&#8211; promuovere lo sviluppo di competenze nella pratica artistica digitale dello sviluppo di un documentario sociale, fornendo una formazione online sullo sviluppo di documentari sociali (ENACTING MOOC). Il corso online consentir\u00e0 agli studenti di ripensare alle sfide locali in modo creativo e di proporre potenziali soluzioni, contribuendo cos\u00ec alla loro comunit\u00e0.<\/p>\n<p>&#8211; promuovere l&#8217;inclusione sociale e il dialogo interculturale attraverso il Media Lab Partecipativo ENACTING. Il Media Lab Partecipativo \u00e8 stato creato per promuovere la crescita del pubblico e l&#8217;uso di mezzi digitali per diffondere documentari sociali che contribuiscano alla ripresa dei settori culturali e creativi.<\/p>\n<p>&nbsp;<\/p>\n<p>Il corso online e il media lab partecipativo di ENACTING daranno potere ai cittadini delle comunit\u00e0 locali interessate. Sono rivolti a tutti gli adulti &#8211; giovani e operatori giovanili, anziani, formatori ed educatori, artisti, migranti e rifugiati, gruppi svantaggiati e qualsiasi altra persona interessata. Inoltre, il progetto si rivolge alle autorit\u00e0 locali, ai responsabili politici, alle organizzazioni locali e comunitarie, ai club\/centri giovanili, agli istituti di formazione per adulti, ai CCS locali (settori culturali e creativi locali), alle ONG, alle cooperative sociali e agli istituti superiori di istruzione artistica e digitale.<\/p>\n\n\t\t<\/div>\n\t<\/div>\n<\/div><\/div><\/div><\/div>\n<\/div>","protected":false},"excerpt":{"rendered":null,"protected":false},"author":1,"featured_media":0,"parent":0,"menu_order":0,"comment_status":"closed","ping_status":"closed","template":"page-full.php","meta":{"footnotes":""},"yoast_head":"<!-- This site is optimized with the Yoast SEO plugin v22.6 - https:\/\/yoast.com\/wordpress\/plugins\/seo\/ -->\n<title>Objectives | Enacting<\/title>\n<meta name=\"robots\" content=\"index, follow, max-snippet:-1, max-image-preview:large, max-video-preview:-1\" \/>\n<link rel=\"canonical\" href=\"https:\/\/enacting-project.eu\/it\/objectives\/\" \/>\n<meta property=\"og:locale\" content=\"it_IT\" \/>\n<meta property=\"og:type\" content=\"article\" \/>\n<meta property=\"og:title\" content=\"Objectives | Enacting\" \/>\n<meta property=\"og:url\" content=\"https:\/\/enacting-project.eu\/it\/objectives\/\" \/>\n<meta property=\"og:site_name\" content=\"Enacting\" \/>\n<meta property=\"article:modified_time\" content=\"2023-05-05T06:26:53+00:00\" \/>\n<meta name=\"twitter:card\" content=\"summary_large_image\" \/>\n<meta name=\"twitter:label1\" content=\"Tempo di lettura stimato\" \/>\n\t<meta name=\"twitter:data1\" content=\"9 minuti\" \/>\n<script type=\"application\/ld+json\" class=\"yoast-schema-graph\">{\"@context\":\"https:\/\/schema.org\",\"@graph\":[{\"@type\":\"WebPage\",\"@id\":\"https:\/\/enacting-project.eu\/objectives\/\",\"url\":\"https:\/\/enacting-project.eu\/objectives\/\",\"name\":\"Objectives | Enacting\",\"isPartOf\":{\"@id\":\"https:\/\/enacting-project.eu\/#website\"},\"datePublished\":\"2021-07-21T05:24:00+00:00\",\"dateModified\":\"2023-05-05T06:26:53+00:00\",\"breadcrumb\":{\"@id\":\"https:\/\/enacting-project.eu\/objectives\/#breadcrumb\"},\"inLanguage\":\"it-IT\",\"potentialAction\":[{\"@type\":\"ReadAction\",\"target\":[\"https:\/\/enacting-project.eu\/objectives\/\"]}]},{\"@type\":\"BreadcrumbList\",\"@id\":\"https:\/\/enacting-project.eu\/objectives\/#breadcrumb\",\"itemListElement\":[{\"@type\":\"ListItem\",\"position\":1,\"name\":\"Home\",\"item\":\"https:\/\/enacting-project.eu\/\"},{\"@type\":\"ListItem\",\"position\":2,\"name\":\"Objectives\"}]},{\"@type\":\"WebSite\",\"@id\":\"https:\/\/enacting-project.eu\/#website\",\"url\":\"https:\/\/enacting-project.eu\/\",\"name\":\"Enacting\",\"description\":\"Just another WordPress site\",\"publisher\":{\"@id\":\"https:\/\/enacting-project.eu\/#organization\"},\"potentialAction\":[{\"@type\":\"SearchAction\",\"target\":{\"@type\":\"EntryPoint\",\"urlTemplate\":\"https:\/\/enacting-project.eu\/?s={search_term_string}\"},\"query-input\":\"required name=search_term_string\"}],\"inLanguage\":\"it-IT\"},{\"@type\":\"Organization\",\"@id\":\"https:\/\/enacting-project.eu\/#organization\",\"name\":\"Enacting\",\"url\":\"https:\/\/enacting-project.eu\/\",\"logo\":{\"@type\":\"ImageObject\",\"inLanguage\":\"it-IT\",\"@id\":\"https:\/\/enacting-project.eu\/#\/schema\/logo\/image\/\",\"url\":\"http:\/\/enacting-project.eu\/wp-content\/uploads\/2021\/07\/logo.png\",\"contentUrl\":\"http:\/\/enacting-project.eu\/wp-content\/uploads\/2021\/07\/logo.png\",\"width\":156,\"height\":100,\"caption\":\"Enacting\"},\"image\":{\"@id\":\"https:\/\/enacting-project.eu\/#\/schema\/logo\/image\/\"}}]}<\/script>\n<!-- \/ Yoast SEO plugin. -->","yoast_head_json":{"title":"Objectives | Enacting","robots":{"index":"index","follow":"follow","max-snippet":"max-snippet:-1","max-image-preview":"max-image-preview:large","max-video-preview":"max-video-preview:-1"},"canonical":"https:\/\/enacting-project.eu\/it\/objectives\/","og_locale":"it_IT","og_type":"article","og_title":"Objectives | Enacting","og_url":"https:\/\/enacting-project.eu\/it\/objectives\/","og_site_name":"Enacting","article_modified_time":"2023-05-05T06:26:53+00:00","twitter_card":"summary_large_image","twitter_misc":{"Tempo di lettura stimato":"9 minuti"},"schema":{"@context":"https:\/\/schema.org","@graph":[{"@type":"WebPage","@id":"https:\/\/enacting-project.eu\/objectives\/","url":"https:\/\/enacting-project.eu\/objectives\/","name":"Objectives | Enacting","isPartOf":{"@id":"https:\/\/enacting-project.eu\/#website"},"datePublished":"2021-07-21T05:24:00+00:00","dateModified":"2023-05-05T06:26:53+00:00","breadcrumb":{"@id":"https:\/\/enacting-project.eu\/objectives\/#breadcrumb"},"inLanguage":"it-IT","potentialAction":[{"@type":"ReadAction","target":["https:\/\/enacting-project.eu\/objectives\/"]}]},{"@type":"BreadcrumbList","@id":"https:\/\/enacting-project.eu\/objectives\/#breadcrumb","itemListElement":[{"@type":"ListItem","position":1,"name":"Home","item":"https:\/\/enacting-project.eu\/"},{"@type":"ListItem","position":2,"name":"Objectives"}]},{"@type":"WebSite","@id":"https:\/\/enacting-project.eu\/#website","url":"https:\/\/enacting-project.eu\/","name":"Enacting","description":"Just another WordPress site","publisher":{"@id":"https:\/\/enacting-project.eu\/#organization"},"potentialAction":[{"@type":"SearchAction","target":{"@type":"EntryPoint","urlTemplate":"https:\/\/enacting-project.eu\/?s={search_term_string}"},"query-input":"required name=search_term_string"}],"inLanguage":"it-IT"},{"@type":"Organization","@id":"https:\/\/enacting-project.eu\/#organization","name":"Enacting","url":"https:\/\/enacting-project.eu\/","logo":{"@type":"ImageObject","inLanguage":"it-IT","@id":"https:\/\/enacting-project.eu\/#\/schema\/logo\/image\/","url":"http:\/\/enacting-project.eu\/wp-content\/uploads\/2021\/07\/logo.png","contentUrl":"http:\/\/enacting-project.eu\/wp-content\/uploads\/2021\/07\/logo.png","width":156,"height":100,"caption":"Enacting"},"image":{"@id":"https:\/\/enacting-project.eu\/#\/schema\/logo\/image\/"}}]}},"_links":{"self":[{"href":"https:\/\/enacting-project.eu\/it\/wp-json\/wp\/v2\/pages\/69"}],"collection":[{"href":"https:\/\/enacting-project.eu\/it\/wp-json\/wp\/v2\/pages"}],"about":[{"href":"https:\/\/enacting-project.eu\/it\/wp-json\/wp\/v2\/types\/page"}],"author":[{"embeddable":true,"href":"https:\/\/enacting-project.eu\/it\/wp-json\/wp\/v2\/users\/1"}],"replies":[{"embeddable":true,"href":"https:\/\/enacting-project.eu\/it\/wp-json\/wp\/v2\/comments?post=69"}],"version-history":[{"count":0,"href":"https:\/\/enacting-project.eu\/it\/wp-json\/wp\/v2\/pages\/69\/revisions"}],"wp:attachment":[{"href":"https:\/\/enacting-project.eu\/it\/wp-json\/wp\/v2\/media?parent=69"}],"curies":[{"name":"wp","href":"https:\/\/api.w.org\/{rel}","templated":true}]}}