{"id":71,"date":"2021-07-21T06:26:46","date_gmt":"2021-07-21T05:26:46","guid":{"rendered":"http:\/\/enacting-project.eu\/?page_id=71"},"modified":"2023-06-08T12:58:05","modified_gmt":"2023-06-08T11:58:05","slug":"results","status":"publish","type":"page","link":"https:\/\/enacting-project.eu\/it\/results\/","title":{"rendered":"Risultati"},"content":{"rendered":"<div id=\"modal-ready\"><div class=\"vc_row wpb_row vc_row-fluid\"><div class=\"wpb_column vc_column_container vc_col-sm-12\"><div class=\"vc_column-inner\"><div class=\"wpb_wrapper\">\n\t<div class=\"wpb_text_column wpb_content_element\" >\n\t\t<div class=\"wpb_wrapper\">\n\t\t\t<p>Parallelamente al perseguimento degli obiettivi del progetto, sono stati previsti 4 risultati principali (Intellectual Outputs). In particolare, il progetto ENACTING svilupper\u00e0 un innovativo corso on line per la creazione di documentari sociali e un Media Lab quali risposte alle sfide della societ\u00e0 nei contesti locali. Inoltre, il Media Lab partecipativo proporr\u00e0 strumenti innovativi per gestire, disseminare e fruire le creazioni artistiche, e rappresenter\u00e0 uno \u201cspazio\u201d innovativo per l\u2019impegno civile e il confronto.<\/p>\n<p>A conclusione del progetto si intendono dunque ottenere i seguenti risultati principali:<\/p>\n<ol>\n<li class=\" translation-block\"><u>IO1 - Identificazione delle sfide sociali nei contesti urbani locali<\/u> Lo scopo principale di questa fase \u00e8 quello di acquisire una chiara comprensione delle attuali necessit\u00e0 presenti nei contesti urbani locali. L\u2019identificazione delle sfide locali fornir\u00e0 il materiale su cui focalizzare i documentari sociali che verranno realizzati nella fase IO3 - ENACTING Corso online. Al di l\u00e0 di tale identificazione, questa prima fase fornir\u00e0 una metodologia concreta per valutare le sfide locali, che potr\u00e0 essere trasferita e riutilizzata in altri contesti.<\/li>\n<li class=\" translation-block\"><u>IO2 - Corso di formazione per la realizzazione di un documentario sociale.<\/u> Un corso completo comprendente una serie di moduli, risorse e linee guida, letture, video lezioni, attivit\u00e0 didattiche, una biblioteca virtuale, test di valutazione e relativi certificati, a supporto dei discenti adulti di varia provenienza, nonch\u00e9 dello staff docente e organizzativo dei partner, nello sviluppo di competenze atte a produrre documentari sociali combinando la pervasivit\u00e0 dell\u2019apprendimento on line con le possibilit\u00e0 offerte da dispositivi mobili e software open source. Il corso si articoler\u00e0 in 4 moduli e sar\u00e0 disponibile sulla piattaforma di apprendimento virtuale ENACTING Virtual Learning Environment - VLE (IO3).<\/li>\n<li class=\" translation-block\"><u>IO3 - ENACTING Corso online:<\/u> creazione di un luogo di apprendimento virtuale (VLE) e di un corso on line (MOOC) liberamente accessibile, contenente il materiale di formazione e di valutazione sviluppato. Il MOOC contiene inoltre una Community virtuale per offrire uno spazio di confronto fra i partecipanti, i docenti e i tutor.<\/li>\n<li class=\" translation-block\"><u>IO4 - ENACTING Participatory Media Lab:<\/u> un luogo virtuale collettivo che consente sia di dare visibilit\u00e0 alle produzioni realizzate dai partecipanti dei vari paesi, sia di offrire uno spazio di dialogo e di libero scambio di idee.<\/li>\n<\/ol>\n\n\t\t<\/div>\n\t<\/div>\n<\/div><\/div><\/div><\/div>\n<\/div>","protected":false},"excerpt":{"rendered":null,"protected":false},"author":1,"featured_media":0,"parent":0,"menu_order":0,"comment_status":"closed","ping_status":"closed","template":"page-full.php","meta":{"footnotes":""},"yoast_head":"<!-- This site is optimized with the Yoast SEO plugin v22.6 - https:\/\/yoast.com\/wordpress\/plugins\/seo\/ -->\n<title>Results | Enacting<\/title>\n<meta name=\"robots\" content=\"index, follow, max-snippet:-1, max-image-preview:large, max-video-preview:-1\" \/>\n<link rel=\"canonical\" href=\"https:\/\/enacting-project.eu\/it\/results\/\" \/>\n<meta property=\"og:locale\" content=\"it_IT\" \/>\n<meta property=\"og:type\" content=\"article\" \/>\n<meta property=\"og:title\" content=\"Results | Enacting\" \/>\n<meta property=\"og:url\" content=\"https:\/\/enacting-project.eu\/it\/results\/\" \/>\n<meta property=\"og:site_name\" content=\"Enacting\" \/>\n<meta property=\"article:modified_time\" content=\"2023-06-08T11:58:05+00:00\" \/>\n<meta name=\"twitter:card\" content=\"summary_large_image\" \/>\n<meta name=\"twitter:label1\" content=\"Tempo di lettura stimato\" \/>\n\t<meta name=\"twitter:data1\" content=\"2 minuti\" \/>\n<script type=\"application\/ld+json\" class=\"yoast-schema-graph\">{\"@context\":\"https:\/\/schema.org\",\"@graph\":[{\"@type\":\"WebPage\",\"@id\":\"https:\/\/enacting-project.eu\/results\/\",\"url\":\"https:\/\/enacting-project.eu\/results\/\",\"name\":\"Results | Enacting\",\"isPartOf\":{\"@id\":\"https:\/\/enacting-project.eu\/#website\"},\"datePublished\":\"2021-07-21T05:26:46+00:00\",\"dateModified\":\"2023-06-08T11:58:05+00:00\",\"breadcrumb\":{\"@id\":\"https:\/\/enacting-project.eu\/results\/#breadcrumb\"},\"inLanguage\":\"it-IT\",\"potentialAction\":[{\"@type\":\"ReadAction\",\"target\":[\"https:\/\/enacting-project.eu\/results\/\"]}]},{\"@type\":\"BreadcrumbList\",\"@id\":\"https:\/\/enacting-project.eu\/results\/#breadcrumb\",\"itemListElement\":[{\"@type\":\"ListItem\",\"position\":1,\"name\":\"Home\",\"item\":\"https:\/\/enacting-project.eu\/\"},{\"@type\":\"ListItem\",\"position\":2,\"name\":\"Results\"}]},{\"@type\":\"WebSite\",\"@id\":\"https:\/\/enacting-project.eu\/#website\",\"url\":\"https:\/\/enacting-project.eu\/\",\"name\":\"Enacting\",\"description\":\"Just another WordPress site\",\"publisher\":{\"@id\":\"https:\/\/enacting-project.eu\/#organization\"},\"potentialAction\":[{\"@type\":\"SearchAction\",\"target\":{\"@type\":\"EntryPoint\",\"urlTemplate\":\"https:\/\/enacting-project.eu\/?s={search_term_string}\"},\"query-input\":\"required name=search_term_string\"}],\"inLanguage\":\"it-IT\"},{\"@type\":\"Organization\",\"@id\":\"https:\/\/enacting-project.eu\/#organization\",\"name\":\"Enacting\",\"url\":\"https:\/\/enacting-project.eu\/\",\"logo\":{\"@type\":\"ImageObject\",\"inLanguage\":\"it-IT\",\"@id\":\"https:\/\/enacting-project.eu\/#\/schema\/logo\/image\/\",\"url\":\"http:\/\/enacting-project.eu\/wp-content\/uploads\/2021\/07\/logo.png\",\"contentUrl\":\"http:\/\/enacting-project.eu\/wp-content\/uploads\/2021\/07\/logo.png\",\"width\":156,\"height\":100,\"caption\":\"Enacting\"},\"image\":{\"@id\":\"https:\/\/enacting-project.eu\/#\/schema\/logo\/image\/\"}}]}<\/script>\n<!-- \/ Yoast SEO plugin. -->","yoast_head_json":{"title":"Results | Enacting","robots":{"index":"index","follow":"follow","max-snippet":"max-snippet:-1","max-image-preview":"max-image-preview:large","max-video-preview":"max-video-preview:-1"},"canonical":"https:\/\/enacting-project.eu\/it\/results\/","og_locale":"it_IT","og_type":"article","og_title":"Results | Enacting","og_url":"https:\/\/enacting-project.eu\/it\/results\/","og_site_name":"Enacting","article_modified_time":"2023-06-08T11:58:05+00:00","twitter_card":"summary_large_image","twitter_misc":{"Tempo di lettura stimato":"2 minuti"},"schema":{"@context":"https:\/\/schema.org","@graph":[{"@type":"WebPage","@id":"https:\/\/enacting-project.eu\/results\/","url":"https:\/\/enacting-project.eu\/results\/","name":"Results | Enacting","isPartOf":{"@id":"https:\/\/enacting-project.eu\/#website"},"datePublished":"2021-07-21T05:26:46+00:00","dateModified":"2023-06-08T11:58:05+00:00","breadcrumb":{"@id":"https:\/\/enacting-project.eu\/results\/#breadcrumb"},"inLanguage":"it-IT","potentialAction":[{"@type":"ReadAction","target":["https:\/\/enacting-project.eu\/results\/"]}]},{"@type":"BreadcrumbList","@id":"https:\/\/enacting-project.eu\/results\/#breadcrumb","itemListElement":[{"@type":"ListItem","position":1,"name":"Home","item":"https:\/\/enacting-project.eu\/"},{"@type":"ListItem","position":2,"name":"Results"}]},{"@type":"WebSite","@id":"https:\/\/enacting-project.eu\/#website","url":"https:\/\/enacting-project.eu\/","name":"Enacting","description":"Just another WordPress site","publisher":{"@id":"https:\/\/enacting-project.eu\/#organization"},"potentialAction":[{"@type":"SearchAction","target":{"@type":"EntryPoint","urlTemplate":"https:\/\/enacting-project.eu\/?s={search_term_string}"},"query-input":"required name=search_term_string"}],"inLanguage":"it-IT"},{"@type":"Organization","@id":"https:\/\/enacting-project.eu\/#organization","name":"Enacting","url":"https:\/\/enacting-project.eu\/","logo":{"@type":"ImageObject","inLanguage":"it-IT","@id":"https:\/\/enacting-project.eu\/#\/schema\/logo\/image\/","url":"http:\/\/enacting-project.eu\/wp-content\/uploads\/2021\/07\/logo.png","contentUrl":"http:\/\/enacting-project.eu\/wp-content\/uploads\/2021\/07\/logo.png","width":156,"height":100,"caption":"Enacting"},"image":{"@id":"https:\/\/enacting-project.eu\/#\/schema\/logo\/image\/"}}]}},"_links":{"self":[{"href":"https:\/\/enacting-project.eu\/it\/wp-json\/wp\/v2\/pages\/71"}],"collection":[{"href":"https:\/\/enacting-project.eu\/it\/wp-json\/wp\/v2\/pages"}],"about":[{"href":"https:\/\/enacting-project.eu\/it\/wp-json\/wp\/v2\/types\/page"}],"author":[{"embeddable":true,"href":"https:\/\/enacting-project.eu\/it\/wp-json\/wp\/v2\/users\/1"}],"replies":[{"embeddable":true,"href":"https:\/\/enacting-project.eu\/it\/wp-json\/wp\/v2\/comments?post=71"}],"version-history":[{"count":0,"href":"https:\/\/enacting-project.eu\/it\/wp-json\/wp\/v2\/pages\/71\/revisions"}],"wp:attachment":[{"href":"https:\/\/enacting-project.eu\/it\/wp-json\/wp\/v2\/media?parent=71"}],"curies":[{"name":"wp","href":"https:\/\/api.w.org\/{rel}","templated":true}]}}